{"id":11126,"date":"2025-12-18T10:00:02","date_gmt":"2025-12-18T10:00:02","guid":{"rendered":"https:\/\/sabanadelamartours.com\/?post_type=product&#038;p=11126"},"modified":"2026-01-05T16:02:07","modified_gmt":"2026-01-05T16:02:07","slug":"-50","status":"publish","type":"product","link":"https:\/\/sabanadelamartours.com\/fr\/tournee\/-50\/","title":{"rendered":"Exp\u00e9rience de p\u00eache en haute mer de 4 heures au d\u00e9part de Punta Cana"},"content":{"rendered":"<p><strong>Exp\u00e9rience de p\u00eache en haute mer de 4 heures au d\u00e9part de Punta Cana<\/strong><\/p>\n<p>Vivez une aventure de p\u00eache inoubliable \u00e0 Punta Cana gr\u00e2ce \u00e0 notre forfait tout compris ! Commencez votre journ\u00e9e par une prise en charge pratique \u00e0 votre h\u00f4tel, o\u00f9 nos sympathiques guides vous accueilleront.<\/p>\n<p>Rejoignez-nous sur un bateau de p\u00eache enti\u00e8rement \u00e9quip\u00e9, o\u00f9 vous aurez l'occasion d'attraper diff\u00e9rentes esp\u00e8ces, dont le marlin, le thon et la dorade, tout en profitant de la vue imprenable sur la mer des Cara\u00efbes. Pendant que vous ramenez vos prises, d\u00e9tendez-vous et savourez des boissons gratuites tout au long du voyage, y compris des cocktails rafra\u00eechissants et des boissons locales.<\/p>\n<p>Que vous soyez un p\u00eacheur chevronn\u00e9 ou un d\u00e9butant, notre \u00e9quipe d'experts vous assistera et vous garantira une exp\u00e9rience fantastique. R\u00e9servez votre voyage de p\u00eache d\u00e8s aujourd'hui et cr\u00e9ez des souvenirs inoubliables dans les eaux magnifiques de Punta Cana !<\/p>\n<p>Punta Cana a beaucoup \u00e0 offrir en mati\u00e8re de vie marine et de conservation, et c'est pourquoi nous avons \u00e9galement les meilleurs endroits pour p\u00eacher dans la r\u00e9gion de Punta Cana.<\/p>\n<p>Punta Cana est l'une des destinations touristiques les plus populaires des Cara\u00efbes et regorge de diff\u00e9rentes esp\u00e8ces de poissons que vous pouvez p\u00eacher avec nous.<\/p>\n<ul>\n<li>Larguez les amarres avec du mat\u00e9riel de p\u00eache de haute qualit\u00e9 et faites la prise de votre vie<\/li>\n<li>Se rafra\u00eechir tout au long du trajet gr\u00e2ce \u00e0 la bi\u00e8re, au soda et \u00e0 l'eau offerts.<\/li>\n<li>Essayez d'attraper des esp\u00e8ces marines locales comme le marlin, le voilier, le thon et le mahi-mahi.<\/li>\n<li>Admirez la vue imprenable sur les eaux cristallines de Punta Cana.<\/li>\n<\/ul>","protected":false},"excerpt":{"rendered":"<div data-track=\"overview\" data-v-83a2b402=\"\">\n<section id=\"activity-overview\" class=\"activity-overview\" data-component=\"overview\" data-v-83a2b402=\"\" data-v-f3236c42=\"\">\n<p class=\"activity-overview__content\" data-test-id=\"activity-overview-content\" data-v-f3236c42=\"\">SI VOUS \u00caTES PASSIONN\u00c9 PAR LA P\u00caCHE EN HAUTE MER, C'EST L'OCCASION D'ATTRAPER LES PLUS BEAUX SP\u00c9CIMENS COMME TROPH\u00c9E, DU BARRACUDA AU MAHI MAHI EN PASSANT PAR LE MARLIN, NOTRE \u00c9QUIPE VOUS AIDERA TOUT AU LONG DU PARCOURS.<\/p>\n<\/section>\n<\/div>\n<div data-track=\"key-details\" data-v-83a2b402=\"\"><\/div>","protected":false},"featured_media":11007,"template":"","meta":[],"product_brand":[],"product_cat":[97],"product_tag":[101,102],"class_list":{"0":"post-11126","1":"product","2":"type-product","3":"status-publish","4":"has-post-thumbnail","6":"product_cat-dominican-republic","7":"product_tag-excursion","8":"product_tag-tour","10":"first","11":"instock","12":"sale","13":"shipping-taxable","14":"product-type-external"},"_links":{"self":[{"href":"https:\/\/sabanadelamartours.com\/fr\/wp-json\/wp\/v2\/product\/11126","targetHints":{"allow":["GET"]}}],"collection":[{"href":"https:\/\/sabanadelamartours.com\/fr\/wp-json\/wp\/v2\/product"}],"about":[{"href":"https:\/\/sabanadelamartours.com\/fr\/wp-json\/wp\/v2\/types\/product"}],"version-history":[{"count":1,"href":"https:\/\/sabanadelamartours.com\/fr\/wp-json\/wp\/v2\/product\/11126\/revisions"}],"predecessor-version":[{"id":18449,"href":"https:\/\/sabanadelamartours.com\/fr\/wp-json\/wp\/v2\/product\/11126\/revisions\/18449"}],"wp:featuredmedia":[{"embeddable":true,"href":"https:\/\/sabanadelamartours.com\/fr\/wp-json\/wp\/v2\/media\/11007"}],"wp:attachment":[{"href":"https:\/\/sabanadelamartours.com\/fr\/wp-json\/wp\/v2\/media?parent=11126"}],"wp:term":[{"taxonomy":"product_brand","embeddable":true,"href":"https:\/\/sabanadelamartours.com\/fr\/wp-json\/wp\/v2\/product_brand?post=11126"},{"taxonomy":"product_cat","embeddable":true,"href":"https:\/\/sabanadelamartours.com\/fr\/wp-json\/wp\/v2\/product_cat?post=11126"},{"taxonomy":"product_tag","embeddable":true,"href":"https:\/\/sabanadelamartours.com\/fr\/wp-json\/wp\/v2\/product_tag?post=11126"}],"curies":[{"name":"wp","href":"https:\/\/api.w.org\/{rel}","templated":true}]}}