{"id":11146,"date":"2025-12-18T10:01:08","date_gmt":"2025-12-18T10:01:08","guid":{"rendered":"https:\/\/sabanadelamartours.com\/?post_type=product&#038;p=11146"},"modified":"2026-01-05T16:48:16","modified_gmt":"2026-01-05T16:48:16","slug":"visite-privee-de-la-ville-de-puerto-plata","status":"publish","type":"product","link":"https:\/\/sabanadelamartours.com\/fr\/tournee\/visite-privee-de-la-ville-de-puerto-plata\/","title":{"rendered":"Demi-journ\u00e9e de visite priv\u00e9e de Puerto Plata"},"content":{"rendered":"<h4 class=\"product_title entry-title\">Demi-journ\u00e9e de visite priv\u00e9e de Puerto Plata<\/h4>\n<p>1. Maison du rhum Macorix, cet arr\u00eat dure environ 30 minutes. Nous verrons comment est fabriqu\u00e9 le rhum, l'un des principaux produits d'exportation de la R\u00e9publique dominicaine. Les visiteurs peuvent voir de leurs propres yeux comment les diff\u00e9rentes sortes de rhum sont fabriqu\u00e9es et mises en bouteille.<\/p>\n<p>2. Parque Central Independencia, Cet arr\u00eat dure environ 30 minutes. Nous visiterons le c\u00e9l\u00e8bre parc central et l'ancienne cath\u00e9drale de San Felipe construite avant 1863. Le parc central de Puerto Plata est devenu un endroit parfait pour s'immerger dans la culture et les coutumes dominicaines, car le parc est l'un des endroits les plus anim\u00e9s et les plus amusants de la ville.<\/p>\n<p>3. Del Oro Chocolate Factory, cet arr\u00eat dure environ 30 minutes. Nous verrons comment le chocolat est fabriqu\u00e9 \u00e0 partir du cacaotier jusqu'au produit final, un d\u00e9licieux chocolat sucr\u00e9. Les visiteurs peuvent \u00e9galement go\u00fbter les diff\u00e9rentes formes de chocolat, les fruits, les graines s\u00e9ch\u00e9es, le beurre et enfin les diff\u00e9rentes sortes de chocolat.<\/p>\n<p>4. Fortaleza San Felipe, cet arr\u00eat dure environ 30 minutes Construit en 1577, ce vieux fort \u00e9tait l'endroit o\u00f9 les premiers colonisateurs de la R\u00e9publique dominicaine ont emprisonn\u00e9 de nombreux combattants pour l'ind\u00e9pendance de la R\u00e9publique dominicaine.<\/p>\n<p>5. Mont Isabel de Torres, Cette \u00e9tape dure environ 1 heure 30 minutes. Vous monterez en t\u00e9l\u00e9ph\u00e9rique sur le 20e plus haut sommet de la R\u00e9publique dominicaine. Vous verrez la magnifique c\u00f4te argent\u00e9e de Puerto Plata et, au sommet de la montagne, vous pourrez d\u00e9couvrir des jardins botaniques, des paysages pittoresques et la c\u00e9l\u00e8bre statue de J\u00e9sus aux bras grands ouverts.<\/p>\n<p>6. Paseo de Dona Blanca, cet arr\u00eat dure environ 20 minutes Le Paseo Dona Blanca \u00e0 Puerto Plata est une all\u00e9e unique cr\u00e9\u00e9e pour comm\u00e9morer l'arriv\u00e9e de Mme Bianca Franceschini, pionni\u00e8re du d\u00e9veloppement de l'industrie touristique \u00e0 Puerto Plata \u00e0 la fin du 18e si\u00e8cle. Cette all\u00e9e de style victorien est enti\u00e8rement peinte en rose, y compris les murs, le sol, les \u00e9l\u00e9ments d\u00e9coratifs, les bancs et les fleurs ; une toile de fond id\u00e9ale pour la photographie qui attire aujourd'hui les mariages, les anniversaires et d'autres s\u00e9ances photo.<\/p>\n<p>7. Umbrella Street, Cet arr\u00eat dure environ 20 minutes Paseo Dona Blanca \u00e0 Puerto Plata est une all\u00e9e unique cr\u00e9\u00e9e pour comm\u00e9morer l'arriv\u00e9e de Mme Bianca Franceschini, une pionni\u00e8re du d\u00e9veloppement de l'industrie touristique \u00e0 Puerto Plata \u00e0 la fin du 18\u00e8me si\u00e8cle. Cette all\u00e9e de style victorien est enti\u00e8rement peinte en rose, y compris les murs, le sol, les \u00e9l\u00e9ments d\u00e9coratifs, les bancs et les fleurs ; une toile de fond id\u00e9ale pour la photographie qui attire aujourd'hui les mariages, les anniversaires et d'autres s\u00e9ances photo.<\/p>\n<p>8. Mus\u00e9e de l'ambre dominicain, Cet arr\u00eat dure environ 20 minutes Le mus\u00e9e de l'ambre dominicain est situ\u00e9 au centre de la ville de Puerto Plata, dans une maison de style victorien, o\u00f9 sont expos\u00e9es sur plusieurs \u00e9tages certaines des pierres les plus impressionnantes de l'ambre dominicain, y compris des \u00e9chantillons contenant des fossiles d'animaux.<\/p>","protected":false},"excerpt":{"rendered":"<div data-track=\"overview\" data-v-83a2b402=\"\">\n<section id=\"activity-overview\" class=\"activity-overview\" data-component=\"overview\" data-v-83a2b402=\"\" data-v-f3236c42=\"\">\n<p class=\"activity-overview__content\" data-test-id=\"activity-overview-content\" data-v-f3236c42=\"\">D\u00e9couvrez la culture vibrante et la riche histoire de Puerto Plata gr\u00e2ce \u00e0 un tour de ville priv\u00e9 qui offre une exploration exclusive et personnalis\u00e9e de cette destination captivante.<\/p>\n<\/section>\n<\/div>\n<div data-track=\"key-details\" data-v-83a2b402=\"\"><\/div>","protected":false},"featured_media":11393,"template":"","meta":[],"product_brand":[],"product_cat":[97],"product_tag":[101,102],"class_list":{"0":"post-11146","1":"product","2":"type-product","3":"status-publish","4":"has-post-thumbnail","6":"product_cat-dominican-republic","7":"product_tag-excursion","8":"product_tag-tour","10":"first","11":"instock","12":"sale","13":"shipping-taxable","14":"product-type-external"},"_links":{"self":[{"href":"https:\/\/sabanadelamartours.com\/fr\/wp-json\/wp\/v2\/product\/11146","targetHints":{"allow":["GET"]}}],"collection":[{"href":"https:\/\/sabanadelamartours.com\/fr\/wp-json\/wp\/v2\/product"}],"about":[{"href":"https:\/\/sabanadelamartours.com\/fr\/wp-json\/wp\/v2\/types\/product"}],"version-history":[{"count":1,"href":"https:\/\/sabanadelamartours.com\/fr\/wp-json\/wp\/v2\/product\/11146\/revisions"}],"predecessor-version":[{"id":18469,"href":"https:\/\/sabanadelamartours.com\/fr\/wp-json\/wp\/v2\/product\/11146\/revisions\/18469"}],"wp:featuredmedia":[{"embeddable":true,"href":"https:\/\/sabanadelamartours.com\/fr\/wp-json\/wp\/v2\/media\/11393"}],"wp:attachment":[{"href":"https:\/\/sabanadelamartours.com\/fr\/wp-json\/wp\/v2\/media?parent=11146"}],"wp:term":[{"taxonomy":"product_brand","embeddable":true,"href":"https:\/\/sabanadelamartours.com\/fr\/wp-json\/wp\/v2\/product_brand?post=11146"},{"taxonomy":"product_cat","embeddable":true,"href":"https:\/\/sabanadelamartours.com\/fr\/wp-json\/wp\/v2\/product_cat?post=11146"},{"taxonomy":"product_tag","embeddable":true,"href":"https:\/\/sabanadelamartours.com\/fr\/wp-json\/wp\/v2\/product_tag?post=11146"}],"curies":[{"name":"wp","href":"https:\/\/api.w.org\/{rel}","templated":true}]}}