{"id":11203,"date":"2025-12-18T10:03:55","date_gmt":"2025-12-18T10:03:55","guid":{"rendered":"https:\/\/sabanadelamartours.com\/?post_type=product&#038;p=11203"},"modified":"2026-02-09T05:15:44","modified_gmt":"2026-02-09T05:15:44","slug":"transfert-vip-entre-laeroport-de-punta-cana-et-les-hotels-de-bayahibe","status":"publish","type":"product","link":"https:\/\/sabanadelamartours.com\/fr\/tournee\/transfert-vip-entre-laeroport-de-punta-cana-et-les-hotels-de-bayahibe\/","title":{"rendered":"Transfert VIP entre l'a\u00e9roport de Punta Cana et les h\u00f4tels de Bayahibe"},"content":{"rendered":"<p>Transfert VIP entre l'a\u00e9roport de Punta Cana et les h\u00f4tels de Bayahibe<\/p>\n<p>R\u00e9servez le transfert de votre choix sans complications, nous nous chargerons de vous accompagner durant votre circuit en R\u00e9publique Dominicaine, vous n'avez pas \u00e0 vous inqui\u00e9ter, nous sommes des experts en transferts et cela vous permet de recevoir le service que vous m\u00e9ritez de la main d'un professionnel, nous rendons vos voyages plus s\u00fbrs et plus relaxants, il suffit de r\u00e9server \u00e0 l'avance pour que votre service soit programm\u00e9 et que votre chauffeur soit pr\u00eat \u00e0 venir vous chercher \u00e0 l'a\u00e9roport de votre choix en R\u00e9publique Dominicaine, au Diamond nous sommes pr\u00eats pour votre arriv\u00e9e.<\/p>\n<p>A propos de Bayahibe :<\/p>\n<p>Bayah\u00edbe est une ville pittoresque de la R\u00e9publique dominicaine, dot\u00e9e d'une histoire riche et d'une sc\u00e8ne touristique dynamique. Situ\u00e9e \u00e0 environ 10 miles \u00e0 l'est de La Romana, sur la c\u00f4te de la mer des Cara\u00efbes, Bayah\u00edbe a \u00e9t\u00e9 fond\u00e9e en 1874 en tant que village de p\u00eacheurs par Juan Brito et sa famille, originaires de Porto Rico. Aujourd'hui, c'est une destination recherch\u00e9e par les voyageurs qui souhaitent d\u00e9couvrir sa beaut\u00e9 naturelle et son charme historique.<\/p>\n<p>A propos de Punta Cana :<\/p>\n<p>Punta Cana est une station baln\u00e9aire situ\u00e9e dans la r\u00e9gion la plus orientale de la R\u00e9publique dominicaine. Elle a \u00e9t\u00e9 incorpor\u00e9e politiquement en tant que \u201ccommune de Ver\u00f3n-Punta Cana\u201d en 2006 et d\u00e9pend de la municipalit\u00e9 de Hig\u00fcey (province de La Altagracia). Selon le recensement de 2022, ce canton ou district avait une population de 138 919 habitants.<\/p>\n<p>&nbsp;<\/p>\n<p>&nbsp;<\/p>","protected":false},"excerpt":{"rendered":"<div data-track=\"overview\" data-v-83a2b402=\"\">\n<section id=\"activity-overview\" class=\"activity-overview\" data-component=\"overview\" data-v-83a2b402=\"\" data-v-f3236c42=\"\">\n<p class=\"activity-overview__content\" data-test-id=\"activity-overview-content\" data-v-f3236c42=\"\">Pr\u00eat, r\u00e9servez votre transfert \u00e0 l'avance, chez diamond transportation nous nous chargeons de vous offrir un service \u00e9conomique et confortable.<\/p>\n<\/section>\n<\/div>\n<div data-track=\"key-details\" data-v-83a2b402=\"\"><\/div>","protected":false},"featured_media":11459,"template":"","meta":[],"product_brand":[],"product_cat":[97],"product_tag":[101,102],"class_list":{"0":"post-11203","1":"product","2":"type-product","3":"status-publish","4":"has-post-thumbnail","6":"product_cat-dominican-republic","7":"product_tag-excursion","8":"product_tag-tour","10":"first","11":"instock","12":"sale","13":"shipping-taxable","14":"product-type-external"},"_links":{"self":[{"href":"https:\/\/sabanadelamartours.com\/fr\/wp-json\/wp\/v2\/product\/11203","targetHints":{"allow":["GET"]}}],"collection":[{"href":"https:\/\/sabanadelamartours.com\/fr\/wp-json\/wp\/v2\/product"}],"about":[{"href":"https:\/\/sabanadelamartours.com\/fr\/wp-json\/wp\/v2\/types\/product"}],"version-history":[{"count":1,"href":"https:\/\/sabanadelamartours.com\/fr\/wp-json\/wp\/v2\/product\/11203\/revisions"}],"predecessor-version":[{"id":18471,"href":"https:\/\/sabanadelamartours.com\/fr\/wp-json\/wp\/v2\/product\/11203\/revisions\/18471"}],"wp:featuredmedia":[{"embeddable":true,"href":"https:\/\/sabanadelamartours.com\/fr\/wp-json\/wp\/v2\/media\/11459"}],"wp:attachment":[{"href":"https:\/\/sabanadelamartours.com\/fr\/wp-json\/wp\/v2\/media?parent=11203"}],"wp:term":[{"taxonomy":"product_brand","embeddable":true,"href":"https:\/\/sabanadelamartours.com\/fr\/wp-json\/wp\/v2\/product_brand?post=11203"},{"taxonomy":"product_cat","embeddable":true,"href":"https:\/\/sabanadelamartours.com\/fr\/wp-json\/wp\/v2\/product_cat?post=11203"},{"taxonomy":"product_tag","embeddable":true,"href":"https:\/\/sabanadelamartours.com\/fr\/wp-json\/wp\/v2\/product_tag?post=11203"}],"curies":[{"name":"wp","href":"https:\/\/api.w.org\/{rel}","templated":true}]}}