{"id":11264,"date":"2025-12-18T10:06:06","date_gmt":"2025-12-18T10:06:06","guid":{"rendered":"https:\/\/sabanadelamartours.com\/?post_type=product&#038;p=11264"},"modified":"2026-01-05T17:07:17","modified_gmt":"2026-01-05T17:07:17","slug":"excursion-en-bateau-buffet-dejeuner-boissons","status":"publish","type":"product","link":"https:\/\/sabanadelamartours.com\/fr\/tournee\/excursion-en-bateau-buffet-dejeuner-boissons\/","title":{"rendered":"\u00cele de Saona : Excursion en bateau d'une journ\u00e9e avec d\u00e9jeuner buffet et boissons"},"content":{"rendered":"<div class=\"woocommerce-product-details__short-description\">\n<div data-track=\"overview\" data-v-83a2b402=\"\">\n<section id=\"activity-overview\" class=\"activity-overview\" data-component=\"overview\" data-v-83a2b402=\"\" data-v-f3236c42=\"\">\n<p data-test-id=\"activity-overview-content\" data-v-f3236c42=\"\">\u00cele de Saona : Excursion en bateau d'une journ\u00e9e avec d\u00e9jeuner buffet et boissons<\/p>\n<p class=\"activity-overview__content\" data-test-id=\"activity-overview-content\" data-v-f3236c42=\"\">D\u00e9couvrez les magnifiques c\u00f4tes de la mer des Cara\u00efbes lors de cette excursion en bateau d'une journ\u00e9e. Profitez des plages luxuriantes de l'\u00eele de Saona. B\u00e9n\u00e9ficiez d'un programme tout compris incluant un d\u00e9jeuner buffet, des boissons locales et une vari\u00e9t\u00e9 d'activit\u00e9s.<\/p>\n<\/section>\n<\/div>\n<\/div>\n<p>Montez \u00e0 bord et sentez la brise en traversant la mer des Cara\u00efbes en hors-bord lors de cette excursion d'une journ\u00e9e sur une \u00eele. Rendez-vous sur la magnifique \u00eele de Saona et baignez-vous dans une piscine naturelle et un banc de sable au milieu de la mer. Commencez votre excursion par le parc national de Cotubanam\u00e1. Rendez-vous \u00e0 Palmilla, une piscine naturelle, et d\u00e9gustez des boissons tout en vous \u00e9battant dans les eaux turquoise. Interagissez avec les \u00e9toiles de mer et d'autres esp\u00e8ces marines.<\/p>\n<p>Ensuite, direction le club de plage de l'\u00eele pour trois heures de temps libre : farniente sur la plage, baignade ou volley-ball de plage. Profitez d'un d\u00e9jeuner buffet avant de poursuivre par une croisi\u00e8re en catamaran sur les eaux calmes.<\/p>\n<p>Explorez les superbes plages de l'\u00eele de Saona lors d'une excursion en bateau tout compris, avec un d\u00e9jeuner buffet et des boissons locales rafra\u00eechissantes.<\/p>","protected":false},"excerpt":{"rendered":"<div data-track=\"overview\" data-v-83a2b402=\"\">\n<section id=\"activity-overview\" class=\"activity-overview\" data-component=\"overview\" data-v-83a2b402=\"\" data-v-f3236c42=\"\">\n<p class=\"activity-overview__content\" data-test-id=\"activity-overview-content\" data-v-f3236c42=\"\">D\u00e9couvrez les magnifiques c\u00f4tes de la mer des Cara\u00efbes lors de cette excursion en bateau d'une journ\u00e9e. Profitez des plages luxuriantes de l'\u00eele de Saona. B\u00e9n\u00e9ficiez d'un programme tout compris incluant un d\u00e9jeuner buffet, des boissons locales et une vari\u00e9t\u00e9 d'activit\u00e9s.<\/p>\n<\/section>\n<\/div>\n<div data-track=\"key-details\" data-v-83a2b402=\"\"><\/div>","protected":false},"featured_media":11560,"template":"","meta":[],"product_brand":[],"product_cat":[97],"product_tag":[101,102],"class_list":{"0":"post-11264","1":"product","2":"type-product","3":"status-publish","4":"has-post-thumbnail","6":"product_cat-dominican-republic","7":"product_tag-excursion","8":"product_tag-tour","10":"first","11":"instock","12":"sale","13":"shipping-taxable","14":"product-type-external"},"_links":{"self":[{"href":"https:\/\/sabanadelamartours.com\/fr\/wp-json\/wp\/v2\/product\/11264","targetHints":{"allow":["GET"]}}],"collection":[{"href":"https:\/\/sabanadelamartours.com\/fr\/wp-json\/wp\/v2\/product"}],"about":[{"href":"https:\/\/sabanadelamartours.com\/fr\/wp-json\/wp\/v2\/types\/product"}],"version-history":[{"count":2,"href":"https:\/\/sabanadelamartours.com\/fr\/wp-json\/wp\/v2\/product\/11264\/revisions"}],"predecessor-version":[{"id":18481,"href":"https:\/\/sabanadelamartours.com\/fr\/wp-json\/wp\/v2\/product\/11264\/revisions\/18481"}],"wp:featuredmedia":[{"embeddable":true,"href":"https:\/\/sabanadelamartours.com\/fr\/wp-json\/wp\/v2\/media\/11560"}],"wp:attachment":[{"href":"https:\/\/sabanadelamartours.com\/fr\/wp-json\/wp\/v2\/media?parent=11264"}],"wp:term":[{"taxonomy":"product_brand","embeddable":true,"href":"https:\/\/sabanadelamartours.com\/fr\/wp-json\/wp\/v2\/product_brand?post=11264"},{"taxonomy":"product_cat","embeddable":true,"href":"https:\/\/sabanadelamartours.com\/fr\/wp-json\/wp\/v2\/product_cat?post=11264"},{"taxonomy":"product_tag","embeddable":true,"href":"https:\/\/sabanadelamartours.com\/fr\/wp-json\/wp\/v2\/product_tag?post=11264"}],"curies":[{"name":"wp","href":"https:\/\/api.w.org\/{rel}","templated":true}]}}