{"id":11309,"date":"2025-12-18T10:07:43","date_gmt":"2025-12-18T10:07:43","guid":{"rendered":"https:\/\/sabanadelamartours.com\/?post_type=product&#038;p=11309"},"modified":"2026-02-09T05:23:45","modified_gmt":"2026-02-09T05:23:45","slug":"-55","status":"publish","type":"product","link":"https:\/\/sabanadelamartours.com\/fr\/tournee\/-55\/","title":{"rendered":"Odyss\u00e9e de Saint-Domingue au d\u00e9part de Punta Cana\/Bavaro"},"content":{"rendered":"<p>Explorez l'histoire et la culture fascinantes de Saint-Domingue gr\u00e2ce \u00e0 cette visite guid\u00e9e qui vous fera d\u00e9couvrir les principaux sites historiques de la capitale dominicaine. Commencez par visiter les impressionnants lacs souterrains de Los Tres Ojos, o\u00f9 vous pourrez admirer la beaut\u00e9 naturelle de la r\u00e9gion. Ensuite, plongez dans le riche patrimoine de la zone coloniale, la premi\u00e8re ville du Nouveau Monde.<\/p>\n<p>D\u00e9couvrez l'Alcazar de Colon, l'ancienne r\u00e9sidence du fils de Christophe Colomb, et promenez-vous dans le majestueux palais pr\u00e9sidentiel. Visitez l'embl\u00e9matique Columbus Park, un espace plein de vie et de culture, et terminez votre visite par l'impressionnante Catedral Primada de Am\u00e9rica, la premi\u00e8re cath\u00e9drale construite dans les Am\u00e9riques.<\/p>\n<p>Avec un guide expert qui vous fournira des informations d\u00e9taill\u00e9es sur chaque lieu, ce circuit est parfait pour ceux qui veulent d\u00e9couvrir l'histoire et la culture de la R\u00e9publique dominicaine.<\/p>","protected":false},"excerpt":{"rendered":"<div data-track=\"overview\" data-v-83a2b402=\"\">\n<section id=\"activity-overview\" class=\"activity-overview\" data-component=\"overview\" data-v-83a2b402=\"\" data-v-f3236c42=\"\">\n<p class=\"activity-overview__content\" data-test-id=\"activity-overview-content\" data-v-f3236c42=\"\">Explorez Los Tres Ojos, visitez la zone coloniale, l'Alcazar de Colon, le palais pr\u00e9sidentiel, le parc de Colon et la cath\u00e9drale Primada de America au cours d'une visite guid\u00e9e unique.<\/p>\n<\/section>\n<\/div>\n<div data-track=\"key-details\" data-v-83a2b402=\"\"><\/div>","protected":false},"featured_media":11620,"template":"","meta":[],"product_brand":[],"product_cat":[97],"product_tag":[101,102],"class_list":{"0":"post-11309","1":"product","2":"type-product","3":"status-publish","4":"has-post-thumbnail","6":"product_cat-dominican-republic","7":"product_tag-excursion","8":"product_tag-tour","10":"first","11":"instock","12":"shipping-taxable","13":"product-type-external"},"_links":{"self":[{"href":"https:\/\/sabanadelamartours.com\/fr\/wp-json\/wp\/v2\/product\/11309","targetHints":{"allow":["GET"]}}],"collection":[{"href":"https:\/\/sabanadelamartours.com\/fr\/wp-json\/wp\/v2\/product"}],"about":[{"href":"https:\/\/sabanadelamartours.com\/fr\/wp-json\/wp\/v2\/types\/product"}],"version-history":[{"count":1,"href":"https:\/\/sabanadelamartours.com\/fr\/wp-json\/wp\/v2\/product\/11309\/revisions"}],"predecessor-version":[{"id":18860,"href":"https:\/\/sabanadelamartours.com\/fr\/wp-json\/wp\/v2\/product\/11309\/revisions\/18860"}],"wp:featuredmedia":[{"embeddable":true,"href":"https:\/\/sabanadelamartours.com\/fr\/wp-json\/wp\/v2\/media\/11620"}],"wp:attachment":[{"href":"https:\/\/sabanadelamartours.com\/fr\/wp-json\/wp\/v2\/media?parent=11309"}],"wp:term":[{"taxonomy":"product_brand","embeddable":true,"href":"https:\/\/sabanadelamartours.com\/fr\/wp-json\/wp\/v2\/product_brand?post=11309"},{"taxonomy":"product_cat","embeddable":true,"href":"https:\/\/sabanadelamartours.com\/fr\/wp-json\/wp\/v2\/product_cat?post=11309"},{"taxonomy":"product_tag","embeddable":true,"href":"https:\/\/sabanadelamartours.com\/fr\/wp-json\/wp\/v2\/product_tag?post=11309"}],"curies":[{"name":"wp","href":"https:\/\/api.w.org\/{rel}","templated":true}]}}