{"id":11326,"date":"2025-12-18T10:08:17","date_gmt":"2025-12-18T10:08:17","guid":{"rendered":"https:\/\/sabanadelamartours.com\/?post_type=product&#038;p=11326"},"modified":"2026-02-09T05:24:20","modified_gmt":"2026-02-09T05:24:20","slug":"-57","status":"publish","type":"product","link":"https:\/\/sabanadelamartours.com\/fr\/tournee\/-57\/","title":{"rendered":"Punta Cana : Excursion \u00e0 Saman\u00e1 avec promenade \u00e0 cheval, croisi\u00e8re et d\u00e9jeuner"},"content":{"rendered":"<p>Explorez la p\u00e9ninsule de Saman\u00e1 lors d'une excursion d'une journ\u00e9e au d\u00e9part de Punta Cana. Visitez la superbe chute d'eau El L\u00edmon, d\u00e9gustez un d\u00e9jeuner dominicain typique et profitez d'une croisi\u00e8re en catamaran jusqu'au superbe Cay\u00f3 Levanto.<\/p>\n<p>D\u00e9part de Punta Cana, Bayahibe ou Bavaro et travers\u00e9e de la r\u00e9gion des Miches, en passant par des villes pittoresques. Une fois dans la ville de La Ca\u00f1ita, prenez le bateau pour la p\u00e9ninsule de Saman\u00e1.<\/p>\n<p>Une fois sur place, montez \u00e0 bord d'un camion de safari qui vous emm\u00e8ne au c\u0153ur de la jungle montagneuse pour une promenade \u00e0 cheval jusqu'\u00e0 la cascade d'El L\u00edmon. Profitez d'une baignade rafra\u00eechissante dans ses cascades, entour\u00e9es d'une jungle luxuriante.<\/p>\n<p>Retournez au quai pour d\u00e9guster un d\u00e9licieux d\u00e9jeuner de cuisine dominicaine traditionnelle.<\/p>\n<p>Poursuivez l'aventure avec une croisi\u00e8re en catamaran jusqu'\u00e0 Cay\u00f3 Levanto. Profitez de 90 minutes pour vous d\u00e9tendre sur ses plages de sable blanc et ses eaux turquoise scintillantes. Ensuite, retournez \u00e0 La Ca\u00f1ita pour prendre le bus qui vous ram\u00e8nera \u00e0 votre lieu d'h\u00e9bergement.<\/p>","protected":false},"excerpt":{"rendered":"<div data-track=\"overview\" data-v-83a2b402=\"\">\n<section id=\"activity-overview\" class=\"activity-overview\" data-component=\"overview\" data-v-83a2b402=\"\" data-v-f3236c42=\"\">\n<p class=\"activity-overview__content\" data-test-id=\"activity-overview-content\" data-v-f3236c42=\"\">Observez les baleines lors d'une croisi\u00e8re en catamaran \u00e0 Cay\u00f3 Levanto, montez \u00e0 cheval jusqu'\u00e0 la cascade El L\u00edmon et d\u00e9couvrez la beaut\u00e9 de la p\u00e9ninsule de Saman\u00e1 en r\u00e9servant cette excursion d'une journ\u00e9e au d\u00e9part de Punta Cana. R\u00e9servez maintenant et payez le reste plus tard.<\/p>\n<\/section>\n<\/div>\n<div data-track=\"key-details\" data-v-83a2b402=\"\"><\/div>","protected":false},"featured_media":11642,"template":"","meta":[],"product_brand":[],"product_cat":[97],"product_tag":[101,102],"class_list":{"0":"post-11326","1":"product","2":"type-product","3":"status-publish","4":"has-post-thumbnail","6":"product_cat-dominican-republic","7":"product_tag-excursion","8":"product_tag-tour","10":"first","11":"instock","12":"shipping-taxable","13":"product-type-external"},"_links":{"self":[{"href":"https:\/\/sabanadelamartours.com\/fr\/wp-json\/wp\/v2\/product\/11326","targetHints":{"allow":["GET"]}}],"collection":[{"href":"https:\/\/sabanadelamartours.com\/fr\/wp-json\/wp\/v2\/product"}],"about":[{"href":"https:\/\/sabanadelamartours.com\/fr\/wp-json\/wp\/v2\/types\/product"}],"version-history":[{"count":1,"href":"https:\/\/sabanadelamartours.com\/fr\/wp-json\/wp\/v2\/product\/11326\/revisions"}],"predecessor-version":[{"id":18486,"href":"https:\/\/sabanadelamartours.com\/fr\/wp-json\/wp\/v2\/product\/11326\/revisions\/18486"}],"wp:featuredmedia":[{"embeddable":true,"href":"https:\/\/sabanadelamartours.com\/fr\/wp-json\/wp\/v2\/media\/11642"}],"wp:attachment":[{"href":"https:\/\/sabanadelamartours.com\/fr\/wp-json\/wp\/v2\/media?parent=11326"}],"wp:term":[{"taxonomy":"product_brand","embeddable":true,"href":"https:\/\/sabanadelamartours.com\/fr\/wp-json\/wp\/v2\/product_brand?post=11326"},{"taxonomy":"product_cat","embeddable":true,"href":"https:\/\/sabanadelamartours.com\/fr\/wp-json\/wp\/v2\/product_cat?post=11326"},{"taxonomy":"product_tag","embeddable":true,"href":"https:\/\/sabanadelamartours.com\/fr\/wp-json\/wp\/v2\/product_tag?post=11326"}],"curies":[{"name":"wp","href":"https:\/\/api.w.org\/{rel}","templated":true}]}}