{"id":11401,"date":"2025-12-18T10:11:36","date_gmt":"2025-12-18T10:11:36","guid":{"rendered":"https:\/\/sabanadelamartours.com\/?post_type=product&#038;p=11401"},"modified":"2025-12-18T10:22:16","modified_gmt":"2025-12-18T10:22:16","slug":"-63","status":"publish","type":"product","link":"https:\/\/sabanadelamartours.com\/fr\/tournee\/-63\/","title":{"rendered":""},"content":{"rendered":"<p>D\u00e9couvrez la riche histoire et la culture vibrante de la R\u00e9publique dominicaine gr\u00e2ce \u00e0 notre visite de la ville de Saint-Domingue d'une journ\u00e9e compl\u00e8te, au d\u00e9part de Punta Cana. Cette exp\u00e9rience immersive de 9 \u00e0 10 heures combine la marche et le transport en bus, offrant une exploration compl\u00e8te de la capitale du pays.<\/p>\n<p>Votre voyage commence par une prise en charge pratique depuis les h\u00f4tels et les centres de vill\u00e9giature de Punta Cana, ouvrant la voie \u00e0 une journ\u00e9e d'aventure. Vous visiterez des sites embl\u00e9matiques tels que Los Tres Ojos, un \u00e9tonnant r\u00e9seau de grottes souterraines avec des lagons cristallins, et le Faro a Col\u00f3n, un phare monumental d\u00e9di\u00e9 \u00e0 Christophe Colomb. Explorez la Casa de Col\u00f3n (maison de Christophe Colomb) et promenez-vous dans les parcs historiques Col\u00f3n et Duarte, au c\u0153ur de la Zona Colonial, class\u00e9e au patrimoine mondial de l'UNESCO.<\/p>\n<p>Admirez la splendeur architecturale de l'Alc\u00e1zar de Col\u00f3n et de la Catedral Primada de Am\u00e9rica, la plus ancienne cath\u00e9drale du Nouveau Monde. Un d\u00e9licieux d\u00e9jeuner au restaurant Mugado, dans la Zona Colonial, vous permettra de savourer les saveurs dominicaines traditionnelles. L'excursion comprend \u00e9galement la visite d'une usine de Larimar, o\u00f9 vous pourrez d\u00e9couvrir et acheter cette belle pierre pr\u00e9cieuse bleue rare, unique en R\u00e9publique dominicaine.<\/p>\n<p>Propos\u00e9e en espagnol, en anglais, en fran\u00e7ais et en portugais, cette visite est id\u00e9ale pour les passionn\u00e9s d'histoire, les amoureux de la culture et tous ceux qui souhaitent d\u00e9couvrir l'essence de Saint-Domingue.<\/p>","protected":false},"excerpt":{"rendered":"<div data-track=\"overview\" data-v-83a2b402=\"\">\n<section id=\"activity-overview\" class=\"activity-overview\" data-component=\"overview\" data-v-83a2b402=\"\" data-v-f3236c42=\"\">\n<p class=\"activity-overview__content\" data-test-id=\"activity-overview-content\" data-v-f3236c42=\"\">D\u00e9couvrez la riche histoire et la culture vibrante de Saint-Domingue lors d'une visite de la ville de 9 \u00e0 10 heures au d\u00e9part de Punta Cana, combinant marche et transport en bus pour une exp\u00e9rience compl\u00e8te de la R\u00e9publique dominicaine.<\/p>\n<\/section>\n<\/div>\n<div data-track=\"key-details\" data-v-83a2b402=\"\"><\/div>","protected":false},"featured_media":11702,"template":"","meta":[],"product_brand":[],"product_cat":[97],"product_tag":[101,102],"class_list":{"0":"post-11401","1":"product","2":"type-product","3":"status-publish","4":"has-post-thumbnail","6":"product_cat-dominican-republic","7":"product_tag-excursion","8":"product_tag-tour","10":"first","11":"instock","12":"sale","13":"shipping-taxable","14":"product-type-external"},"_links":{"self":[{"href":"https:\/\/sabanadelamartours.com\/fr\/wp-json\/wp\/v2\/product\/11401","targetHints":{"allow":["GET"]}}],"collection":[{"href":"https:\/\/sabanadelamartours.com\/fr\/wp-json\/wp\/v2\/product"}],"about":[{"href":"https:\/\/sabanadelamartours.com\/fr\/wp-json\/wp\/v2\/types\/product"}],"version-history":[{"count":0,"href":"https:\/\/sabanadelamartours.com\/fr\/wp-json\/wp\/v2\/product\/11401\/revisions"}],"wp:featuredmedia":[{"embeddable":true,"href":"https:\/\/sabanadelamartours.com\/fr\/wp-json\/wp\/v2\/media\/11702"}],"wp:attachment":[{"href":"https:\/\/sabanadelamartours.com\/fr\/wp-json\/wp\/v2\/media?parent=11401"}],"wp:term":[{"taxonomy":"product_brand","embeddable":true,"href":"https:\/\/sabanadelamartours.com\/fr\/wp-json\/wp\/v2\/product_brand?post=11401"},{"taxonomy":"product_cat","embeddable":true,"href":"https:\/\/sabanadelamartours.com\/fr\/wp-json\/wp\/v2\/product_cat?post=11401"},{"taxonomy":"product_tag","embeddable":true,"href":"https:\/\/sabanadelamartours.com\/fr\/wp-json\/wp\/v2\/product_tag?post=11401"}],"curies":[{"name":"wp","href":"https:\/\/api.w.org\/{rel}","templated":true}]}}