{"id":11451,"date":"2025-12-18T10:13:12","date_gmt":"2025-12-18T10:13:12","guid":{"rendered":"https:\/\/sabanadelamartours.com\/?post_type=product&#038;p=11451"},"modified":"2026-02-09T05:29:06","modified_gmt":"2026-02-09T05:29:06","slug":"-66","status":"publish","type":"product","link":"https:\/\/sabanadelamartours.com\/fr\/tournee\/-66\/","title":{"rendered":"Saint-Domingue : Tourn\u00e9e de danse sociale Bachata"},"content":{"rendered":"<p>Rejoignez-nous pour une exp\u00e9rience authentique de danse sociale Bachata \u00e0 Saint-Domingue ! Pr\u00e9parez-vous \u00e0 vous immerger dans la culture, la musique et la danse dominicaines au cours d'une soir\u00e9e passionnante.<\/p>\n<p>Nous vous emm\u00e8nerons dans certains des meilleurs bars et clubs de danse de la ville, o\u00f9 vous d\u00e9couvrirez la sc\u00e8ne locale de la Bachata.<\/p>\n<p>Tout le monde est le bienvenu. Que vous soyez un danseur chevronn\u00e9 ou que vous n'ayez jamais dans\u00e9, nos sympathiques instructeurs seront l\u00e0 pour vous aider \u00e0 appr\u00e9cier la musique et les mouvements.<\/p>\n<p>Au-del\u00e0 de la piste de danse, vous aurez l'occasion d'entrer en contact avec d'autres danseurs, de partager des histoires et des rires tout en vous faisant de nouveaux amis.<\/p>\n<p>Nous nous retrouvons dans la Zona Colonial et commen\u00e7ons la danse l\u00e0.<\/p>\n<div class=\"toggle-content__content toggle-content__content--expanded toggle-content__content--packable\" data-v-59485d64=\"\">\n<div data-test-id=\"activity-full-description-text\" data-v-5835c99c=\"\">Ne manquez pas cette occasion de d\u00e9couvrir le v\u00e9ritable esprit de la Bachata \u00e0 Saint-Domingue. Pr\u00e9parez-vous \u00e0 une nuit de musique, de danse et de plaisir !<\/div>\n<\/div>\n<div class=\"toggle-content__label-placeholder\" data-v-59485d64=\"\"><\/div>","protected":false},"excerpt":{"rendered":"<div data-track=\"overview\" data-v-83a2b402=\"\">\n<section id=\"activity-overview\" class=\"activity-overview\" data-component=\"overview\" data-v-83a2b402=\"\" data-v-f3236c42=\"\">\n<p class=\"activity-overview__content\" data-test-id=\"activity-overview-content\" data-v-f3236c42=\"\">Faites l'exp\u00e9rience de la danse Bachata authentique. Nous visiterons quelques bars et clubs de danse embl\u00e9matiques. Profitez d'une nuit amicale pleine de danse et de plaisir. Avec une pr\u00e9sentation \u00e0 d'autres danseurs si vous le souhaitez.<\/p>\n<\/section>\n<\/div>\n<div data-track=\"key-details\" data-v-83a2b402=\"\"><\/div>","protected":false},"featured_media":11733,"template":"","meta":[],"product_brand":[],"product_cat":[97],"product_tag":[101,102],"class_list":{"0":"post-11451","1":"product","2":"type-product","3":"status-publish","4":"has-post-thumbnail","6":"product_cat-dominican-republic","7":"product_tag-excursion","8":"product_tag-tour","10":"first","11":"instock","12":"shipping-taxable","13":"product-type-external"},"_links":{"self":[{"href":"https:\/\/sabanadelamartours.com\/fr\/wp-json\/wp\/v2\/product\/11451","targetHints":{"allow":["GET"]}}],"collection":[{"href":"https:\/\/sabanadelamartours.com\/fr\/wp-json\/wp\/v2\/product"}],"about":[{"href":"https:\/\/sabanadelamartours.com\/fr\/wp-json\/wp\/v2\/types\/product"}],"version-history":[{"count":1,"href":"https:\/\/sabanadelamartours.com\/fr\/wp-json\/wp\/v2\/product\/11451\/revisions"}],"predecessor-version":[{"id":18494,"href":"https:\/\/sabanadelamartours.com\/fr\/wp-json\/wp\/v2\/product\/11451\/revisions\/18494"}],"wp:featuredmedia":[{"embeddable":true,"href":"https:\/\/sabanadelamartours.com\/fr\/wp-json\/wp\/v2\/media\/11733"}],"wp:attachment":[{"href":"https:\/\/sabanadelamartours.com\/fr\/wp-json\/wp\/v2\/media?parent=11451"}],"wp:term":[{"taxonomy":"product_brand","embeddable":true,"href":"https:\/\/sabanadelamartours.com\/fr\/wp-json\/wp\/v2\/product_brand?post=11451"},{"taxonomy":"product_cat","embeddable":true,"href":"https:\/\/sabanadelamartours.com\/fr\/wp-json\/wp\/v2\/product_cat?post=11451"},{"taxonomy":"product_tag","embeddable":true,"href":"https:\/\/sabanadelamartours.com\/fr\/wp-json\/wp\/v2\/product_tag?post=11451"}],"curies":[{"name":"wp","href":"https:\/\/api.w.org\/{rel}","templated":true}]}}