{"id":11464,"date":"2025-12-18T10:13:37","date_gmt":"2025-12-18T10:13:37","guid":{"rendered":"https:\/\/sabanadelamartours.com\/?post_type=product&#038;p=11464"},"modified":"2026-02-14T07:04:16","modified_gmt":"2026-02-14T07:04:16","slug":"-68","status":"publish","type":"product","link":"https:\/\/sabanadelamartours.com\/fr\/tournee\/-68\/","title":{"rendered":"4Wheel sur la route"},"content":{"rendered":"<p>Vous serez pris en charge au point de rencontre et vous vous rendrez sur le site en 15 \u00e0 25 minutes. On vous fournira un VTT et on vous donnera une br\u00e8ve orientation sur la s\u00e9curit\u00e9 afin que vous vous sentiez \u00e0 l'aise et que vous puissiez rouler en toute s\u00e9curit\u00e9.<\/p>\n<p>Vous suivrez votre guide en VTT au cours d'une excursion passionnante qui vous fera d\u00e9couvrir la campagne et les paysages impressionnants de Puerto Plata,<\/p>\n<p>Pendant l'excursion, vous aurez l'occasion de vous arr\u00eater pour prendre des photos et profiter de la vue. Il y a \u00e9galement un temps de plage d'environ 20 minutes.<\/p>\n<p>Pour cette excursion, les tongs et les sandales ne sont pas autoris\u00e9es.<\/p>\n<p>Vous devez apporter un mouchoir pour couvrir votre bouche de la poussi\u00e8re ou vous pouvez l'acheter sur place \u00e0 5 dollars la paire.<\/p>\n<div class=\"toggle-content__content toggle-content__content--expanded toggle-content__content--packable\" data-v-59485d64=\"\">\n<div data-test-id=\"activity-full-description-text\" data-v-5835c99c=\"\">Les enfants doivent \u00eatre \u00e2g\u00e9s de 8 ans et plus et partageront un VTT double avec un adulte ; bien entendu, c'est l'adulte qui conduira.<\/div>\n<\/div>\n<div class=\"toggle-content__label-placeholder\" data-v-59485d64=\"\"><\/div>","protected":false},"excerpt":{"rendered":"<div data-track=\"overview\" data-v-83a2b402=\"\">\n<section id=\"activity-overview\" class=\"activity-overview\" data-component=\"overview\" data-v-83a2b402=\"\" data-v-f3236c42=\"\">\n<p class=\"activity-overview__content\" data-test-id=\"activity-overview-content\" data-v-f3236c42=\"\">Une aventure passionnante en VTT. Conduisez votre propre v\u00e9hicule tout terrain, \u00e9galement appel\u00e9 quad. La plage.<\/p>\n<\/section>\n<\/div>\n<div data-track=\"key-details\" data-v-83a2b402=\"\"><\/div>","protected":false},"featured_media":11754,"template":"","meta":[],"product_brand":[],"product_cat":[97],"product_tag":[101,102],"class_list":{"0":"post-11464","1":"product","2":"type-product","3":"status-publish","4":"has-post-thumbnail","6":"product_cat-dominican-republic","7":"product_tag-excursion","8":"product_tag-tour","10":"first","11":"instock","12":"shipping-taxable","13":"product-type-external"},"_links":{"self":[{"href":"https:\/\/sabanadelamartours.com\/fr\/wp-json\/wp\/v2\/product\/11464","targetHints":{"allow":["GET"]}}],"collection":[{"href":"https:\/\/sabanadelamartours.com\/fr\/wp-json\/wp\/v2\/product"}],"about":[{"href":"https:\/\/sabanadelamartours.com\/fr\/wp-json\/wp\/v2\/types\/product"}],"version-history":[{"count":1,"href":"https:\/\/sabanadelamartours.com\/fr\/wp-json\/wp\/v2\/product\/11464\/revisions"}],"predecessor-version":[{"id":18495,"href":"https:\/\/sabanadelamartours.com\/fr\/wp-json\/wp\/v2\/product\/11464\/revisions\/18495"}],"wp:featuredmedia":[{"embeddable":true,"href":"https:\/\/sabanadelamartours.com\/fr\/wp-json\/wp\/v2\/media\/11754"}],"wp:attachment":[{"href":"https:\/\/sabanadelamartours.com\/fr\/wp-json\/wp\/v2\/media?parent=11464"}],"wp:term":[{"taxonomy":"product_brand","embeddable":true,"href":"https:\/\/sabanadelamartours.com\/fr\/wp-json\/wp\/v2\/product_brand?post=11464"},{"taxonomy":"product_cat","embeddable":true,"href":"https:\/\/sabanadelamartours.com\/fr\/wp-json\/wp\/v2\/product_cat?post=11464"},{"taxonomy":"product_tag","embeddable":true,"href":"https:\/\/sabanadelamartours.com\/fr\/wp-json\/wp\/v2\/product_tag?post=11464"}],"curies":[{"name":"wp","href":"https:\/\/api.w.org\/{rel}","templated":true}]}}