{"id":11475,"date":"2025-12-18T10:13:59","date_gmt":"2025-12-18T10:13:59","guid":{"rendered":"https:\/\/sabanadelamartours.com\/?post_type=product&#038;p=11475"},"modified":"2026-01-06T10:41:21","modified_gmt":"2026-01-06T10:41:21","slug":"-69","status":"publish","type":"product","link":"https:\/\/sabanadelamartours.com\/fr\/tournee\/-69\/","title":{"rendered":"Au d\u00e9part de Punta Cana : Excursion d'une journ\u00e9e sur l'\u00eele de Saona avec d\u00e9jeuner"},"content":{"rendered":"<p>Excursion d'une journ\u00e9e sur l'\u00eele de Saona avec d\u00e9jeuner au d\u00e9part de Punta Cana<\/p>\n<p>Embarquez pour une aventure inoubliable en venant vous chercher \u00e0 votre h\u00f4tel \u00e0 Punta Cana. Notre \u00e9quipe sympathique vous accueillera et vous fournira un transport confortable jusqu'\u00e0 Bayahibe, o\u00f9 commence notre voyage vers la spectaculaire \u00eele de Saona.<\/p>\n<p>Une fois arriv\u00e9s \u00e0 Bayahibe, nous embarquerons \u00e0 bord d'une vedette rapide et spacieuse qui promet une promenade palpitante sur les eaux turquoise de la mer des Cara\u00efbes. Au cours de la croisi\u00e8re, vous pourrez admirer les magnifiques paysages c\u00f4tiers et sentir la brise marine rafra\u00eechissante sur votre visage.<\/p>\n<p>Notre premier arr\u00eat m\u00e9morable sera la piscine naturelle idyllique, \u00e9galement connue sous le nom de lagon bleu, o\u00f9 nous ferons une pause d'environ 45 minutes. Cet endroit unique se caract\u00e9rise par des eaux peu profondes, d'une profondeur maximale d'un m\u00e8tre, cr\u00e9ant un environnement tranquille, id\u00e9al pour la baignade et la relaxation. Ici, vous pourrez explorer le sanctuaire des \u00e9toiles de mer, o\u00f9 vous pourrez voir ces cr\u00e9atures fascinantes dans leur habitat naturel et prendre de superbes photos.<\/p>\n<p>Apr\u00e8s avoir profit\u00e9 de la beaut\u00e9 sereine de la piscine naturelle, nous poursuivrons notre voyage vers l'\u00eele de Saona. \u00c0 votre arriv\u00e9e, vous disposerez d'environ 2 heures et 45 minutes de temps libre pour d\u00e9couvrir les superbes plages de l'\u00eele, ses palmiers luxuriants et sa culture locale dynamique. Vous pourrez choisir de prendre un bain de soleil, de nager ou de vous promener le long des c\u00f4tes vierges \u00e0 votre guise.<\/p>\n<p>\u00c0 13 heures, nous nous r\u00e9unirons pour un d\u00e9licieux d\u00e9jeuner-buffet qui offre un large \u00e9ventail d'options, notamment une s\u00e9lection de viandes, de fruits de mer frais et de divers accompagnements qui r\u00e9pondent aux diff\u00e9rentes pr\u00e9f\u00e9rences alimentaires. Savourez votre repas tout en profitant de la beaut\u00e9 des lieux.<\/p>\n<p>Apr\u00e8s le d\u00e9jeuner, pr\u00e9parez-vous \u00e0 vous amuser ! Vers 14h40, nous embarquerons \u00e0 bord d'un charmant catamaran pour notre retour \u00e0 Bayahibe. Sur le catamaran, l'atmosph\u00e8re sera anim\u00e9e, remplie de musique et de divertissement. Rejoignez notre \u00e9quipe \u00e9nergique qui vous entra\u00eenera dans des danses et des festivit\u00e9s pendant environ 1 heure et 30 minutes, afin que votre voyage de retour soit aussi agr\u00e9able que les activit\u00e9s de la journ\u00e9e.<\/p>\n<p>\u00c0 la fin de notre aventure, notre transport vous attendra pour vous ramener \u00e0 votre h\u00f4tel \u00e0 Punta Cana. Cette excursion d'une journ\u00e9e compl\u00e8te sur l'\u00eele de Saona est disponible tous les jours et dure environ 10 heures. Elle offre un m\u00e9lange incroyable de d\u00e9tente et d'excitation qui vous laissera des souvenirs imp\u00e9rissables. Ne manquez pas cette exp\u00e9rience extraordinaire !<\/p>","protected":false},"excerpt":{"rendered":"<div data-track=\"overview\" data-v-83a2b402=\"\">\n<section id=\"activity-overview\" class=\"activity-overview\" data-component=\"overview\" data-v-83a2b402=\"\" data-v-f3236c42=\"\">\n<p class=\"activity-overview__content\" data-test-id=\"activity-overview-content\" data-v-f3236c42=\"\">Explorez l'\u00eele vierge de Saona lors de cette excursion d'une journ\u00e9e au d\u00e9part de Punta Cana. D\u00e9tendez-vous dans les eaux turquoise cristallines de la piscine naturelle (Blue Lagoon), faites la f\u00eate sur un catamaran et d\u00e9gustez un d\u00e9licieux repas.<\/p>\n<\/section>\n<\/div>\n<div data-track=\"key-details\" data-v-83a2b402=\"\"><\/div>","protected":false},"featured_media":11765,"template":"","meta":[],"product_brand":[],"product_cat":[97,98],"product_tag":[101,102],"class_list":{"0":"post-11475","1":"product","2":"type-product","3":"status-publish","4":"has-post-thumbnail","6":"product_cat-dominican-republic","7":"product_cat-saona-island","8":"product_tag-excursion","9":"product_tag-tour","11":"first","12":"instock","13":"sale","14":"shipping-taxable","15":"product-type-external"},"_links":{"self":[{"href":"https:\/\/sabanadelamartours.com\/fr\/wp-json\/wp\/v2\/product\/11475","targetHints":{"allow":["GET"]}}],"collection":[{"href":"https:\/\/sabanadelamartours.com\/fr\/wp-json\/wp\/v2\/product"}],"about":[{"href":"https:\/\/sabanadelamartours.com\/fr\/wp-json\/wp\/v2\/types\/product"}],"version-history":[{"count":1,"href":"https:\/\/sabanadelamartours.com\/fr\/wp-json\/wp\/v2\/product\/11475\/revisions"}],"predecessor-version":[{"id":18496,"href":"https:\/\/sabanadelamartours.com\/fr\/wp-json\/wp\/v2\/product\/11475\/revisions\/18496"}],"wp:featuredmedia":[{"embeddable":true,"href":"https:\/\/sabanadelamartours.com\/fr\/wp-json\/wp\/v2\/media\/11765"}],"wp:attachment":[{"href":"https:\/\/sabanadelamartours.com\/fr\/wp-json\/wp\/v2\/media?parent=11475"}],"wp:term":[{"taxonomy":"product_brand","embeddable":true,"href":"https:\/\/sabanadelamartours.com\/fr\/wp-json\/wp\/v2\/product_brand?post=11475"},{"taxonomy":"product_cat","embeddable":true,"href":"https:\/\/sabanadelamartours.com\/fr\/wp-json\/wp\/v2\/product_cat?post=11475"},{"taxonomy":"product_tag","embeddable":true,"href":"https:\/\/sabanadelamartours.com\/fr\/wp-json\/wp\/v2\/product_tag?post=11475"}],"curies":[{"name":"wp","href":"https:\/\/api.w.org\/{rel}","templated":true}]}}