{"id":11541,"date":"2025-12-18T10:16:15","date_gmt":"2025-12-18T10:16:15","guid":{"rendered":"https:\/\/sabanadelamartours.com\/?post_type=product&#038;p=11541"},"modified":"2026-01-06T10:47:31","modified_gmt":"2026-01-06T10:47:31","slug":"-73","status":"publish","type":"product","link":"https:\/\/sabanadelamartours.com\/fr\/tournee\/-73\/","title":{"rendered":"Baie d'\u00c1guilas, Barahona Exp\u00e9rience tout compris"},"content":{"rendered":"<p>Notre excursion dans la baie d'Eagle est une exp\u00e9rience unique dans la nature qui offre un service \u00e0 la client\u00e8le exceptionnel. Nous nous soucions du bien-\u00eatre de nos clients, c'est pourquoi nous incluons des am\u00e9nagements qui garantiront leur confort \u00e0 tout moment. Profitez d'un d\u00e9licieux d\u00e9jeuner dans une atmosph\u00e8re paradisiaque tout en admirant la beaut\u00e9 naturelle de la baie. De plus, nous avons install\u00e9 des tentes sur la plage pour que nos clients puissent se d\u00e9tendre avec plus de confort et d'intimit\u00e9.<\/p>\n<p>Vous voyagerez dans un minibus confortable et moderne, \u00e9quip\u00e9 de l'air conditionn\u00e9, ce qui vous permettra de profiter du voyage sans vous soucier du climat tropical. Notre personnel comp\u00e9tent et amical sera toujours disponible pour r\u00e9pondre \u00e0 vos besoins pendant le voyage et faire en sorte que votre exp\u00e9rience soit inoubliable.<\/p>\n<div class=\"toggle-content__content toggle-content__content--expanded toggle-content__content--packable\" data-v-59485d64=\"\">\n<div data-test-id=\"activity-full-description-text\" data-v-5835c99c=\"\">En bref, notre excursion \u00e0 la Bah\u00eda de las \u00c1guilas est la combinaison parfaite de la nature, du confort et d'un service \u00e0 la client\u00e8le exceptionnel.<\/div>\n<\/div>\n<div class=\"toggle-content__label-placeholder\" data-v-59485d64=\"\"><\/div>","protected":false},"excerpt":{"rendered":"<div data-track=\"overview\" data-v-83a2b402=\"\">\n<section id=\"activity-overview\" class=\"activity-overview\" data-component=\"overview\" data-v-83a2b402=\"\" data-v-f3236c42=\"\">\n<p class=\"activity-overview__content\" data-test-id=\"activity-overview-content\" data-v-f3236c42=\"\">Baie d'\u00c1guilas, exp\u00e9rience tout compris \u00e0 partir de Pedernales<\/p>\n<\/section>\n<\/div>\n<div data-track=\"key-details\" data-v-83a2b402=\"\"><\/div>","protected":false},"featured_media":11849,"template":"","meta":[],"product_brand":[],"product_cat":[97],"product_tag":[101,102],"class_list":{"0":"post-11541","1":"product","2":"type-product","3":"status-publish","4":"has-post-thumbnail","6":"product_cat-dominican-republic","7":"product_tag-excursion","8":"product_tag-tour","10":"first","11":"instock","12":"shipping-taxable","13":"product-type-external"},"_links":{"self":[{"href":"https:\/\/sabanadelamartours.com\/fr\/wp-json\/wp\/v2\/product\/11541","targetHints":{"allow":["GET"]}}],"collection":[{"href":"https:\/\/sabanadelamartours.com\/fr\/wp-json\/wp\/v2\/product"}],"about":[{"href":"https:\/\/sabanadelamartours.com\/fr\/wp-json\/wp\/v2\/types\/product"}],"version-history":[{"count":1,"href":"https:\/\/sabanadelamartours.com\/fr\/wp-json\/wp\/v2\/product\/11541\/revisions"}],"predecessor-version":[{"id":18500,"href":"https:\/\/sabanadelamartours.com\/fr\/wp-json\/wp\/v2\/product\/11541\/revisions\/18500"}],"wp:featuredmedia":[{"embeddable":true,"href":"https:\/\/sabanadelamartours.com\/fr\/wp-json\/wp\/v2\/media\/11849"}],"wp:attachment":[{"href":"https:\/\/sabanadelamartours.com\/fr\/wp-json\/wp\/v2\/media?parent=11541"}],"wp:term":[{"taxonomy":"product_brand","embeddable":true,"href":"https:\/\/sabanadelamartours.com\/fr\/wp-json\/wp\/v2\/product_brand?post=11541"},{"taxonomy":"product_cat","embeddable":true,"href":"https:\/\/sabanadelamartours.com\/fr\/wp-json\/wp\/v2\/product_cat?post=11541"},{"taxonomy":"product_tag","embeddable":true,"href":"https:\/\/sabanadelamartours.com\/fr\/wp-json\/wp\/v2\/product_tag?post=11541"}],"curies":[{"name":"wp","href":"https:\/\/api.w.org\/{rel}","templated":true}]}}