{"id":11554,"date":"2025-12-18T10:16:35","date_gmt":"2025-12-18T10:16:35","guid":{"rendered":"https:\/\/sabanadelamartours.com\/?post_type=product&#038;p=11554"},"modified":"2026-01-06T10:52:56","modified_gmt":"2026-01-06T10:52:56","slug":"-76","status":"publish","type":"product","link":"https:\/\/sabanadelamartours.com\/fr\/tournee\/-76\/","title":{"rendered":"Samana : observation des baleines dans la baie de Samana"},"content":{"rendered":"<p>Enjoy a whale-watching experience in the Bay of Saman\u00e1, where humpback whales visit every year and see these beautiful creatures up close on this unique whale-watching tour.<\/p>\n<p>Explore the Bay of Saman\u00e1, which plays host to thousands of humpback whales during winter\u2019s mating season. Take in this amazing experience in the company of a specialized guide and enjoy snacks on board (water, soda, coconut).<\/p>\n<p>Meet at the tour office and gather with the rest of the tour members and specialized staff at the dock, and depart from the private dock in Saman\u00e1 at 9:30 am.<\/p>\n<p>Travel through the Bay of Saman\u00e1 in search of the Humpback whales, all the way to the Marine Mammal Sanctuary. Marvel at the aquatic wildlife and beautiful scenery in the Bay of Saman\u00e1, and experience a unique and exciting whale-watching tour before returning back to the dock around 1:30 pm.<\/p>","protected":false},"excerpt":{"rendered":"<div data-track=\"overview\" data-v-83a2b402=\"\">\n<section id=\"activity-overview\" class=\"activity-overview\" data-component=\"overview\" data-v-83a2b402=\"\" data-v-f3236c42=\"\">\n<p class=\"activity-overview__content\" data-test-id=\"activity-overview-content\" data-v-f3236c42=\"\">Observez les g\u00e9ants des mers, les baleines \u00e0 bosse, lors d'une excursion d'observation des baleines dans la baie de Saman\u00e1. Profitez d'une exp\u00e9rience inoubliable pour voir ces beaut\u00e9s de pr\u00e8s et voyagez \u00e0 bord de catamarans s\u00e9curis\u00e9s.<\/p>\n<\/section>\n<\/div>\n<div data-track=\"key-details\" data-v-83a2b402=\"\"><\/div>","protected":false},"featured_media":11885,"template":"","meta":[],"product_brand":[],"product_cat":[97],"product_tag":[101,102],"class_list":{"0":"post-11554","1":"product","2":"type-product","3":"status-publish","4":"has-post-thumbnail","6":"product_cat-dominican-republic","7":"product_tag-excursion","8":"product_tag-tour","10":"first","11":"instock","12":"shipping-taxable","13":"product-type-external"},"_links":{"self":[{"href":"https:\/\/sabanadelamartours.com\/fr\/wp-json\/wp\/v2\/product\/11554","targetHints":{"allow":["GET"]}}],"collection":[{"href":"https:\/\/sabanadelamartours.com\/fr\/wp-json\/wp\/v2\/product"}],"about":[{"href":"https:\/\/sabanadelamartours.com\/fr\/wp-json\/wp\/v2\/types\/product"}],"version-history":[{"count":1,"href":"https:\/\/sabanadelamartours.com\/fr\/wp-json\/wp\/v2\/product\/11554\/revisions"}],"predecessor-version":[{"id":18503,"href":"https:\/\/sabanadelamartours.com\/fr\/wp-json\/wp\/v2\/product\/11554\/revisions\/18503"}],"wp:featuredmedia":[{"embeddable":true,"href":"https:\/\/sabanadelamartours.com\/fr\/wp-json\/wp\/v2\/media\/11885"}],"wp:attachment":[{"href":"https:\/\/sabanadelamartours.com\/fr\/wp-json\/wp\/v2\/media?parent=11554"}],"wp:term":[{"taxonomy":"product_brand","embeddable":true,"href":"https:\/\/sabanadelamartours.com\/fr\/wp-json\/wp\/v2\/product_brand?post=11554"},{"taxonomy":"product_cat","embeddable":true,"href":"https:\/\/sabanadelamartours.com\/fr\/wp-json\/wp\/v2\/product_cat?post=11554"},{"taxonomy":"product_tag","embeddable":true,"href":"https:\/\/sabanadelamartours.com\/fr\/wp-json\/wp\/v2\/product_tag?post=11554"}],"curies":[{"name":"wp","href":"https:\/\/api.w.org\/{rel}","templated":true}]}}