{"id":11628,"date":"2025-12-18T10:19:06","date_gmt":"2025-12-18T10:19:06","guid":{"rendered":"https:\/\/sabanadelamartours.com\/?post_type=product&#038;p=11628"},"modified":"2026-02-09T05:32:24","modified_gmt":"2026-02-09T05:32:24","slug":"-80","status":"publish","type":"product","link":"https:\/\/sabanadelamartours.com\/fr\/tournee\/-80\/","title":{"rendered":"Rencontre avec des dauphins \u00e0 Ocean World, Puerto Plata"},"content":{"rendered":"<p>La rencontre avec les dauphins offre un contact \u00e9troit avec un grand dauphin, dans l'eau jusqu'\u00e0 la taille.<\/p>\n<p>Au cours de ces programmes interactifs, vous pourrez toucher et nourrir ces doux mammif\u00e8res, et jouer avec eux dans un environnement s\u00fbr. Vous pourrez m\u00eame danser avec eux !<\/p>\n<p>Cette interaction est \u00e0 la fois amusante et \u00e9ducative pour tous les \u00e2ges, id\u00e9ale pour les non-nageurs et les familles avec de jeunes enfants.<\/p>\n<p>Le programme Dolphin Encounter comprend \u00e9galement un laissez-passer d'une journ\u00e9e pour le parc d'aventures Ocean World, avec toutes ses attractions, et le transfert aller-retour en bus depuis les h\u00f4tels situ\u00e9s \u00e0 proximit\u00e9.<\/p>\n<p>Dot\u00e9 du plus grand habitat de dauphins au monde, Ocean World est une attraction incontournable pour tous ceux qui visitent la R\u00e9publique dominicaine. Les d\u00e9tenteurs d'une carte journali\u00e8re ont la possibilit\u00e9 de faire de la plong\u00e9e libre dans notre aquarium tropical, de visiter la piscine des pirates, de s'informer sur les mammif\u00e8res marins, de nourrir des oiseaux tropicaux exotiques, de se promener dans une for\u00eat tropicale et d'assister au spectacle des dauphins, des requins, des lions de mer et des oiseaux tropicaux. Le d\u00e9jeuner est inclus.<\/p>","protected":false},"excerpt":{"rendered":"<div data-track=\"overview\" data-v-83a2b402=\"\">\n<section id=\"activity-overview\" class=\"activity-overview\" data-component=\"overview\" data-v-83a2b402=\"\" data-v-f3236c42=\"\">\n<p class=\"activity-overview__content\" data-test-id=\"activity-overview-content\" data-v-f3236c42=\"\">Vous serez en contact \u00e9troit avec un grand dauphin, jouant avec lui dans l'eau jusqu'\u00e0 la taille. C'est \u00e0 la fois amusant et \u00e9ducatif pour tous les \u00e2ges, id\u00e9al pour les non-nageurs et les familles avec de jeunes enfants.<\/p>\n<\/section>\n<\/div>\n<div data-track=\"key-details\" data-v-83a2b402=\"\"><\/div>","protected":false},"featured_media":11946,"template":"","meta":[],"product_brand":[],"product_cat":[97],"product_tag":[101,102],"class_list":{"0":"post-11628","1":"product","2":"type-product","3":"status-publish","4":"has-post-thumbnail","6":"product_cat-dominican-republic","7":"product_tag-excursion","8":"product_tag-tour","10":"first","11":"instock","12":"shipping-taxable","13":"product-type-external"},"_links":{"self":[{"href":"https:\/\/sabanadelamartours.com\/fr\/wp-json\/wp\/v2\/product\/11628","targetHints":{"allow":["GET"]}}],"collection":[{"href":"https:\/\/sabanadelamartours.com\/fr\/wp-json\/wp\/v2\/product"}],"about":[{"href":"https:\/\/sabanadelamartours.com\/fr\/wp-json\/wp\/v2\/types\/product"}],"version-history":[{"count":1,"href":"https:\/\/sabanadelamartours.com\/fr\/wp-json\/wp\/v2\/product\/11628\/revisions"}],"predecessor-version":[{"id":18510,"href":"https:\/\/sabanadelamartours.com\/fr\/wp-json\/wp\/v2\/product\/11628\/revisions\/18510"}],"wp:featuredmedia":[{"embeddable":true,"href":"https:\/\/sabanadelamartours.com\/fr\/wp-json\/wp\/v2\/media\/11946"}],"wp:attachment":[{"href":"https:\/\/sabanadelamartours.com\/fr\/wp-json\/wp\/v2\/media?parent=11628"}],"wp:term":[{"taxonomy":"product_brand","embeddable":true,"href":"https:\/\/sabanadelamartours.com\/fr\/wp-json\/wp\/v2\/product_brand?post=11628"},{"taxonomy":"product_cat","embeddable":true,"href":"https:\/\/sabanadelamartours.com\/fr\/wp-json\/wp\/v2\/product_cat?post=11628"},{"taxonomy":"product_tag","embeddable":true,"href":"https:\/\/sabanadelamartours.com\/fr\/wp-json\/wp\/v2\/product_tag?post=11628"}],"curies":[{"name":"wp","href":"https:\/\/api.w.org\/{rel}","templated":true}]}}