{"id":11641,"date":"2025-12-18T10:19:29","date_gmt":"2025-12-18T10:19:29","guid":{"rendered":"https:\/\/sabanadelamartours.com\/?post_type=product&#038;p=11641"},"modified":"2025-12-18T10:32:43","modified_gmt":"2025-12-18T10:32:43","slug":"poussette-pour-2","status":"publish","type":"product","link":"https:\/\/sabanadelamartours.com\/fr\/tournee\/poussette-pour-2\/","title":{"rendered":"Buggy pour 2"},"content":{"rendered":"<p>L'excursion en buggy \u00e0 Puerto Plata est une exp\u00e9rience passionnante pour les amateurs d'aventure et d'exploration. Avec J Carlos Travel, vous pouvez profiter de cette exp\u00e9rience incroyable, qui comprend le transport et les collations.<\/p>\n<p>Pour profiter pleinement de l'excursion en buggy \u00e0 Puerto Plata, il est important de porter des v\u00eatements confortables et sportifs. L'activit\u00e9 consiste \u00e0 conduire un buggy sur des chemins de terre et des sentiers naturels. Il est donc conseill\u00e9 de porter des v\u00eatements qui vous permettent de bouger librement et qui vous prot\u00e8gent du soleil et de la brise marine.<\/p>\n<p>Lorsque vous arriverez au point de rencontre avec J Carlos Travel, ils vous accueilleront et vous fourniront tout l'\u00e9quipement n\u00e9cessaire pour l'excursion en buggy. Ensuite, vous serez transf\u00e9r\u00e9 dans un transport confortable jusqu'\u00e0 l'endroit o\u00f9 l'aventure commencera.<\/p>\n<p>Pendant l'excursion en buggy \u00e0 Puerto Plata, vous pourrez profiter de paysages magnifiques et de vues impressionnantes sur la c\u00f4te et les montagnes. L'itin\u00e9raire vous m\u00e8nera \u00e0 travers des chemins de terre, des ruisseaux et des sentiers naturels, o\u00f9 vous pourrez sentir la fra\u00eecheur de la nature et la brise marine.<\/p>\n<p>Pour que vous puissiez profiter de l'excursion en toute tranquillit\u00e9, J Carlos Travel inclut des collations pendant l'activit\u00e9. Vous pourrez profiter d'une boisson rafra\u00eechissante et d'une petite collation pour recharger vos batteries pendant l'aventure.<\/p>\n<p>En outre, l'\u00e9quipe de guides touristiques de J Carlos Travel est hautement qualifi\u00e9e et exp\u00e9riment\u00e9e en mati\u00e8re d'excursions en buggy \u00e0 Puerto Plata. Ils vous fourniront des informations sur l'histoire et la culture de la r\u00e9gion et r\u00e9pondront \u00e0 toutes les questions que vous vous posez sur l'activit\u00e9 ou le lieu.<\/p>\n<div class=\"toggle-content__content toggle-content__content--expanded toggle-content__content--packable\" data-v-59485d64=\"\">\n<div data-test-id=\"activity-full-description-text\" data-v-5835c99c=\"\">En r\u00e9sum\u00e9, si vous \u00eates \u00e0 la recherche d'une aventure passionnante \u00e0 Puerto Plata, l'excursion en buggy avec J Carlos Travel est une excellente option. Ne manquez pas l'occasion d'explorer les tr\u00e9sors cach\u00e9s de la c\u00f4te nord de la R\u00e9publique dominicaine en buggy. Le transport et les rafra\u00eechissements \u00e9tant inclus, il vous suffit de vous munir de v\u00eatements de sport et d'une grande envie de vivre une exp\u00e9rience inoubliable.<\/div>\n<\/div>\n<div class=\"toggle-content__label-placeholder\" data-v-59485d64=\"\"><\/div>","protected":false},"excerpt":{"rendered":"<div data-track=\"overview\" data-v-83a2b402=\"\">\n<section id=\"activity-overview\" class=\"activity-overview\" data-component=\"overview\" data-v-83a2b402=\"\" data-v-f3236c42=\"\">\n<p class=\"activity-overview__content\" data-test-id=\"activity-overview-content\" data-v-f3236c42=\"\">Pour les amateurs d'aventure et d'adr\u00e9naline Routes sales Partager la conduite<\/p>\n<\/section>\n<\/div>\n<div data-track=\"key-details\" data-v-83a2b402=\"\"><\/div>","protected":false},"featured_media":11958,"template":"","meta":[],"product_brand":[],"product_cat":[97],"product_tag":[101,102],"class_list":{"0":"post-11641","1":"product","2":"type-product","3":"status-publish","4":"has-post-thumbnail","6":"product_cat-dominican-republic","7":"product_tag-excursion","8":"product_tag-tour","10":"first","11":"instock","12":"shipping-taxable","13":"product-type-external"},"_links":{"self":[{"href":"https:\/\/sabanadelamartours.com\/fr\/wp-json\/wp\/v2\/product\/11641","targetHints":{"allow":["GET"]}}],"collection":[{"href":"https:\/\/sabanadelamartours.com\/fr\/wp-json\/wp\/v2\/product"}],"about":[{"href":"https:\/\/sabanadelamartours.com\/fr\/wp-json\/wp\/v2\/types\/product"}],"version-history":[{"count":0,"href":"https:\/\/sabanadelamartours.com\/fr\/wp-json\/wp\/v2\/product\/11641\/revisions"}],"wp:featuredmedia":[{"embeddable":true,"href":"https:\/\/sabanadelamartours.com\/fr\/wp-json\/wp\/v2\/media\/11958"}],"wp:attachment":[{"href":"https:\/\/sabanadelamartours.com\/fr\/wp-json\/wp\/v2\/media?parent=11641"}],"wp:term":[{"taxonomy":"product_brand","embeddable":true,"href":"https:\/\/sabanadelamartours.com\/fr\/wp-json\/wp\/v2\/product_brand?post=11641"},{"taxonomy":"product_cat","embeddable":true,"href":"https:\/\/sabanadelamartours.com\/fr\/wp-json\/wp\/v2\/product_cat?post=11641"},{"taxonomy":"product_tag","embeddable":true,"href":"https:\/\/sabanadelamartours.com\/fr\/wp-json\/wp\/v2\/product_tag?post=11641"}],"curies":[{"name":"wp","href":"https:\/\/api.w.org\/{rel}","templated":true}]}}