{"id":11655,"date":"2025-12-18T10:20:09","date_gmt":"2025-12-18T10:20:09","guid":{"rendered":"https:\/\/sabanadelamartours.com\/?post_type=product&#038;p=11655"},"modified":"2026-01-06T11:11:24","modified_gmt":"2026-01-06T11:11:24","slug":"-83","status":"publish","type":"product","link":"https:\/\/sabanadelamartours.com\/fr\/tournee\/-83\/","title":{"rendered":"Saman\u00e1 : Monkeyland et visite en camion du Safari en plein air"},"content":{"rendered":"<p>Approchez les singes \u00e9cureuils de Monkeyland lors d'une visite guid\u00e9e. Montez dans un camion safari \u00e0 ciel ouvert et plongez dans la campagne dominicaine.<\/p>\n<p>Commencez votre journ\u00e9e par une visite au Pays des singes. Dans la jungle tropicale, \u00e9coutez les sons de la nature tout en gardant un \u0153il sur les mignons petits singes \u00e9cureuils qui abondent dans cet environnement naturel.<\/p>\n<p>Le personnel form\u00e9 vous donne une assiette de fruits que vous pouvez offrir aux singes. Ces cr\u00e9atures effront\u00e9es et amicales adorent les objets brillants. Accrochez-vous \u00e0 vos affaires ou ils vous d\u00e9barrasseront des objets qui tra\u00eenent pour s'amuser plus tard.<\/p>\n<div class=\"toggle-content__content toggle-content__content--expanded toggle-content__content--packable\" data-v-59485d64=\"\">\n<div data-test-id=\"activity-full-description-text\" data-v-5835c99c=\"\">C'est l'occasion r\u00eav\u00e9e d'approcher de pr\u00e8s ces petits singes adorables et amusants.<\/div>\n<\/div>\n<div class=\"toggle-content__label-placeholder\" data-v-59485d64=\"\"><\/div>","protected":false},"excerpt":{"rendered":"<div data-track=\"overview\" data-v-83a2b402=\"\">\n<section id=\"activity-overview\" class=\"activity-overview\" data-component=\"overview\" data-v-83a2b402=\"\" data-v-f3236c42=\"\">\n<p class=\"activity-overview__content\" data-test-id=\"activity-overview-content\" data-v-f3236c42=\"\">Interagissez de pr\u00e8s avec nos magnifiques singes \u00e9cureuils. Observez les singes dans un environnement naturel offrant des vues spectaculaires sur les montagnes.<\/p>\n<\/section>\n<\/div>\n<div data-track=\"key-details\" data-v-83a2b402=\"\"><\/div>","protected":false},"featured_media":11968,"template":"","meta":[],"product_brand":[],"product_cat":[97],"product_tag":[101,102],"class_list":{"0":"post-11655","1":"product","2":"type-product","3":"status-publish","4":"has-post-thumbnail","6":"product_cat-dominican-republic","7":"product_tag-excursion","8":"product_tag-tour","10":"first","11":"instock","12":"shipping-taxable","13":"product-type-external"},"_links":{"self":[{"href":"https:\/\/sabanadelamartours.com\/fr\/wp-json\/wp\/v2\/product\/11655","targetHints":{"allow":["GET"]}}],"collection":[{"href":"https:\/\/sabanadelamartours.com\/fr\/wp-json\/wp\/v2\/product"}],"about":[{"href":"https:\/\/sabanadelamartours.com\/fr\/wp-json\/wp\/v2\/types\/product"}],"version-history":[{"count":1,"href":"https:\/\/sabanadelamartours.com\/fr\/wp-json\/wp\/v2\/product\/11655\/revisions"}],"predecessor-version":[{"id":18515,"href":"https:\/\/sabanadelamartours.com\/fr\/wp-json\/wp\/v2\/product\/11655\/revisions\/18515"}],"wp:featuredmedia":[{"embeddable":true,"href":"https:\/\/sabanadelamartours.com\/fr\/wp-json\/wp\/v2\/media\/11968"}],"wp:attachment":[{"href":"https:\/\/sabanadelamartours.com\/fr\/wp-json\/wp\/v2\/media?parent=11655"}],"wp:term":[{"taxonomy":"product_brand","embeddable":true,"href":"https:\/\/sabanadelamartours.com\/fr\/wp-json\/wp\/v2\/product_brand?post=11655"},{"taxonomy":"product_cat","embeddable":true,"href":"https:\/\/sabanadelamartours.com\/fr\/wp-json\/wp\/v2\/product_cat?post=11655"},{"taxonomy":"product_tag","embeddable":true,"href":"https:\/\/sabanadelamartours.com\/fr\/wp-json\/wp\/v2\/product_tag?post=11655"}],"curies":[{"name":"wp","href":"https:\/\/api.w.org\/{rel}","templated":true}]}}