{"id":11923,"date":"2025-12-18T10:30:42","date_gmt":"2025-12-18T10:30:42","guid":{"rendered":"https:\/\/sabanadelamartours.com\/?post_type=product&#038;p=11923"},"modified":"2026-02-09T05:44:11","modified_gmt":"2026-02-09T05:44:11","slug":"-106","status":"publish","type":"product","link":"https:\/\/sabanadelamartours.com\/fr\/tournee\/-106\/","title":{"rendered":"Puerto Plata : Visite guid\u00e9e avec d\u00e9jeuner et d\u00e9gustation de rhum"},"content":{"rendered":"<p>Travel along the road to the Isabel de Torres Mountain on a guided tour, then head down to the beautiful city of Puerto Plata. Visit Central Park, the cathedral, its beautiful pedestrian streets, Fort San Felipe, and the amphitheater. Take in panoramic ocean views and explore one of the most beautiful beaches in the area.<\/p>\n<div class=\"toggle-content__content toggle-content__content--expanded toggle-content__content--packable\" data-v-59485d64=\"\">\n<div data-test-id=\"activity-full-description-text\" data-v-5835c99c=\"\">Enjoy a roundtrip hotel or port transfer, a delicious lunch, and a rum tasting.<\/div>\n<\/div>\n<div class=\"toggle-content__label-placeholder\" data-v-59485d64=\"\"><\/div>","protected":false},"excerpt":{"rendered":"<div data-track=\"overview\" data-v-83a2b402=\"\">\n<section id=\"activity-overview\" class=\"activity-overview\" data-component=\"overview\" data-v-83a2b402=\"\" data-v-f3236c42=\"\">\n<p class=\"activity-overview__content\" data-test-id=\"activity-overview-content\" data-v-f3236c42=\"\">Explorez la montagne Isabel de Torres et la charmante ville de Puerto Plata gr\u00e2ce \u00e0 ce circuit. Visitez le parc central, la cath\u00e9drale, la Fortaleza San Felipe et profitez de l'amphith\u00e9\u00e2tre panoramique avec vue sur l'oc\u00e9an.<\/p>\n<\/section>\n<\/div>\n<div data-track=\"key-details\" data-v-83a2b402=\"\"><\/div>","protected":false},"featured_media":12259,"template":"","meta":[],"product_brand":[],"product_cat":[97],"product_tag":[101,102],"class_list":{"0":"post-11923","1":"product","2":"type-product","3":"status-publish","4":"has-post-thumbnail","6":"product_cat-dominican-republic","7":"product_tag-excursion","8":"product_tag-tour","10":"first","11":"instock","12":"shipping-taxable","13":"product-type-external"},"_links":{"self":[{"href":"https:\/\/sabanadelamartours.com\/fr\/wp-json\/wp\/v2\/product\/11923","targetHints":{"allow":["GET"]}}],"collection":[{"href":"https:\/\/sabanadelamartours.com\/fr\/wp-json\/wp\/v2\/product"}],"about":[{"href":"https:\/\/sabanadelamartours.com\/fr\/wp-json\/wp\/v2\/types\/product"}],"version-history":[{"count":1,"href":"https:\/\/sabanadelamartours.com\/fr\/wp-json\/wp\/v2\/product\/11923\/revisions"}],"predecessor-version":[{"id":18871,"href":"https:\/\/sabanadelamartours.com\/fr\/wp-json\/wp\/v2\/product\/11923\/revisions\/18871"}],"wp:featuredmedia":[{"embeddable":true,"href":"https:\/\/sabanadelamartours.com\/fr\/wp-json\/wp\/v2\/media\/12259"}],"wp:attachment":[{"href":"https:\/\/sabanadelamartours.com\/fr\/wp-json\/wp\/v2\/media?parent=11923"}],"wp:term":[{"taxonomy":"product_brand","embeddable":true,"href":"https:\/\/sabanadelamartours.com\/fr\/wp-json\/wp\/v2\/product_brand?post=11923"},{"taxonomy":"product_cat","embeddable":true,"href":"https:\/\/sabanadelamartours.com\/fr\/wp-json\/wp\/v2\/product_cat?post=11923"},{"taxonomy":"product_tag","embeddable":true,"href":"https:\/\/sabanadelamartours.com\/fr\/wp-json\/wp\/v2\/product_tag?post=11923"}],"curies":[{"name":"wp","href":"https:\/\/api.w.org\/{rel}","templated":true}]}}