{"id":11966,"date":"2025-12-18T10:33:02","date_gmt":"2025-12-18T10:33:02","guid":{"rendered":"https:\/\/sabanadelamartours.com\/?post_type=product&#038;p=11966"},"modified":"2026-02-09T05:42:51","modified_gmt":"2026-02-09T05:42:51","slug":"-109","status":"publish","type":"product","link":"https:\/\/sabanadelamartours.com\/fr\/tournee\/-109\/","title":{"rendered":"Santo Domingo - \u201cPatrimonio colonial\u201d - Visite d'une journ\u00e9e"},"content":{"rendered":"<p>D\u00e9couvrez l'attrait de Saint-Domingue, une ville impr\u00e9gn\u00e9e d'histoire, de culture et de paysages \u00e0 couper le souffle. Embarquez pour un voyage captivant \u00e0 travers la plus ancienne capitale du \u201cNouveau\u201d Monde, o\u00f9 chaque pav\u00e9 raconte une histoire des si\u00e8cles pass\u00e9s.<\/p>\n<p>Rejoignez notre circuit touristique pour une exp\u00e9rience immersive que toute la famille appr\u00e9ciera. Votre journ\u00e9e commence par une prise en charge \u00e0 l'h\u00f4tel, accompagn\u00e9e d'un guide expert qui vous fera d\u00e9couvrir l'histoire captivante de la R\u00e9publique dominicaine.<\/p>\n<p>En vous aventurant \u00e0 Saint-Domingue, vous vous \u00e9merveillerez devant les impressionnants c\u00e9notes du parc national de Los Tres Ojos, une merveille naturelle qui ne demande qu'\u00e0 \u00eatre explor\u00e9e. Plongez au c\u0153ur du patrimoine de la ville en visitant des sites embl\u00e9matiques tels que la premi\u00e8re cath\u00e9drale d'Am\u00e9rique, le majestueux Palacio de Col\u00f3n et le v\u00e9n\u00e9rable Panth\u00e9on national.<\/p>\n<p>Promenez-vous dans les charmantes rues pav\u00e9es de \u201cThe Ladies\u201d, la plus ancienne des Am\u00e9riques, et admirez les vues panoramiques de l'architecture coloniale le long de l'Avenida Malec\u00f3n. Terminez votre voyage par une visite de l'imposant Faro de Col\u00f3n, qui t\u00e9moigne de l'h\u00e9ritage durable de Saint-Domingue.<\/p>\n<div class=\"toggle-content__content toggle-content__content--expanded toggle-content__content--packable\" data-v-59485d64=\"\">\n<div data-test-id=\"activity-full-description-text\" data-v-5835c99c=\"\">D\u00e9couvrez la magie de Saint-Domingue, une ville o\u00f9 l'histoire prend vie et o\u00f9 l'aventure vous attend \u00e0 chaque tournant. Ne manquez pas l'occasion d'embarquer pour cette excursion inoubliable au c\u0153ur de la culture et du patrimoine dominicains.<\/div>\n<\/div>\n<div class=\"toggle-content__label-placeholder\" data-v-59485d64=\"\"><\/div>","protected":false},"excerpt":{"rendered":"<div data-track=\"overview\" data-v-83a2b402=\"\">\n<section id=\"activity-overview\" class=\"activity-overview\" data-component=\"overview\" data-v-83a2b402=\"\" data-v-f3236c42=\"\">\n<p class=\"activity-overview__content\" data-test-id=\"activity-overview-content\" data-v-f3236c42=\"\">D\u00e9couvrez la magie de la ville de Saint-Domingue : une histoire riche, une culture et des paysages \u00e9poustouflants vous attendent lors de cette excursion. Une aventure familiale inoubliable ! N'oubliez pas que c'est la premi\u00e8re ville d'Am\u00e9rique.<\/p>\n<\/section>\n<\/div>\n<div data-track=\"key-details\" data-v-83a2b402=\"\"><\/div>","protected":false},"featured_media":12298,"template":"","meta":[],"product_brand":[],"product_cat":[97],"product_tag":[101,102],"class_list":{"0":"post-11966","1":"product","2":"type-product","3":"status-publish","4":"has-post-thumbnail","6":"product_cat-dominican-republic","7":"product_tag-excursion","8":"product_tag-tour","10":"first","11":"instock","12":"shipping-taxable","13":"product-type-external"},"_links":{"self":[{"href":"https:\/\/sabanadelamartours.com\/fr\/wp-json\/wp\/v2\/product\/11966","targetHints":{"allow":["GET"]}}],"collection":[{"href":"https:\/\/sabanadelamartours.com\/fr\/wp-json\/wp\/v2\/product"}],"about":[{"href":"https:\/\/sabanadelamartours.com\/fr\/wp-json\/wp\/v2\/types\/product"}],"version-history":[{"count":1,"href":"https:\/\/sabanadelamartours.com\/fr\/wp-json\/wp\/v2\/product\/11966\/revisions"}],"predecessor-version":[{"id":18870,"href":"https:\/\/sabanadelamartours.com\/fr\/wp-json\/wp\/v2\/product\/11966\/revisions\/18870"}],"wp:featuredmedia":[{"embeddable":true,"href":"https:\/\/sabanadelamartours.com\/fr\/wp-json\/wp\/v2\/media\/12298"}],"wp:attachment":[{"href":"https:\/\/sabanadelamartours.com\/fr\/wp-json\/wp\/v2\/media?parent=11966"}],"wp:term":[{"taxonomy":"product_brand","embeddable":true,"href":"https:\/\/sabanadelamartours.com\/fr\/wp-json\/wp\/v2\/product_brand?post=11966"},{"taxonomy":"product_cat","embeddable":true,"href":"https:\/\/sabanadelamartours.com\/fr\/wp-json\/wp\/v2\/product_cat?post=11966"},{"taxonomy":"product_tag","embeddable":true,"href":"https:\/\/sabanadelamartours.com\/fr\/wp-json\/wp\/v2\/product_tag?post=11966"}],"curies":[{"name":"wp","href":"https:\/\/api.w.org\/{rel}","templated":true}]}}