{"id":11967,"date":"2025-12-18T10:33:02","date_gmt":"2025-12-18T10:33:02","guid":{"rendered":"https:\/\/sabanadelamartours.com\/?post_type=product&#038;p=11967"},"modified":"2026-02-09T05:41:18","modified_gmt":"2026-02-09T05:41:18","slug":"-110","status":"publish","type":"product","link":"https:\/\/sabanadelamartours.com\/fr\/tournee\/-110\/","title":{"rendered":"Bayahibe La Romana : excursion en buggy + rivier avec transport"},"content":{"rendered":"<p>Premi\u00e8re \u00e9quipe : 8h00 - 12h00<\/p>\n<p>Prise en charge \u00e0 8h00 : Commencez votre journ\u00e9e par une excursion en buggy \u00e0 Bayahibe, o\u00f9 nous viendrons vous chercher pour cette exp\u00e9rience unique.<\/p>\n<p>Explorer et d\u00e9couvrir :<\/p>\n<p>Bateyes et canne \u00e0 sucre : plongez dans la culture locale en explorant les bateyes et en profitant d'une authentique d\u00e9gustation de canne \u00e0 sucre.<\/p>\n<p>Aventure sur la rivi\u00e8re Chav\u00f3n : D\u00e9couvrez l'excitation des eaux de la rivi\u00e8re Chav\u00f3n avec une baignade rafra\u00eechissante et des activit\u00e9s aquatiques.<\/p>\n<p>Visite d'un ranch et d\u00e9gustation : Profitez d'un festin de fruits frais, de caf\u00e9 et de chocolat dans un ranch local tout en explorant les plantations tropicales.<\/p>\n<p>Retour \u00e0 12h00 : Apr\u00e8s une matin\u00e9e riche en d\u00e9couvertes, nous retournerons au point de d\u00e9part \u00e0 midi.<\/p>\n<p>Deuxi\u00e8me \u00e9quipe : 14 h 00 - 17 h 30.<\/p>\n<p>Prise en charge \u00e0 14h00 : Pr\u00e9parez-vous \u00e0 un apr\u00e8s-midi passionnant avec un autre tour en buggy.<\/p>\n<p>Plus d'aventures :<\/p>\n<p>Exploration des bateyes et de la canne \u00e0 sucre : Revivez l'exp\u00e9rience des bateyes et plongez dans la culture locale.<\/p>\n<p>Nouvelle aventure sur la rivi\u00e8re Chav\u00f3n : Plongez \u00e0 nouveau dans les eaux de la rivi\u00e8re et profitez des activit\u00e9s nautiques.<\/p>\n<p>Deuxi\u00e8me d\u00e9gustation au ranch : Retour au ranch pour d\u00e9guster d'autres sp\u00e9cialit\u00e9s locales et vivre une exp\u00e9rience culturelle.<\/p>\n<div class=\"toggle-content__content toggle-content__content--expanded toggle-content__content--packable\" data-v-59485d64=\"\">\n<div data-test-id=\"activity-full-description-text\" data-v-5835c99c=\"\">Retour \u00e0 17h30 : L'excursion s'ach\u00e8ve au coucher du soleil et le retour se fait \u00e0 17h30.<\/div>\n<\/div>\n<div class=\"toggle-content__label-placeholder\" data-v-59485d64=\"\"><\/div>","protected":false},"excerpt":{"rendered":"<div data-track=\"overview\" data-v-83a2b402=\"\">\n<section id=\"activity-overview\" class=\"activity-overview\" data-component=\"overview\" data-v-83a2b402=\"\" data-v-f3236c42=\"\">\n<p class=\"activity-overview__content\" data-test-id=\"activity-overview-content\" data-v-f3236c42=\"\">\u201cExplorez La Romana en quad ou en buggy 4\u00d74 depuis Bayahibe. Traversez des paysages spectaculaires, d\u00e9couvrez des plages immacul\u00e9es et immergez-vous dans la culture locale au cours de cette passionnante aventure c\u00f4ti\u00e8re.\u201d<\/p>\n<\/section>\n<\/div>\n<div data-track=\"key-details\" data-v-83a2b402=\"\"><\/div>","protected":false},"featured_media":12306,"template":"","meta":[],"product_brand":[],"product_cat":[97],"product_tag":[101,102],"class_list":{"0":"post-11967","1":"product","2":"type-product","3":"status-publish","4":"has-post-thumbnail","6":"product_cat-dominican-republic","7":"product_tag-excursion","8":"product_tag-tour","10":"first","11":"instock","12":"shipping-taxable","13":"product-type-external"},"_links":{"self":[{"href":"https:\/\/sabanadelamartours.com\/fr\/wp-json\/wp\/v2\/product\/11967","targetHints":{"allow":["GET"]}}],"collection":[{"href":"https:\/\/sabanadelamartours.com\/fr\/wp-json\/wp\/v2\/product"}],"about":[{"href":"https:\/\/sabanadelamartours.com\/fr\/wp-json\/wp\/v2\/types\/product"}],"version-history":[{"count":1,"href":"https:\/\/sabanadelamartours.com\/fr\/wp-json\/wp\/v2\/product\/11967\/revisions"}],"predecessor-version":[{"id":18869,"href":"https:\/\/sabanadelamartours.com\/fr\/wp-json\/wp\/v2\/product\/11967\/revisions\/18869"}],"wp:featuredmedia":[{"embeddable":true,"href":"https:\/\/sabanadelamartours.com\/fr\/wp-json\/wp\/v2\/media\/12306"}],"wp:attachment":[{"href":"https:\/\/sabanadelamartours.com\/fr\/wp-json\/wp\/v2\/media?parent=11967"}],"wp:term":[{"taxonomy":"product_brand","embeddable":true,"href":"https:\/\/sabanadelamartours.com\/fr\/wp-json\/wp\/v2\/product_brand?post=11967"},{"taxonomy":"product_cat","embeddable":true,"href":"https:\/\/sabanadelamartours.com\/fr\/wp-json\/wp\/v2\/product_cat?post=11967"},{"taxonomy":"product_tag","embeddable":true,"href":"https:\/\/sabanadelamartours.com\/fr\/wp-json\/wp\/v2\/product_tag?post=11967"}],"curies":[{"name":"wp","href":"https:\/\/api.w.org\/{rel}","templated":true}]}}