{"id":11985,"date":"2025-12-18T10:34:15","date_gmt":"2025-12-18T10:34:15","guid":{"rendered":"https:\/\/sabanadelamartours.com\/?post_type=product&#038;p=11985"},"modified":"2026-02-09T05:38:50","modified_gmt":"2026-02-09T05:38:50","slug":"-112","status":"publish","type":"product","link":"https:\/\/sabanadelamartours.com\/fr\/tournee\/-112\/","title":{"rendered":"Saint-Domingue : Immersion dans le parc national des Trois Yeux"},"content":{"rendered":"<section class=\"full-description activity-experience__item\" data-test-id=\"activity-full-description\" data-v-2760aec9=\"\" data-v-5835c99c=\"\">\n<div class=\"activity-accordion-item\" data-v-5835c99c=\"\">\n<div class=\"activity-accordion-item__content--hidden activity-accordion-item__content\">\n<section class=\"toggle-content\" data-v-5835c99c=\"\" data-v-59485d64=\"\">\n<div class=\"toggle-content__content toggle-content__content--expanded toggle-content__content--packable\" data-v-59485d64=\"\">\n<div data-test-id=\"activity-full-description-text\" data-v-5835c99c=\"\">Bienvenue pour une exp\u00e9rience inoubliable dans la ville magique de Saint-Domingue, la plus grande ville de la R\u00e9publique dominicaine ! \u00cates-vous pr\u00eat \u00e0 embarquer pour un voyage \u00e9tonnant rempli de merveilles cach\u00e9es sous terre ? Laissez-moi vous pr\u00e9senter notre passionnante et authentique \u201cAventure souterraine\u201d.\u201d<\/div>\n<div data-test-id=\"activity-full-description-text\" data-v-5835c99c=\"\"><\/div>\n<div data-test-id=\"activity-full-description-text\" data-v-5835c99c=\"\">Vous \u00eates-vous d\u00e9j\u00e0 demand\u00e9 quels tr\u00e9sors naturels se trouvent sous la ville anim\u00e9e de Saint-Domingue ? Avez-vous envie de vous immerger dans un paysage de r\u00eave o\u00f9 la nature a cr\u00e9\u00e9 d'authentiques chefs-d'\u0153uvre dans les grottes ? Si vous \u00eates \u00e0 la recherche d'une exp\u00e9rience unique pour plonger au c\u0153ur de la richesse naturelle et culturelle de notre pays, ce circuit est fait pour vous.<\/div>\n<div data-test-id=\"activity-full-description-text\" data-v-5835c99c=\"\"><\/div>\n<div data-test-id=\"activity-full-description-text\" data-v-5835c99c=\"\">Imaginez vous immerger dans un voyage exceptionnel aux c\u00f4t\u00e9s d'un guide local passionn\u00e9 qui vous d\u00e9voilera les secrets les mieux gard\u00e9s de ce paradis souterrain. Ici, la nature se fait artiste et cr\u00e9e des formations \u00e9poustouflantes, les \u201cespeleothemes\u201d, qui vous laisseront bouche b\u00e9e. Chaque recoin du parc est rempli de surprises et de merveilles, des lacs int\u00e9rieurs \u00e9blouissants aux grottes abritant des histoires ancestrales et des c\u00e9r\u00e9monies indig\u00e8nes.<\/div>\n<div data-test-id=\"activity-full-description-text\" data-v-5835c99c=\"\"><\/div>\n<div data-test-id=\"activity-full-description-text\" data-v-5835c99c=\"\">Notre visite commence par l'exploration de trois lacs int\u00e9rieurs et d'un lac ext\u00e9rieur, des endroits rarement visit\u00e9s mais d'une beaut\u00e9 incomparable. Au lac Sulphur, vous d\u00e9couvrirez l'origine des eaux des cenotes et leur importance \u00e9cologique. Ensuite, le lac La Nevera (r\u00e9frig\u00e9rateur) vous captivera par ses couleurs uniques au sein d'une grotte impressionnante. Nous nous aventurerons dans une aventure de rafting passionnante pour atteindre le quatri\u00e8me lac, une exp\u00e9rience que vous n'oublierez jamais. L\u00e0, dans une ambiance ancestrale, vous d\u00e9couvrirez le plus beau c\u00e9note du pays, avec des eaux \u00e9meraude et une v\u00e9g\u00e9tation luxuriante qui vous feront r\u00eaver.<\/div>\n<div data-test-id=\"activity-full-description-text\" data-v-5835c99c=\"\"><\/div>\n<div data-test-id=\"activity-full-description-text\" data-v-5835c99c=\"\">Au lac des Dames, vous serez \u00e9mu par une histoire touchante li\u00e9e aux femmes et \u00e0 leurs enfants. Ici, vous pourrez toucher l'eau et ressentir l'\u00e9nergie positive qui \u00e9mane de ce lieu magique. Ensuite, nous nous prom\u00e8nerons sur les sentiers du parc, en admirant la faune et la flore fascinantes qui nous entourent.<\/div>\n<div data-test-id=\"activity-full-description-text\" data-v-5835c99c=\"\"><\/div>\n<div data-test-id=\"activity-full-description-text\" data-v-5835c99c=\"\">Notre exp\u00e9rience est unique et exclusive, car nous visitons le parc \u00e0 un moment particulier, avant l'arriv\u00e9e des grands groupes de touristes. Cela garantit une aventure authentique et in\u00e9gal\u00e9e.<\/div>\n<div data-test-id=\"activity-full-description-text\" data-v-5835c99c=\"\"><\/div>\n<div data-test-id=\"activity-full-description-text\" data-v-5835c99c=\"\">Ne manquez pas cette occasion unique. R\u00e9servez votre place d\u00e8s maintenant et pr\u00e9parez-vous \u00e0 vivre une exp\u00e9rience inoubliable en R\u00e9publique dominicaine. Venez d\u00e9couvrir la majest\u00e9 et le charme de nos merveilles naturelles et culturelles au cours de cette aventure souterraine !<\/div>\n<div data-test-id=\"activity-full-description-text\" data-v-5835c99c=\"\"><\/div>\n<div data-test-id=\"activity-full-description-text\" data-v-5835c99c=\"\">Nous vous attendons avec impatience pour vivre une journ\u00e9e extraordinaire, o\u00f9 vos sens s'\u00e9veilleront au maximum, et o\u00f9 vous vous connecterez profond\u00e9ment avec la richesse naturelle de notre pays bien-aim\u00e9. Ne laissez pas cette opportunit\u00e9 vous \u00e9chapper !<\/div>\n<\/div>\n<\/section>\n<\/div>\n<\/div>\n<\/section>\n<section class=\"activity-includes activity-experience__item\" data-test-id=\"activity-includes-section\" data-v-2760aec9=\"\" data-v-7976cbc6=\"\">\n<div class=\"activity-accordion-item\" data-v-7976cbc6=\"\">\n<div class=\"activity-accordion-item-header\"><\/div>\n<div class=\"activity-accordion-item__content--hidden activity-accordion-item__content\">\n<section class=\"activity-inclusions\" data-test-id=\"activity-inclusions\" data-v-7976cbc6=\"\" data-v-de44b8f4=\"\">\u00a0<\/section>\n<\/div>\n<\/div>\n<\/section>","protected":false},"excerpt":{"rendered":"<div data-track=\"overview\" data-v-83a2b402=\"\">\n<section id=\"activity-overview\" class=\"activity-overview\" data-component=\"overview\" data-v-83a2b402=\"\" data-v-f3236c42=\"\">\n<p class=\"activity-overview__content\" data-test-id=\"activity-overview-content\" data-v-f3236c42=\"\">D\u00e9couvrez les c\u00e9notes enchanteurs de Santo Domingo. Explorez les souterrains magiques de Los Tres Ojos, en vous rapprochant de la nature et de la culture. Une aventure exclusive !<\/p>\n<\/section>\n<\/div>\n<div data-track=\"key-details\" data-v-83a2b402=\"\"><\/div>","protected":false},"featured_media":12325,"template":"","meta":[],"product_brand":[],"product_cat":[97],"product_tag":[101,102],"class_list":{"0":"post-11985","1":"product","2":"type-product","3":"status-publish","4":"has-post-thumbnail","6":"product_cat-dominican-republic","7":"product_tag-excursion","8":"product_tag-tour","10":"first","11":"instock","12":"shipping-taxable","13":"product-type-external"},"_links":{"self":[{"href":"https:\/\/sabanadelamartours.com\/fr\/wp-json\/wp\/v2\/product\/11985","targetHints":{"allow":["GET"]}}],"collection":[{"href":"https:\/\/sabanadelamartours.com\/fr\/wp-json\/wp\/v2\/product"}],"about":[{"href":"https:\/\/sabanadelamartours.com\/fr\/wp-json\/wp\/v2\/types\/product"}],"version-history":[{"count":1,"href":"https:\/\/sabanadelamartours.com\/fr\/wp-json\/wp\/v2\/product\/11985\/revisions"}],"predecessor-version":[{"id":18867,"href":"https:\/\/sabanadelamartours.com\/fr\/wp-json\/wp\/v2\/product\/11985\/revisions\/18867"}],"wp:featuredmedia":[{"embeddable":true,"href":"https:\/\/sabanadelamartours.com\/fr\/wp-json\/wp\/v2\/media\/12325"}],"wp:attachment":[{"href":"https:\/\/sabanadelamartours.com\/fr\/wp-json\/wp\/v2\/media?parent=11985"}],"wp:term":[{"taxonomy":"product_brand","embeddable":true,"href":"https:\/\/sabanadelamartours.com\/fr\/wp-json\/wp\/v2\/product_brand?post=11985"},{"taxonomy":"product_cat","embeddable":true,"href":"https:\/\/sabanadelamartours.com\/fr\/wp-json\/wp\/v2\/product_cat?post=11985"},{"taxonomy":"product_tag","embeddable":true,"href":"https:\/\/sabanadelamartours.com\/fr\/wp-json\/wp\/v2\/product_tag?post=11985"}],"curies":[{"name":"wp","href":"https:\/\/api.w.org\/{rel}","templated":true}]}}