{"id":12061,"date":"2025-12-18T10:37:03","date_gmt":"2025-12-18T10:37:03","guid":{"rendered":"https:\/\/sabanadelamartours.com\/?post_type=product&#038;p=12061"},"modified":"2026-02-14T05:50:50","modified_gmt":"2026-02-14T05:50:50","slug":"-116","status":"publish","type":"product","link":"https:\/\/sabanadelamartours.com\/fr\/tournee\/-116\/","title":{"rendered":"Explorez la magie de la Monta\u00f1a Redonda : aventure et panoramas"},"content":{"rendered":"<p>L'aventure commence entre 7h00 et 8h00, lorsque notre confortable minibus vient vous chercher directement \u00e0 votre h\u00f4tel \u00e0 Punta Cana. Nous nous rendrons \u00e0 Monta\u00f1a Redonda, un tr\u00e9sor cach\u00e9 de Miches, connu pour sa beaut\u00e9 incomparable dans les Cara\u00efbes.<\/p>\n<p>Apr\u00e8s une heure de route, nous arriverons au pied de la montagne, o\u00f9 nous changerons de v\u00e9hicule 4\u00d74 robuste pour monter au sommet. Une fois arriv\u00e9s, une exp\u00e9rience inoubliable avec des vues panoramiques uniques vous attend, oserez-vous vous balancer \u00e0 plus de 300 m\u00e8tres de haut ? L'adr\u00e9naline est garantie !<\/p>\n<p>Depuis le sommet, vous b\u00e9n\u00e9ficierez des meilleures vues sur la baie de Samana, la Laguna Redonda et El Seibo, en plus d'assister \u00e0 un lever de soleil \u00e9poustouflant sur la plage. Ensuite, nous d\u00e9gusterons un d\u00e9licieux d\u00e9jeuner dominicain typique, accompagn\u00e9 de fruits tropicaux frais.<\/p>\n<p>Enfin, nous entamerons notre voyage de retour pour que vous arriviez \u00e0 votre h\u00f4tel vers 12h00. Une journ\u00e9e pleine d'aventures et de paysages spectaculaires vous attend \u00e0 la Monta\u00f1a Redonda, ne la manquez pas !<\/p>","protected":false},"excerpt":{"rendered":"<div data-track=\"overview\" data-v-83a2b402=\"\">\n<section id=\"activity-overview\" class=\"activity-overview\" data-component=\"overview\" data-v-83a2b402=\"\" data-v-f3236c42=\"\">\n<p class=\"activity-overview__content\" data-test-id=\"activity-overview-content\" data-v-f3236c42=\"\">D\u00e9couvrez la majest\u00e9 de la Monta\u00f1a Redonda. Chaque pas est une aventure. Rejoignez-nous et laissez-vous surprendre par sa beaut\u00e9 et ses exp\u00e9riences inoubliables, en cr\u00e9ant des souvenirs qui dureront toute une vie !<\/p>\n<\/section>\n<\/div>\n<div data-track=\"key-details\" data-v-83a2b402=\"\"><\/div>","protected":false},"featured_media":12393,"template":"","meta":[],"product_brand":[],"product_cat":[97],"product_tag":[101,102],"class_list":{"0":"post-12061","1":"product","2":"type-product","3":"status-publish","4":"has-post-thumbnail","6":"product_cat-dominican-republic","7":"product_tag-excursion","8":"product_tag-tour","10":"first","11":"instock","12":"shipping-taxable","13":"product-type-external"},"_links":{"self":[{"href":"https:\/\/sabanadelamartours.com\/fr\/wp-json\/wp\/v2\/product\/12061","targetHints":{"allow":["GET"]}}],"collection":[{"href":"https:\/\/sabanadelamartours.com\/fr\/wp-json\/wp\/v2\/product"}],"about":[{"href":"https:\/\/sabanadelamartours.com\/fr\/wp-json\/wp\/v2\/types\/product"}],"version-history":[{"count":1,"href":"https:\/\/sabanadelamartours.com\/fr\/wp-json\/wp\/v2\/product\/12061\/revisions"}],"predecessor-version":[{"id":19253,"href":"https:\/\/sabanadelamartours.com\/fr\/wp-json\/wp\/v2\/product\/12061\/revisions\/19253"}],"wp:featuredmedia":[{"embeddable":true,"href":"https:\/\/sabanadelamartours.com\/fr\/wp-json\/wp\/v2\/media\/12393"}],"wp:attachment":[{"href":"https:\/\/sabanadelamartours.com\/fr\/wp-json\/wp\/v2\/media?parent=12061"}],"wp:term":[{"taxonomy":"product_brand","embeddable":true,"href":"https:\/\/sabanadelamartours.com\/fr\/wp-json\/wp\/v2\/product_brand?post=12061"},{"taxonomy":"product_cat","embeddable":true,"href":"https:\/\/sabanadelamartours.com\/fr\/wp-json\/wp\/v2\/product_cat?post=12061"},{"taxonomy":"product_tag","embeddable":true,"href":"https:\/\/sabanadelamartours.com\/fr\/wp-json\/wp\/v2\/product_tag?post=12061"}],"curies":[{"name":"wp","href":"https:\/\/api.w.org\/{rel}","templated":true}]}}