{"id":12076,"date":"2025-12-18T10:37:41","date_gmt":"2025-12-18T10:37:41","guid":{"rendered":"https:\/\/sabanadelamartours.com\/?post_type=product&#038;p=12076"},"modified":"2025-12-18T10:51:55","modified_gmt":"2025-12-18T10:51:55","slug":"-118","status":"publish","type":"product","link":"https:\/\/sabanadelamartours.com\/fr\/tournee\/-118\/","title":{"rendered":"Escapade de la Saint-Valentin \u00e0 Puerto Plata"},"content":{"rendered":"<p>Plongez dans la s\u00e9r\u00e9nit\u00e9 des plages dor\u00e9es, le luxe de l'hospitalit\u00e9 carib\u00e9enne et la magie des moments partag\u00e9s.<\/p>\n<p>Destination romantique : D\u00e9couvrez la beaut\u00e9 pittoresque de Puerto Plata en vous promenant main dans la main le long de ses plages baign\u00e9es de soleil et en explorant ses rues charmantes pleines d'histoire et de culture.<\/p>\n<p>Offre limit\u00e9e : R\u00e9servez d\u00e8s maintenant et assurez votre place pour cette exp\u00e9rience unique de la Saint-Valentin ! Places limit\u00e9es pour garantir l'exclusivit\u00e9 de votre escapade romantique.<\/p>\n<p>Ne laissez pas ce jour de la Saint-Valentin \u00eatre un jour comme les autres. C\u00e9l\u00e9brez l'amour dans le cadre idyllique de Puerto Plata. Faisons de ce voyage ensemble le chapitre le plus romantique de votre histoire !<\/p>\n<p>\ud83d\udcde Appelez maintenant pour plus de d\u00e9tails et r\u00e9servez votre escapade inoubliable ! Ne manquez pas cette occasion de cr\u00e9er des souvenirs qui dureront toute une vie.<\/p>\n<p>\ud83d\udc8c Nous vous attendons pour partager ensemble l'amour et la magie de Puerto Plata !<\/p>","protected":false},"excerpt":{"rendered":"<div data-track=\"overview\" data-v-83a2b402=\"\">\n<section id=\"activity-overview\" class=\"activity-overview\" data-component=\"overview\" data-v-83a2b402=\"\" data-v-f3236c42=\"\">\n<p class=\"activity-overview__content\" data-test-id=\"activity-overview-content\" data-v-f3236c42=\"\">\u00c0 l'occasion de la Saint-Valentin, offrez-vous, ainsi qu'\u00e0 votre bien-aim\u00e9(e), une exp\u00e9rience inoubliable avec notre \u201cEscapade Saint-Valentin \u00e0 Puerto Plata\u201d.\u201d<\/p>\n<\/section>\n<\/div>\n<div data-track=\"key-details\" data-v-83a2b402=\"\"><\/div>","protected":false},"featured_media":12409,"template":"","meta":[],"product_brand":[],"product_cat":[97],"product_tag":[101,102],"class_list":{"0":"post-12076","1":"product","2":"type-product","3":"status-publish","4":"has-post-thumbnail","6":"product_cat-dominican-republic","7":"product_tag-excursion","8":"product_tag-tour","10":"first","11":"instock","12":"shipping-taxable","13":"product-type-external"},"_links":{"self":[{"href":"https:\/\/sabanadelamartours.com\/fr\/wp-json\/wp\/v2\/product\/12076","targetHints":{"allow":["GET"]}}],"collection":[{"href":"https:\/\/sabanadelamartours.com\/fr\/wp-json\/wp\/v2\/product"}],"about":[{"href":"https:\/\/sabanadelamartours.com\/fr\/wp-json\/wp\/v2\/types\/product"}],"version-history":[{"count":0,"href":"https:\/\/sabanadelamartours.com\/fr\/wp-json\/wp\/v2\/product\/12076\/revisions"}],"wp:featuredmedia":[{"embeddable":true,"href":"https:\/\/sabanadelamartours.com\/fr\/wp-json\/wp\/v2\/media\/12409"}],"wp:attachment":[{"href":"https:\/\/sabanadelamartours.com\/fr\/wp-json\/wp\/v2\/media?parent=12076"}],"wp:term":[{"taxonomy":"product_brand","embeddable":true,"href":"https:\/\/sabanadelamartours.com\/fr\/wp-json\/wp\/v2\/product_brand?post=12076"},{"taxonomy":"product_cat","embeddable":true,"href":"https:\/\/sabanadelamartours.com\/fr\/wp-json\/wp\/v2\/product_cat?post=12076"},{"taxonomy":"product_tag","embeddable":true,"href":"https:\/\/sabanadelamartours.com\/fr\/wp-json\/wp\/v2\/product_tag?post=12076"}],"curies":[{"name":"wp","href":"https:\/\/api.w.org\/{rel}","templated":true}]}}