{"id":12180,"date":"2025-12-18T10:41:41","date_gmt":"2025-12-18T10:41:41","guid":{"rendered":"https:\/\/sabanadelamartours.com\/?post_type=product&#038;p=12180"},"modified":"2025-12-18T10:55:20","modified_gmt":"2025-12-18T10:55:20","slug":"-128","status":"publish","type":"product","link":"https:\/\/sabanadelamartours.com\/fr\/tournee\/-128\/","title":{"rendered":"Trekking \u00e0 Puerto Plata - Exp\u00e9rience de la nature et du folklore"},"content":{"rendered":"<p>Explorez la zone rurale \u00e0 proximit\u00e9 de Puerto Plata ! D\u00e9couvrez un paradis vert \u00e0 seulement une demi-heure de route de notre ville \ud83d\ude42 Nous viendrons vous chercher pour l'excursion depuis n'importe quel endroit dans les environs de Puerto Plata \/ Sosua \/ Cabarete.<\/p>\n<p>Il faut tenir compte du fait que ce voyage est par d\u00e9finition un trek rural et forestier, et que le temps de marche moyen est d'environ 3 heures. Les meilleurs v\u00eatements sont un T-shirt l\u00e9ger et un short, ainsi que des chaussures confortables qui peuvent \u00eatre mouill\u00e9es (sandales de trekking ou chaussures d'eau). Un petit sac ou un sac \u00e0 dos sera \u00e9galement utile.<\/p>\n<p>Sur notre route, nous nous arr\u00eaterons pour prendre un caf\u00e9 dans une auberge de village famili\u00e8re, pour d\u00e9jeuner ou pour boire une bi\u00e8re au magasin \u201ccolmado\u201d du village. Vous pourrez \u00e9galement prendre un bain rafra\u00eechissant dans une lagune naturelle sur la rivi\u00e8re qui coule \u00e0 travers la vall\u00e9e montagneuse. Des arr\u00eats photos sont pr\u00e9vus pour observer les animaux de la ferme et les plantes typiques des jardins. L'excursion dure donc plus longtemps, environ 5 \u00e0 6 heures.<\/p>\n<p>Nous vous garantissons que vous d\u00e9couvrirez un nouveau visage de la R\u00e9publique dominicaine, compl\u00e8tement diff\u00e9rent de celui des autres pays, et que vous sentirez ce que c'est que de vivre loin de la ville et des h\u00f4tels. Vous admirerez des maisons traditionnelles color\u00e9es, des p\u00e2turages remplis d'animaux, des palmeraies, une for\u00eat tropicale et une rivi\u00e8re pittoresque qui nous accompagnera tout au long de la randonn\u00e9e.<\/p>\n<p>Notre circuit comporte un programme exclusif et se d\u00e9roule en petits groupes dans une optique de d\u00e9veloppement durable. Au cours de ce voyage, vous apprendrez \u00e0 conna\u00eetre les habitants de la R\u00e9publique dominicaine et \u00e0 les soutenir financi\u00e8rement (inclus dans le prix). C'est l'un de nos voyages pr\u00e9f\u00e9r\u00e9s et nous sommes s\u00fbrs que vous l'aimerez aussi !<\/p>","protected":false},"excerpt":{"rendered":"<div data-track=\"overview\" data-v-83a2b402=\"\">\n<section id=\"activity-overview\" class=\"activity-overview\" data-component=\"overview\" data-v-83a2b402=\"\" data-v-f3236c42=\"\">\n<p class=\"activity-overview__content\" data-test-id=\"activity-overview-content\" data-v-f3236c42=\"\">Vivez une v\u00e9ritable aventure en R\u00e9publique dominicaine ! Plongez dans une exp\u00e9rience authentique au c\u0153ur de la nature tropicale et observez la vie des gens ordinaires \u00e0 la campagne. Il s'agit d'une visite priv\u00e9e<\/p>\n<\/section>\n<\/div>\n<div data-track=\"key-details\" data-v-83a2b402=\"\"><\/div>","protected":false},"featured_media":12499,"template":"","meta":[],"product_brand":[],"product_cat":[97],"product_tag":[101,102],"class_list":{"0":"post-12180","1":"product","2":"type-product","3":"status-publish","4":"has-post-thumbnail","6":"product_cat-dominican-republic","7":"product_tag-excursion","8":"product_tag-tour","10":"first","11":"instock","12":"shipping-taxable","13":"product-type-external"},"_links":{"self":[{"href":"https:\/\/sabanadelamartours.com\/fr\/wp-json\/wp\/v2\/product\/12180","targetHints":{"allow":["GET"]}}],"collection":[{"href":"https:\/\/sabanadelamartours.com\/fr\/wp-json\/wp\/v2\/product"}],"about":[{"href":"https:\/\/sabanadelamartours.com\/fr\/wp-json\/wp\/v2\/types\/product"}],"version-history":[{"count":0,"href":"https:\/\/sabanadelamartours.com\/fr\/wp-json\/wp\/v2\/product\/12180\/revisions"}],"wp:featuredmedia":[{"embeddable":true,"href":"https:\/\/sabanadelamartours.com\/fr\/wp-json\/wp\/v2\/media\/12499"}],"wp:attachment":[{"href":"https:\/\/sabanadelamartours.com\/fr\/wp-json\/wp\/v2\/media?parent=12180"}],"wp:term":[{"taxonomy":"product_brand","embeddable":true,"href":"https:\/\/sabanadelamartours.com\/fr\/wp-json\/wp\/v2\/product_brand?post=12180"},{"taxonomy":"product_cat","embeddable":true,"href":"https:\/\/sabanadelamartours.com\/fr\/wp-json\/wp\/v2\/product_cat?post=12180"},{"taxonomy":"product_tag","embeddable":true,"href":"https:\/\/sabanadelamartours.com\/fr\/wp-json\/wp\/v2\/product_tag?post=12180"}],"curies":[{"name":"wp","href":"https:\/\/api.w.org\/{rel}","templated":true}]}}