{"id":12305,"date":"2025-12-18T10:46:32","date_gmt":"2025-12-18T10:46:32","guid":{"rendered":"https:\/\/sabanadelamartours.com\/?post_type=product&#038;p=12305"},"modified":"2026-02-10T03:08:39","modified_gmt":"2026-02-10T03:08:39","slug":"-133","status":"publish","type":"product","link":"https:\/\/sabanadelamartours.com\/fr\/tournee\/-133\/","title":{"rendered":"\u00cele de Saona - \u00a1Journ\u00e9e compl\u00e8te Open Bar, d\u00e9jeuner et aller-retour !"},"content":{"rendered":"<p>\u00cele de Saona - \u00a1Journ\u00e9e compl\u00e8te Open Bar, d\u00e9jeuner et aller-retour !<\/p>\n<p>Avis aux amateurs de soleil et de d\u00e9tente ! Plongez dans le paradis avec notre inoubliable excursion sur l'\u00eele de Saona.<\/p>\n<p>Imaginez-vous en train d'enfoncer vos orteils dans un sable blanc immacul\u00e9, de contempler des eaux turquoise cristallines et de sentir la douce caresse d'un palmier se balan\u00e7ant dans la brise. L'\u00eele de Saona est un havre de tranquillit\u00e9 con\u00e7u pour faire fondre vos soucis.<\/p>\n<p>Nous viendrons vous chercher \u00e0 votre h\u00f4tel et vous emm\u00e8nerons \u00e0 Bayahibe, point de d\u00e9part de votre aventure dans les Cara\u00efbes. L\u00e0, vous monterez \u00e0 bord d'un bateau \u00e0 moteur rapide pour une promenade palpitante sur la mer \u00e9tincelante.<\/p>\n<p>Mais attendez ! L'aventure ne s'arr\u00eate pas l\u00e0. \u00c0 mi-chemin de Saona, nous ferons une halte dans une piscine naturelle \u00e0 couper le souffle. Nous nous baignerons dans cette merveille cristalline, entour\u00e9e d'un paysage \u00e9poustouflant. C'est le moyen id\u00e9al de se rafra\u00eechir et de se pr\u00e9parer \u00e0 la magie de l'\u00eele de Saona.<\/p>\n<p>Une fois que nous aurons atteint notre \u00eele paradisiaque, vous aurez plus de 3,5 heures pour cr\u00e9er des souvenirs qui dureront toute une vie. D\u00e9tendez-vous sur la plage, profitez du soleil ou explorez les joyaux cach\u00e9s de l'\u00eele. Envie d'une aventure de plong\u00e9e avec masque et tuba ? Plongez dans les r\u00e9cifs coralliens qui regorgent de vie marine color\u00e9e. Ou encore, d\u00e9tendez-vous simplement sous un palmier qui se balance, une boisson rafra\u00eechissante \u00e0 la main.<\/p>\n<p>Alors que le soleil de l'apr\u00e8s-midi peint le ciel de teintes vibrantes, nous embarquerons \u00e0 bord d'un luxueux catamaran pour une navigation tranquille jusqu'\u00e0 Bayahibe. Mais ne vous inqui\u00e9tez pas, le plaisir n'est pas encore termin\u00e9 ! Pr\u00e9parez-vous \u00e0 danser jusqu'au bout de la nuit (ou de l'apr\u00e8s-midi, selon l'heure \u00e0 laquelle la f\u00eate commence) gr\u00e2ce \u00e0 nos divertissements \u00e0 bord. C'est la fa\u00e7on id\u00e9ale de c\u00e9l\u00e9brer une aventure inoubliable au paradis.<\/p>\n<p>Notre excursion tout compris sur l'\u00eele de Saona est une exp\u00e9rience d'une journ\u00e9e enti\u00e8re, d'une dur\u00e9e d'environ 10 heures. C'est l'occasion d'\u00e9chapper \u00e0 l'ordinaire et de p\u00e9n\u00e9trer dans un monde de d\u00e9tente et de beaut\u00e9. R\u00e9servez d\u00e8s aujourd'hui votre aventure sur l'\u00eele de Saona et laissez le paradis commencer !<\/p>","protected":false},"excerpt":{"rendered":"<div data-track=\"overview\" data-v-83a2b402=\"\">\n<section id=\"activity-overview\" class=\"activity-overview\" data-component=\"overview\" data-v-83a2b402=\"\" data-v-f3236c42=\"\">\n<p class=\"activity-overview__content\" data-test-id=\"activity-overview-content\" data-v-f3236c42=\"\">Le paradis de l'\u00eele de Saona pour vous !!! L'\u00eele de Saona est comme un paradis sur terre, entour\u00e9e de plages de sable blanc et d'eaux turquoises cristallines, cet environnement vous invite \u00e0 la d\u00e9tente.<\/p>\n<\/section>\n<\/div>\n<div data-track=\"key-details\" data-v-83a2b402=\"\"><\/div>","protected":false},"featured_media":12581,"template":"","meta":[],"product_brand":[],"product_cat":[97],"product_tag":[101,102],"class_list":{"0":"post-12305","1":"product","2":"type-product","3":"status-publish","4":"has-post-thumbnail","6":"product_cat-dominican-republic","7":"product_tag-excursion","8":"product_tag-tour","10":"first","11":"instock","12":"sale","13":"shipping-taxable","14":"product-type-external"},"_links":{"self":[{"href":"https:\/\/sabanadelamartours.com\/fr\/wp-json\/wp\/v2\/product\/12305","targetHints":{"allow":["GET"]}}],"collection":[{"href":"https:\/\/sabanadelamartours.com\/fr\/wp-json\/wp\/v2\/product"}],"about":[{"href":"https:\/\/sabanadelamartours.com\/fr\/wp-json\/wp\/v2\/types\/product"}],"version-history":[{"count":1,"href":"https:\/\/sabanadelamartours.com\/fr\/wp-json\/wp\/v2\/product\/12305\/revisions"}],"predecessor-version":[{"id":18888,"href":"https:\/\/sabanadelamartours.com\/fr\/wp-json\/wp\/v2\/product\/12305\/revisions\/18888"}],"wp:featuredmedia":[{"embeddable":true,"href":"https:\/\/sabanadelamartours.com\/fr\/wp-json\/wp\/v2\/media\/12581"}],"wp:attachment":[{"href":"https:\/\/sabanadelamartours.com\/fr\/wp-json\/wp\/v2\/media?parent=12305"}],"wp:term":[{"taxonomy":"product_brand","embeddable":true,"href":"https:\/\/sabanadelamartours.com\/fr\/wp-json\/wp\/v2\/product_brand?post=12305"},{"taxonomy":"product_cat","embeddable":true,"href":"https:\/\/sabanadelamartours.com\/fr\/wp-json\/wp\/v2\/product_cat?post=12305"},{"taxonomy":"product_tag","embeddable":true,"href":"https:\/\/sabanadelamartours.com\/fr\/wp-json\/wp\/v2\/product_tag?post=12305"}],"curies":[{"name":"wp","href":"https:\/\/api.w.org\/{rel}","templated":true}]}}