{"id":12392,"date":"2025-12-18T10:50:44","date_gmt":"2025-12-18T10:50:44","guid":{"rendered":"https:\/\/sabanadelamartours.com\/?post_type=product&#038;p=12392"},"modified":"2026-02-10T03:14:28","modified_gmt":"2026-02-10T03:14:28","slug":"-140","status":"publish","type":"product","link":"https:\/\/sabanadelamartours.com\/fr\/tournee\/-140\/","title":{"rendered":"Ron Barcerl\u00f3 : Visite de la fabrique de rhum avec d\u00e9gustation de rhum"},"content":{"rendered":"<p>Ron Barcerl\u00f3 : Visite de la fabrique de rhum avec d\u00e9gustation de rhum<\/p>\n<p>Visitez l'usine de rhum Ron Barcelo o\u00f9 vous pourrez voir le processus de production en direct, d\u00e9couvrir son histoire et d\u00e9guster d'excellents produits. Profitez d'une exp\u00e9rience unique offerte par une entreprise respectueuse de l'environnement qui se caract\u00e9rise par la fabrication de rhums de premi\u00e8re qualit\u00e9.<\/p>\n<p>Tout d'abord, vous verrez l'ensemble du processus de production en visitant le chai de vieillissement afin d'appr\u00e9cier le processus d'\u00e9vaporation, puis l'atelier des tonneaux o\u00f9 l'on pr\u00e9pare le grattage et le br\u00fblage avant le vieillissement, et enfin le processus de mise en bouteille et d'emballage.<\/p>\n<p>Enfin, il faut se rendre au centre des visiteurs, voir le mus\u00e9e qui d\u00e9taille l'histoire du rhum, et trouver le bar de d\u00e9gustation et la boutique de souvenirs.<\/p>\n<p>Vous pouvez \u00e9galement choisir l'option imp\u00e9riale et profiter d'une d\u00e9gustation \u00e0 l'int\u00e9rieur du chai de vieillissement. Il s'agit d'une visite de 90 minutes qui vous donne acc\u00e8s \u00e0 un rhum de premi\u00e8re qualit\u00e9, le rhum imp\u00e9rial Barcelo. Vous aurez un guide priv\u00e9 passionn\u00e9 qui vous apprendra \u00e0 mieux appr\u00e9cier le rhum.<\/p>\n<p>Important : ce tarif ne comprend que la visite \u00e0 l'int\u00e9rieur de l'usine, nous n'assurons pas le transport depuis votre lieu de r\u00e9sidence.<\/p>","protected":false},"excerpt":{"rendered":"<div data-track=\"overview\" data-v-83a2b402=\"\">\n<section id=\"activity-overview\" class=\"activity-overview\" data-component=\"overview\" data-v-83a2b402=\"\" data-v-f3236c42=\"\">\n<p class=\"activity-overview__content\" data-test-id=\"activity-overview-content\" data-v-f3236c42=\"\">D\u00e9couvrez comment la canne \u00e0 sucre dominicaine est transform\u00e9e en d\u00e9licieux rhum lors de cette visite de l'usine de rhum Ron Barcel\u00f3. Apprenez-en plus sur la r\u00e9colte, la distillation et le vieillissement, et d\u00e9gustez le produit prim\u00e9.<\/p>\n<\/section>\n<\/div>\n<div data-track=\"key-details\" data-v-83a2b402=\"\"><\/div>","protected":false},"featured_media":12642,"template":"","meta":[],"product_brand":[],"product_cat":[97],"product_tag":[101,102],"class_list":{"0":"post-12392","1":"product","2":"type-product","3":"status-publish","4":"has-post-thumbnail","6":"product_cat-dominican-republic","7":"product_tag-excursion","8":"product_tag-tour","10":"first","11":"instock","12":"shipping-taxable","13":"product-type-external"},"_links":{"self":[{"href":"https:\/\/sabanadelamartours.com\/fr\/wp-json\/wp\/v2\/product\/12392","targetHints":{"allow":["GET"]}}],"collection":[{"href":"https:\/\/sabanadelamartours.com\/fr\/wp-json\/wp\/v2\/product"}],"about":[{"href":"https:\/\/sabanadelamartours.com\/fr\/wp-json\/wp\/v2\/types\/product"}],"version-history":[{"count":2,"href":"https:\/\/sabanadelamartours.com\/fr\/wp-json\/wp\/v2\/product\/12392\/revisions"}],"predecessor-version":[{"id":18894,"href":"https:\/\/sabanadelamartours.com\/fr\/wp-json\/wp\/v2\/product\/12392\/revisions\/18894"}],"wp:featuredmedia":[{"embeddable":true,"href":"https:\/\/sabanadelamartours.com\/fr\/wp-json\/wp\/v2\/media\/12642"}],"wp:attachment":[{"href":"https:\/\/sabanadelamartours.com\/fr\/wp-json\/wp\/v2\/media?parent=12392"}],"wp:term":[{"taxonomy":"product_brand","embeddable":true,"href":"https:\/\/sabanadelamartours.com\/fr\/wp-json\/wp\/v2\/product_brand?post=12392"},{"taxonomy":"product_cat","embeddable":true,"href":"https:\/\/sabanadelamartours.com\/fr\/wp-json\/wp\/v2\/product_cat?post=12392"},{"taxonomy":"product_tag","embeddable":true,"href":"https:\/\/sabanadelamartours.com\/fr\/wp-json\/wp\/v2\/product_tag?post=12392"}],"curies":[{"name":"wp","href":"https:\/\/api.w.org\/{rel}","templated":true}]}}