{"id":12448,"date":"2025-12-18T10:53:07","date_gmt":"2025-12-18T10:53:07","guid":{"rendered":"https:\/\/sabanadelamartours.com\/?post_type=product&#038;p=12448"},"modified":"2026-01-06T12:53:19","modified_gmt":"2026-01-06T12:53:19","slug":"-144","status":"publish","type":"product","link":"https:\/\/sabanadelamartours.com\/fr\/tournee\/-144\/","title":{"rendered":"Bayahibe : Excursion d'une journ\u00e9e \u00e0 Saman\u00e1 et Miches pour observer les baleines"},"content":{"rendered":"<p>Bayahibe : Saman\u00e1 et Miches Whale Watching Day Trip, Traversez les baies de Miches et Saman\u00e1 en bateau et profitez d'un paradis avec les baleines \u00e0 bosse. La conception de cette excursion et ses \u00e9l\u00e9ments en font l'excursion d'observation des baleines la plus importante et la plus compl\u00e8te, d'une dur\u00e9e plus longue, propos\u00e9e dans la destination Bavaro Punta Cana. C'est au rythme du rhum dominicain Brugal que nous vous accueillerons sur l'\u00eele de Bacardi. Apr\u00e8s un voyage passionnant d'observation des baleines dans leur sanctuaire, le sable blanc de l'\u00eele de Bacardi vous d\u00e9connectera pendant votre s\u00e9jour, vous offrant une plage magnifique.<\/p>\n<p>L'endroit o\u00f9 vous d\u00e9jeunerez sera le pont id\u00e9al pour atteindre le monument Lemon Waterfall, o\u00f9 la solitude des environs dans l'apr\u00e8s-midi sera la compagnie id\u00e9ale pour profiter de toute sa magie et de sa fra\u00eecheur.<\/p>\n<p>Commencez votre journ\u00e9e par une prise en charge \u00e0 votre h\u00f4tel \u00e0 Bavaro et dirigez-vous vers l'embarcad\u00e8re de Ca\u00f1itas. Mettez le cap sur le sanctuaire des baleines et profitez d'une excursion d'observation des baleines. Ensuite, dirigez-vous vers l'\u00eele de Cayo Levantado et profitez d'un verre de bienvenue.<\/p>\n<p>D\u00e9part pour Saman\u00e1 pour une visite de la ville et un safari \u00e0 la campagne dans la communaut\u00e9 de Santa Barbara de Saman\u00e1 et El Lim\u00f3n. Visite d'un ranch au milieu de la jungle. Randonn\u00e9e \u00e0 cheval avec l'aide d'un guide du village local.<\/p>\n<p>Visite de la cascade de Lim\u00f3n, une chute d'eau de 50 m\u00e8tres de haut. D\u00e9part de l'embarcad\u00e8re de Saman\u00e1 pour l'embarcad\u00e8re de Ca\u00f1itas. Retour \u00e0 l'h\u00f4tel \u00e0 Bavaro.<\/p>","protected":false},"excerpt":{"rendered":"<div data-track=\"overview\" data-v-83a2b402=\"\">\n<section id=\"activity-overview\" class=\"activity-overview\" data-component=\"overview\" data-v-83a2b402=\"\" data-v-f3236c42=\"\">\n<p class=\"activity-overview__content\" data-test-id=\"activity-overview-content\" data-v-f3236c42=\"\">D\u00e9couvrez la beaut\u00e9 de la p\u00e9ninsule de Saman\u00e1 lors d'une excursion d'une journ\u00e9e au d\u00e9part de Bayahibe. Observez les baleines \u00e0 bosse dans leur habitat naturel et profitez d'un d\u00e9jeuner sous forme de buffet dans un restaurant local de Saman\u00e1.<\/p>\n<\/section>\n<\/div>\n<div data-track=\"key-details\" data-v-83a2b402=\"\"><\/div>","protected":false},"featured_media":12686,"template":"","meta":[],"product_brand":[],"product_cat":[97],"product_tag":[101,102],"class_list":{"0":"post-12448","1":"product","2":"type-product","3":"status-publish","4":"has-post-thumbnail","6":"product_cat-dominican-republic","7":"product_tag-excursion","8":"product_tag-tour","10":"first","11":"instock","12":"shipping-taxable","13":"product-type-external"},"_links":{"self":[{"href":"https:\/\/sabanadelamartours.com\/fr\/wp-json\/wp\/v2\/product\/12448","targetHints":{"allow":["GET"]}}],"collection":[{"href":"https:\/\/sabanadelamartours.com\/fr\/wp-json\/wp\/v2\/product"}],"about":[{"href":"https:\/\/sabanadelamartours.com\/fr\/wp-json\/wp\/v2\/types\/product"}],"version-history":[{"count":1,"href":"https:\/\/sabanadelamartours.com\/fr\/wp-json\/wp\/v2\/product\/12448\/revisions"}],"predecessor-version":[{"id":18550,"href":"https:\/\/sabanadelamartours.com\/fr\/wp-json\/wp\/v2\/product\/12448\/revisions\/18550"}],"wp:featuredmedia":[{"embeddable":true,"href":"https:\/\/sabanadelamartours.com\/fr\/wp-json\/wp\/v2\/media\/12686"}],"wp:attachment":[{"href":"https:\/\/sabanadelamartours.com\/fr\/wp-json\/wp\/v2\/media?parent=12448"}],"wp:term":[{"taxonomy":"product_brand","embeddable":true,"href":"https:\/\/sabanadelamartours.com\/fr\/wp-json\/wp\/v2\/product_brand?post=12448"},{"taxonomy":"product_cat","embeddable":true,"href":"https:\/\/sabanadelamartours.com\/fr\/wp-json\/wp\/v2\/product_cat?post=12448"},{"taxonomy":"product_tag","embeddable":true,"href":"https:\/\/sabanadelamartours.com\/fr\/wp-json\/wp\/v2\/product_tag?post=12448"}],"curies":[{"name":"wp","href":"https:\/\/api.w.org\/{rel}","templated":true}]}}