{"id":12463,"date":"2025-12-18T10:53:34","date_gmt":"2025-12-18T10:53:34","guid":{"rendered":"https:\/\/sabanadelamartours.com\/?post_type=product&#038;p=12463"},"modified":"2026-02-09T05:25:02","modified_gmt":"2026-02-09T05:25:02","slug":"-146","status":"publish","type":"product","link":"https:\/\/sabanadelamartours.com\/fr\/tournee\/-146\/","title":{"rendered":"AMBER COVE-TAINO BAY Super Buggy Tour"},"content":{"rendered":"<p>Votre aventure commence d\u00e8s que l'on vient vous chercher \u00e0 Amber Cove ou \u00e0 Taino Bay. Depuis Amber Cove, le trajet est de 2 minutes, et depuis Taino Bay, il est de 12 minutes jusqu'\u00e0 notre station de Super Buggy. \u00c0 l'arriv\u00e9e, votre guide vous donne des consignes de s\u00e9curit\u00e9 et vous \u00e9quipe pour la journ\u00e9e \u00e0 venir.<\/p>\n<p>Embarquez pour un voyage passionnant de 75 minutes \u00e0 travers la campagne, en passant par des villages dominicains et des plages magnifiques, pour vous immerger dans la vie locale anim\u00e9e et les paysages naturels \u00e0 couper le souffle.<\/p>\n<p>Le voyage comprend un arr\u00eat de 15 minutes dans une fabrique de cigares, o\u00f9 vous \u00eates invit\u00e9 \u00e0 d\u00e9guster des shots de MamaJuana et \u00e0 profiter d'une d\u00e9gustation de chocolat chaud et de caf\u00e9, offrant un avant-go\u00fbt de la tradition dominicaine.<\/p>\n<p>Ensuite, un arr\u00eat de 15 minutes \u00e0 la plage vous permet de vous rafra\u00eechir dans les eaux cristallines, un moyen id\u00e9al de se rafra\u00eechir.<\/p>\n<div class=\"toggle-content__content toggle-content__content--expanded toggle-content__content--packable\" data-v-59485d64=\"\">\n<div data-test-id=\"activity-full-description-text\" data-v-5835c99c=\"\">L'excursion se termine par un d\u00e9p\u00f4t au port de votre bateau de croisi\u00e8re, soit \u00e0 Amber Cove, soit \u00e0 Taino Bay, cl\u00f4turant ainsi une journ\u00e9e inoubliable d'exploration et d'amusement.<\/div>\n<\/div>\n<div class=\"toggle-content__label-placeholder\" data-v-59485d64=\"\"><\/div>","protected":false},"excerpt":{"rendered":"<div data-track=\"overview\" data-v-83a2b402=\"\">\n<section id=\"activity-overview\" class=\"activity-overview\" data-component=\"overview\" data-v-83a2b402=\"\" data-v-f3236c42=\"\">\n<p class=\"activity-overview__content\" data-test-id=\"activity-overview-content\" data-v-f3236c42=\"\">Explorez la R\u00e9publique dominicaine, des villages de campagne aux plages de sable dor\u00e9, lors d'une excursion en super buggy. Visitez une fabrique traditionnelle de cigares et go\u00fbtez au caf\u00e9 et au chocolat locaux.<\/p>\n<\/section>\n<\/div>\n<div data-track=\"key-details\" data-v-83a2b402=\"\"><\/div>","protected":false},"featured_media":11646,"template":"","meta":[],"product_brand":[],"product_cat":[97],"product_tag":[101,102],"class_list":{"0":"post-12463","1":"product","2":"type-product","3":"status-publish","4":"has-post-thumbnail","6":"product_cat-dominican-republic","7":"product_tag-excursion","8":"product_tag-tour","10":"first","11":"instock","12":"shipping-taxable","13":"product-type-external"},"_links":{"self":[{"href":"https:\/\/sabanadelamartours.com\/fr\/wp-json\/wp\/v2\/product\/12463","targetHints":{"allow":["GET"]}}],"collection":[{"href":"https:\/\/sabanadelamartours.com\/fr\/wp-json\/wp\/v2\/product"}],"about":[{"href":"https:\/\/sabanadelamartours.com\/fr\/wp-json\/wp\/v2\/types\/product"}],"version-history":[{"count":1,"href":"https:\/\/sabanadelamartours.com\/fr\/wp-json\/wp\/v2\/product\/12463\/revisions"}],"predecessor-version":[{"id":18488,"href":"https:\/\/sabanadelamartours.com\/fr\/wp-json\/wp\/v2\/product\/12463\/revisions\/18488"}],"wp:featuredmedia":[{"embeddable":true,"href":"https:\/\/sabanadelamartours.com\/fr\/wp-json\/wp\/v2\/media\/11646"}],"wp:attachment":[{"href":"https:\/\/sabanadelamartours.com\/fr\/wp-json\/wp\/v2\/media?parent=12463"}],"wp:term":[{"taxonomy":"product_brand","embeddable":true,"href":"https:\/\/sabanadelamartours.com\/fr\/wp-json\/wp\/v2\/product_brand?post=12463"},{"taxonomy":"product_cat","embeddable":true,"href":"https:\/\/sabanadelamartours.com\/fr\/wp-json\/wp\/v2\/product_cat?post=12463"},{"taxonomy":"product_tag","embeddable":true,"href":"https:\/\/sabanadelamartours.com\/fr\/wp-json\/wp\/v2\/product_tag?post=12463"}],"curies":[{"name":"wp","href":"https:\/\/api.w.org\/{rel}","templated":true}]}}