{"id":12486,"date":"2025-12-18T10:54:33","date_gmt":"2025-12-18T10:54:33","guid":{"rendered":"https:\/\/sabanadelamartours.com\/?post_type=product&#038;p=12486"},"modified":"2026-01-06T12:55:09","modified_gmt":"2026-01-06T12:55:09","slug":"-149","status":"publish","type":"product","link":"https:\/\/sabanadelamartours.com\/fr\/tournee\/-149\/","title":{"rendered":"Depuis Punta Cana : Balade en Jungle Buggy et visite guid\u00e9e de Monkeyland"},"content":{"rendered":"<p>The guides will teach you everything related to the safety and driving of the buggie, which are very easy to drive. Discover the landscapes and explore an incredible journey through unusual terrain, you can come with your friends and family to share these unique sensations that you will get at the wheel at 4\u00d74 speeds.<\/p>\n<p>Continue your tour with a visit to the coconut house or \u201cCasa del Coco\u201d to learn how coconut oil is produced and to taste fresh organic products. The next 45 minutes are spent in a guided tour of Monkeyland where you will interact in close proximity with friendly squirrel monkeys. These charming and intelligent monkeys come down from the trees to sit on your shoulder and eat from your hands.<\/p>","protected":false},"excerpt":{"rendered":"<div data-track=\"overview\" data-v-83a2b402=\"\">\n<section id=\"activity-overview\" class=\"activity-overview\" data-component=\"overview\" data-v-83a2b402=\"\" data-v-f3236c42=\"\">\n<p class=\"activity-overview__content\" data-test-id=\"activity-overview-content\" data-v-f3236c42=\"\">Profitez de l'ultime excursion d'une journ\u00e9e au d\u00e9part de Punta Cana, avec une promenade en buggy dans la jungle, la visite d'une maison traditionnelle de noix de coco et une visite guid\u00e9e de Monkeyland, o\u00f9 vous pourrez approcher de pr\u00e8s les singes \u00e9cureuils.<\/p>\n<\/section>\n<\/div>\n<div data-track=\"key-details\" data-v-83a2b402=\"\"><\/div>","protected":false},"featured_media":12746,"template":"","meta":[],"product_brand":[],"product_cat":[97],"product_tag":[101,102],"class_list":{"0":"post-12486","1":"product","2":"type-product","3":"status-publish","4":"has-post-thumbnail","6":"product_cat-dominican-republic","7":"product_tag-excursion","8":"product_tag-tour","10":"first","11":"instock","12":"shipping-taxable","13":"product-type-external"},"_links":{"self":[{"href":"https:\/\/sabanadelamartours.com\/fr\/wp-json\/wp\/v2\/product\/12486","targetHints":{"allow":["GET"]}}],"collection":[{"href":"https:\/\/sabanadelamartours.com\/fr\/wp-json\/wp\/v2\/product"}],"about":[{"href":"https:\/\/sabanadelamartours.com\/fr\/wp-json\/wp\/v2\/types\/product"}],"version-history":[{"count":1,"href":"https:\/\/sabanadelamartours.com\/fr\/wp-json\/wp\/v2\/product\/12486\/revisions"}],"predecessor-version":[{"id":18551,"href":"https:\/\/sabanadelamartours.com\/fr\/wp-json\/wp\/v2\/product\/12486\/revisions\/18551"}],"wp:featuredmedia":[{"embeddable":true,"href":"https:\/\/sabanadelamartours.com\/fr\/wp-json\/wp\/v2\/media\/12746"}],"wp:attachment":[{"href":"https:\/\/sabanadelamartours.com\/fr\/wp-json\/wp\/v2\/media?parent=12486"}],"wp:term":[{"taxonomy":"product_brand","embeddable":true,"href":"https:\/\/sabanadelamartours.com\/fr\/wp-json\/wp\/v2\/product_brand?post=12486"},{"taxonomy":"product_cat","embeddable":true,"href":"https:\/\/sabanadelamartours.com\/fr\/wp-json\/wp\/v2\/product_cat?post=12486"},{"taxonomy":"product_tag","embeddable":true,"href":"https:\/\/sabanadelamartours.com\/fr\/wp-json\/wp\/v2\/product_tag?post=12486"}],"curies":[{"name":"wp","href":"https:\/\/api.w.org\/{rel}","templated":true}]}}