{"id":12498,"date":"2025-12-18T10:54:54","date_gmt":"2025-12-18T10:54:54","guid":{"rendered":"https:\/\/sabanadelamartours.com\/?post_type=product&#038;p=12498"},"modified":"2026-01-06T13:10:24","modified_gmt":"2026-01-06T13:10:24","slug":"-151","status":"publish","type":"product","link":"https:\/\/sabanadelamartours.com\/fr\/tournee\/-151\/","title":{"rendered":"Bavaro Punta Cana : Tour de ville avec les mod\u00e8les Harley E-Scooters"},"content":{"rendered":"<p>A unique and exclusive Tour in the area, the only Tour with Eco-friendly Electric Bikes and very easy to ride. The tour is a guided tour of approximately 3 hours. With the tour, you will visit several places to explore, take pictures, or buy some gifts. The vibe and atmosphere are super fun and the attention is very personal because the groups are small.<\/p>\n<p>Cruise along areas with great sceneries and discover all the wonders of Bavaro and its vicinity. At our last stop, you will have the opportunity to enjoy a typically Dominican Lunch at the restaurant Yeya or a special Cocktail at the Mixology Bar.<\/p>\n<p>If you want to celebrate any anniversary, bachelor party or any event with your friends and family try us out.<\/p>\n<p>Transportation from and back to most resorts and hotels in the area is included.<\/p>","protected":false},"excerpt":{"rendered":"<div data-track=\"overview\" data-v-83a2b402=\"\">\n<section id=\"activity-overview\" class=\"activity-overview\" data-component=\"overview\" data-v-83a2b402=\"\" data-v-f3236c42=\"\">\n<p class=\"activity-overview__content\" data-test-id=\"activity-overview-content\" data-v-f3236c42=\"\">Explorez les joyaux cach\u00e9s de Bavaro et du centre-ville avec style sur un v\u00e9lo \u00e9lectrique facile \u00e0 conduire, avec plusieurs arr\u00eats pour profiter de ce que Bavaro offre et faire des souvenirs inoubliables.<\/p>\n<\/section>\n<\/div>\n<div data-track=\"key-details\" data-v-83a2b402=\"\"><\/div>","protected":false},"featured_media":12759,"template":"","meta":[],"product_brand":[],"product_cat":[97],"product_tag":[101,102],"class_list":{"0":"post-12498","1":"product","2":"type-product","3":"status-publish","4":"has-post-thumbnail","6":"product_cat-dominican-republic","7":"product_tag-excursion","8":"product_tag-tour","10":"first","11":"instock","12":"shipping-taxable","13":"product-type-external"},"_links":{"self":[{"href":"https:\/\/sabanadelamartours.com\/fr\/wp-json\/wp\/v2\/product\/12498","targetHints":{"allow":["GET"]}}],"collection":[{"href":"https:\/\/sabanadelamartours.com\/fr\/wp-json\/wp\/v2\/product"}],"about":[{"href":"https:\/\/sabanadelamartours.com\/fr\/wp-json\/wp\/v2\/types\/product"}],"version-history":[{"count":1,"href":"https:\/\/sabanadelamartours.com\/fr\/wp-json\/wp\/v2\/product\/12498\/revisions"}],"predecessor-version":[{"id":18552,"href":"https:\/\/sabanadelamartours.com\/fr\/wp-json\/wp\/v2\/product\/12498\/revisions\/18552"}],"wp:featuredmedia":[{"embeddable":true,"href":"https:\/\/sabanadelamartours.com\/fr\/wp-json\/wp\/v2\/media\/12759"}],"wp:attachment":[{"href":"https:\/\/sabanadelamartours.com\/fr\/wp-json\/wp\/v2\/media?parent=12498"}],"wp:term":[{"taxonomy":"product_brand","embeddable":true,"href":"https:\/\/sabanadelamartours.com\/fr\/wp-json\/wp\/v2\/product_brand?post=12498"},{"taxonomy":"product_cat","embeddable":true,"href":"https:\/\/sabanadelamartours.com\/fr\/wp-json\/wp\/v2\/product_cat?post=12498"},{"taxonomy":"product_tag","embeddable":true,"href":"https:\/\/sabanadelamartours.com\/fr\/wp-json\/wp\/v2\/product_tag?post=12498"}],"curies":[{"name":"wp","href":"https:\/\/api.w.org\/{rel}","templated":true}]}}