{"id":12522,"date":"2025-12-18T10:55:48","date_gmt":"2025-12-18T10:55:48","guid":{"rendered":"https:\/\/sabanadelamartours.com\/?post_type=product&#038;p=12522"},"modified":"2026-01-06T13:13:38","modified_gmt":"2026-01-06T13:13:38","slug":"-153","status":"publish","type":"product","link":"https:\/\/sabanadelamartours.com\/fr\/tournee\/-153\/","title":{"rendered":"Puerto Plata : Excursion de plong\u00e9e en catamaran avec buffet"},"content":{"rendered":"<p>We invite you to embark on a beautiful catamaran, which will be waiting especially for you on the beach.<\/p>\n<p>At this precise moment the magic of your boat trip will be revealed. We will take you on a journey along the most breath-taking coastline of the North Coast. Your sailing discovery will be one of total comfort in the best conditions one can ever hope to experience.<\/p>\n<p>Before lunch, we will stop to snorkeling on a wonderful coral reef. After cruising along the beaches, the luxurious 75 foot catamaran will anchor in Sosua<\/p>\n<p>Swimming, relaxing, lunching onboard. You can also have a 2nd snorkeling experience.<\/p>\n<p>We will then continue downwind with music and animation. Sailing along Puerto Plata before arriving to the magnificient marina of Ocean World. You will disembark at this place.<\/p>","protected":false},"excerpt":{"rendered":"<div data-track=\"overview\" data-v-83a2b402=\"\">\n<section id=\"activity-overview\" class=\"activity-overview\" data-component=\"overview\" data-v-83a2b402=\"\" data-v-f3236c42=\"\">\n<p class=\"activity-overview__content\" data-test-id=\"activity-overview-content\" data-v-f3236c42=\"\">Explorez deux r\u00e9cifs coralliens dans la baie de Sosua, pr\u00e8s de Puerto Plata, lors de cette excursion d'une journ\u00e9e \u00e0 bord d'un catamaran. Nagez ou faites de la plong\u00e9e avec masque et tuba avec les poissons tropicaux et offrez-vous un d\u00e9jeuner buffet sur le bateau.<\/p>\n<\/section>\n<\/div>\n<div data-track=\"key-details\" data-v-83a2b402=\"\"><\/div>","protected":false},"featured_media":12796,"template":"","meta":[],"product_brand":[],"product_cat":[97],"product_tag":[101,102],"class_list":{"0":"post-12522","1":"product","2":"type-product","3":"status-publish","4":"has-post-thumbnail","6":"product_cat-dominican-republic","7":"product_tag-excursion","8":"product_tag-tour","10":"first","11":"instock","12":"shipping-taxable","13":"product-type-external"},"_links":{"self":[{"href":"https:\/\/sabanadelamartours.com\/fr\/wp-json\/wp\/v2\/product\/12522","targetHints":{"allow":["GET"]}}],"collection":[{"href":"https:\/\/sabanadelamartours.com\/fr\/wp-json\/wp\/v2\/product"}],"about":[{"href":"https:\/\/sabanadelamartours.com\/fr\/wp-json\/wp\/v2\/types\/product"}],"version-history":[{"count":1,"href":"https:\/\/sabanadelamartours.com\/fr\/wp-json\/wp\/v2\/product\/12522\/revisions"}],"predecessor-version":[{"id":18554,"href":"https:\/\/sabanadelamartours.com\/fr\/wp-json\/wp\/v2\/product\/12522\/revisions\/18554"}],"wp:featuredmedia":[{"embeddable":true,"href":"https:\/\/sabanadelamartours.com\/fr\/wp-json\/wp\/v2\/media\/12796"}],"wp:attachment":[{"href":"https:\/\/sabanadelamartours.com\/fr\/wp-json\/wp\/v2\/media?parent=12522"}],"wp:term":[{"taxonomy":"product_brand","embeddable":true,"href":"https:\/\/sabanadelamartours.com\/fr\/wp-json\/wp\/v2\/product_brand?post=12522"},{"taxonomy":"product_cat","embeddable":true,"href":"https:\/\/sabanadelamartours.com\/fr\/wp-json\/wp\/v2\/product_cat?post=12522"},{"taxonomy":"product_tag","embeddable":true,"href":"https:\/\/sabanadelamartours.com\/fr\/wp-json\/wp\/v2\/product_tag?post=12522"}],"curies":[{"name":"wp","href":"https:\/\/api.w.org\/{rel}","templated":true}]}}