{"id":12539,"date":"2025-12-18T10:56:28","date_gmt":"2025-12-18T10:56:28","guid":{"rendered":"https:\/\/sabanadelamartours.com\/?post_type=product&#038;p=12539"},"modified":"2026-02-10T03:21:42","modified_gmt":"2026-02-10T03:21:42","slug":"-155","status":"publish","type":"product","link":"https:\/\/sabanadelamartours.com\/fr\/tournee\/-155\/","title":{"rendered":"Cuisine dominicaine et promenade en hotte"},"content":{"rendered":"<p>Plongez dans la capitale de la ville de Saint-Domingue lors de cette visite \u00e0 pied \u00e0 environ 3 minutes de la zone coloniale. Au cours de cette excursion d'une demi-journ\u00e9e, suivez vos guides locaux n\u00e9s et \u00e9lev\u00e9s dans ces quartiers pour d\u00e9couvrir certains des endroits cach\u00e9s, montez \u00e0 bord d'un \u201cCarro De Concho\u201d (moyen de transport typique) qui traverse le c\u0153ur de diff\u00e9rents quartiers de la capitale dominicaine, arr\u00eatez-vous devant le panneau de notre hotte, visitez le studio o\u00f9 de nombreux succ\u00e8s dominicains ont \u00e9t\u00e9 produits, visitez une maison typique, aidez nos habitants \u00e0 cuisiner des plats dominicains typiques ou go\u00fbtez des galettes dominicaines typiques (les plats faits maison sont offerts sur r\u00e9servation pour deux personnes et plus), de la cr\u00e8me glac\u00e9e dominicaine (helado de fundita) et profitez des vues fantastiques de Saint-Domingue depuis le haut de notre t\u00e9l\u00e9ph\u00e9rique et de notre m\u00e9tro moderne.<\/p>","protected":false},"excerpt":{"rendered":"<div data-track=\"overview\" data-v-83a2b402=\"\">\n<section id=\"activity-overview\" class=\"activity-overview\" data-component=\"overview\" data-v-83a2b402=\"\" data-v-f3236c42=\"\">\n<p class=\"activity-overview__content\" data-test-id=\"activity-overview-content\" data-v-f3236c42=\"\">Si vous \u00eates curieux, participez \u00e0 nos visites immersives avec des habitants et sentez-vous comme un authentique local car nous vous montrerons l'autre c\u00f4t\u00e9 de Saint-Domingue d'une mani\u00e8re s\u00fbre et organis\u00e9e.<\/p>\n<\/section>\n<\/div>\n<div data-track=\"key-details\" data-v-83a2b402=\"\"><\/div>","protected":false},"featured_media":12819,"template":"","meta":[],"product_brand":[],"product_cat":[97],"product_tag":[101,102],"class_list":{"0":"post-12539","1":"product","2":"type-product","3":"status-publish","4":"has-post-thumbnail","6":"product_cat-dominican-republic","7":"product_tag-excursion","8":"product_tag-tour","10":"first","11":"instock","12":"sale","13":"shipping-taxable","14":"product-type-external"},"_links":{"self":[{"href":"https:\/\/sabanadelamartours.com\/fr\/wp-json\/wp\/v2\/product\/12539","targetHints":{"allow":["GET"]}}],"collection":[{"href":"https:\/\/sabanadelamartours.com\/fr\/wp-json\/wp\/v2\/product"}],"about":[{"href":"https:\/\/sabanadelamartours.com\/fr\/wp-json\/wp\/v2\/types\/product"}],"version-history":[{"count":1,"href":"https:\/\/sabanadelamartours.com\/fr\/wp-json\/wp\/v2\/product\/12539\/revisions"}],"predecessor-version":[{"id":18901,"href":"https:\/\/sabanadelamartours.com\/fr\/wp-json\/wp\/v2\/product\/12539\/revisions\/18901"}],"wp:featuredmedia":[{"embeddable":true,"href":"https:\/\/sabanadelamartours.com\/fr\/wp-json\/wp\/v2\/media\/12819"}],"wp:attachment":[{"href":"https:\/\/sabanadelamartours.com\/fr\/wp-json\/wp\/v2\/media?parent=12539"}],"wp:term":[{"taxonomy":"product_brand","embeddable":true,"href":"https:\/\/sabanadelamartours.com\/fr\/wp-json\/wp\/v2\/product_brand?post=12539"},{"taxonomy":"product_cat","embeddable":true,"href":"https:\/\/sabanadelamartours.com\/fr\/wp-json\/wp\/v2\/product_cat?post=12539"},{"taxonomy":"product_tag","embeddable":true,"href":"https:\/\/sabanadelamartours.com\/fr\/wp-json\/wp\/v2\/product_tag?post=12539"}],"curies":[{"name":"wp","href":"https:\/\/api.w.org\/{rel}","templated":true}]}}