{"id":12624,"date":"2025-12-18T10:59:57","date_gmt":"2025-12-18T10:59:57","guid":{"rendered":"https:\/\/sabanadelamartours.com\/?post_type=product&#038;p=12624"},"modified":"2026-02-10T03:30:34","modified_gmt":"2026-02-10T03:30:34","slug":"los-haitises-bacardi-island-cayo-levantado-depuis-las-terrenas","status":"publish","type":"product","link":"https:\/\/sabanadelamartours.com\/fr\/tournee\/los-haitises-bacardi-island-cayo-levantado-depuis-las-terrenas\/","title":{"rendered":"Las Terrenas : Los Haitises et l'\u00eele Bacardi (Cayo Levantado)"},"content":{"rendered":"<div class=\"wpb-content-wrapper\"><div class=\"vc_row wpb_row st bg-holder\"><div class='container'><div class='row'>\n\t<div class=\"wpb_column column_container col-md-12\"><div class=\"vc_column-inner wpb_wrapper\">\n\t\t\t[mkdf_section_title title_tag=\u201d\u201d disable_break_words=\u201dno\u201d subtitle_tag=\u201d\u201d text_font_weight=\u201d\u201d title=\u201dLos Haitises &amp; Bacardi Island (Cayo Levantado) From Las Terrenas\u201d subtitle=\u201dEco Tours with Locals\u201d text=\u201dSi vous \u00eates \u00e0 Las Terrenas. C'est la meilleure excursion d'une journ\u00e9e avec d\u00e9jeuner \u00e0 Cayo Levantado. Prise en charge \u00e0 l'h\u00f4tel \u00e0 Las Terrenas vers 8:00 Am et retour \u00e0 17:20 PM.\u201d]].<div class=\"vc_btn3-container vc_btn3-inline vc_do_btn\" ><a class=\"vc_general vc_btn3 vc_btn3-size-md vc_btn3-shape-rounded vc_btn3-style-modern vc_btn3-color-green\" href=\"https:\/\/bookingadventures.tours\/booking.php?tour_id=be7de98d2703255b609767e6ac0770d5\" title=\"\" target=\"_blank\" rel=\"noopener\">R\u00c9SERVEZ MAINTENANT<\/a><\/div><\/div>\n\t<\/div> \n<\/div><!--End .row--><\/div><!--End .container--><\/div><div class=\"vc_row wpb_row st bg-holder\"><div class='container'><div class='row'>\n\t<div class=\"wpb_column column_container col-md-12\"><div class=\"vc_column-inner wpb_wrapper\">\n\t\t\t\n\t<div class=\"wpb_text_column wpb_content_element\" >\n\t\t<div class=\"wpb_wrapper\">\n\t\t\t<h4><\/h4>\n<h2>Los Haitises et l'\u00eele Bacardi (Cayo Levantado) depuis Las Terrenas<\/h2>\n<h4><b><i>Vue d'ensemble <\/i><\/b><\/h4>\n<p>Parc national de Los Haitises au d\u00e9part du port de Saman\u00e1 et d\u00e9jeuner sur l'\u00eele de Bacardi.  Venez avec nous et visitez le plus beau parc national de la R\u00e9publique Dominicaine, en visitant les mangroves, les grottes et la baie de San Lorenzo et en traversant la magnifique baie de Saman\u00e1. Puis retour dans la r\u00e9gion de Saman\u00e1 pour visiter l'\u00eele de Bacardi, d\u00e9jeuner sur la plage et se baigner sur l'une des plus belles plages de la baie de Saman\u00e1.<\/p>\n<p>Apr\u00e8s cette exp\u00e9rience, vous retournerez au port de Saman\u00e1.<\/p>\n<ul>\n<li style=\"font-weight: 400;\">Frais inclus<\/li>\n<li>D\u00e9jeuner \u00e0 l'\u00eele de Bacardi inclus<\/li>\n<li style=\"font-weight: 400;\"><span style=\"font-weight: 400;\">Le guide fournit des instructions et une supervision<\/span><\/li>\n<\/ul>\n<p>&nbsp;<\/p>\n<h4><b>Inclusions et exclusions<\/b><\/h4>\n<p><b>Inclusions<\/b><\/p>\n<ol>\n<li style=\"font-weight: 400;\">Visite de Los Haitises + grottes et pictogrammes<\/li>\n<li>D\u00e9jeuner \u00e0 Cayo Levantado (\u00eele Bacardi) si vous souhaitez un circuit similaire : Los Haitises + Ca\u00f1o Hondo<\/li>\n<li style=\"font-weight: 400;\"><span style=\"font-weight: 400;\">Toutes les taxes, tous les frais et tous les frais de gestion<\/span><\/li>\n<li style=\"font-weight: 400;\"><span style=\"font-weight: 400;\">Imp\u00f4ts locaux<\/span><\/li>\n<li style=\"font-weight: 400;\"><span style=\"font-weight: 400;\">Boissons<\/span><\/li>\n<li style=\"font-weight: 400;\"><span style=\"font-weight: 400;\">Toutes les activit\u00e9s<\/span><\/li>\n<li>Transport<\/li>\n<li style=\"font-weight: 400;\"><span style=\"font-weight: 400;\">Guide local<\/span><\/li>\n<\/ol>\n<p><b> Exclusions<\/b><\/p>\n<ol>\n<li style=\"font-weight: 400;\"><span style=\"font-weight: 400;\">Pourboires<\/span><\/li>\n<li style=\"font-weight: 400;\"><span style=\"font-weight: 400;\">Boissons alcoolis\u00e9es<\/span><\/li>\n<\/ol>\n<p>&nbsp;<\/p>\n<h4><em><strong>D\u00e9part et retour<\/strong><\/em><\/h4>\n<p><span style=\"font-weight: 400;\">Le voyageur obtiendra un point de rencontre apr\u00e8s le processus de r\u00e9servation. Les circuits commencent et se terminent \u00e0 nos points de rencontre.<\/span><\/p>\n<p>&nbsp;<\/p>\n<h2>Los Haitises et l'\u00eele Bacardi (Cayo Levantado) depuis Las Terrenas<\/h2>\n<h4><b><i>\u00c0 quoi s'attendre ?<\/i><\/b><\/h4>\n<p><b><i>V<\/i><\/b>isiting<strong> Parc national de Los Haitises<\/strong> avec un merveilleux d\u00e9jeuner \u00e0<strong> \u00cele de Cayo Levantado<\/strong> et la baignade \u00e0 la plage. De Las Terrenas \u00e0\u00a0 <strong>Port de Saman\u00e1 et<\/strong> \u00e0 bord d'un bateau ou d'un catamaran avec un guide local, nous passons la baie de Saman\u00e1 jusqu'\u00e0 Sabana de la Mar pour visiter l'un des plus beaux parcs nationaux de la R\u00e9publique dominicaine. <em><strong>Le parc national des Haitises<\/strong><\/em>.<\/p>\n<p>L'excursion, organis\u00e9e par Booking Adventures, commence au point de rendez-vous fix\u00e9 par le guide touristique. Venez avec Booking Adventures et commencez \u00e0 d\u00e9couvrir des mangroves pleines d'oiseaux, des collines ondulantes \u00e0 la v\u00e9g\u00e9tation luxuriante et des grottes d'une beaut\u00e9 exceptionnelle. <em><strong>Parc national de Los Haitises<\/strong><\/em>. Visite de l'\u00eele avec les oiseaux autour. En p\u00e9riode de nidification, on peut m\u00eame voir les oisillons de Pelecanos sur les nids. Approfondir la connaissance des \u00eeles Rocheuses et visiter les grottes avec des pictogrammes et des p\u00e9trographes des peuples indig\u00e8nes.<\/p>\n<p>Traversez les mangroves et d\u00e9barquez dans la baie ouverte de San Lorenzo, d'o\u00f9 vous pourrez photographier le paysage forestier accident\u00e9. Regardez vers l'eau pour apercevoir <em><strong>Lamantins<\/strong><\/em>, les crustac\u00e9s, et <em><strong>dauphins.<\/strong><\/em><\/p>\n<h2><strong>Grottes du parc national de Los Haitises<\/strong><\/h2>\n<div class=\"body-description secondary\">\n<p>Le parc national tire son nom de ses premiers habitants, les Indiens Taino. Dans leur langue, \u201cHaitises\u201d signifie \"hautes terres\" ou \"collines\", en r\u00e9f\u00e9rence aux formations g\u00e9ologiques escarp\u00e9es de calcaire du littoral. Aventurez-vous plus profond\u00e9ment dans le parc pour explorer des grottes telles que la <em><strong>Cueva de la Arena<\/strong><\/em> et <strong><em>Cueva de la L\u00ednea.<\/em><\/strong><\/p>\n<p>Les grottes de la r\u00e9serve servaient d'abri aux Indiens Taino et, plus tard, aux pirates qui s'y cachaient. Cherchez les dessins des Indiens qui d\u00e9corent certains murs. Apr\u00e8s avoir visit\u00e9 le parc national Los Haitises, nous retournerons au port de Saman\u00e1 en passant par la baie de Saman\u00e1 pendant 30 minutes et en visitant l'\u00eele de Bacardi. Nous prendrons un d\u00e9jeuner typique sur l'\u00eele. Si vous \u00eates v\u00e9g\u00e9talien, ne vous inqui\u00e9tez pas, nous avons aussi de la nourriture pour vous !<\/p>\n<p>Apr\u00e8s avoir nag\u00e9 tout l'apr\u00e8s-midi et s'\u00eatre d\u00e9tendu sur la plage, notre guide vous indiquera l'heure du retour au port de Saman\u00e1.<\/p>\n<\/div>\n<p>Au cas o\u00f9 vous aimeriez que ce voyage soit plus long ou plus court, nous avons ces options :<\/p>\n<ol>\n<li>Juste Los Haitises du port de Saman\u00e1.<\/li>\n<li>Los Haitises + Ca\u00f1o Hondo depuis le port de Saman\u00e1.<\/li>\n<\/ol>\n<p>&nbsp;<\/p>\n<h4><em><strong>Que faut-il apporter ?<\/strong><\/em><\/h4>\n<ul>\n<li style=\"font-weight: 400;\"><span style=\"font-weight: 400;\">Appareil photo<\/span><\/li>\n<li style=\"font-weight: 400;\"><span style=\"font-weight: 400;\">Bourgeons r\u00e9pulsifs<\/span><\/li>\n<li style=\"font-weight: 400;\"><span style=\"font-weight: 400;\">Cr\u00e8me solaire<\/span><\/li>\n<li style=\"font-weight: 400;\"><span style=\"font-weight: 400;\">Chapeau<\/span><\/li>\n<li style=\"font-weight: 400;\"><span style=\"font-weight: 400;\">Pantalon confortable<\/span><\/li>\n<li style=\"font-weight: 400;\"><span style=\"font-weight: 400;\">Chaussures de randonn\u00e9e pour la for\u00eat<\/span><\/li>\n<li style=\"font-weight: 400;\"><span style=\"font-weight: 400;\">Sandals to the Spring areas.<\/span><\/li>\n<li style=\"font-weight: 400;\"><span style=\"font-weight: 400;\">V\u00eatements de bain<\/span><\/li>\n<\/ul>\n<p>&nbsp;<\/p>\n<h4><b><i>Ramassage \u00e0 l'h\u00f4tel <\/i><\/b><\/h4>\n<p><span style=\"font-weight: 400;\">Une prise en charge \u00e0 l'h\u00f4tel est propos\u00e9e \u00e0 partir de Las Terrenas. <\/span><\/p>\n<p>&nbsp;<\/p>\n<p><b>Remarque :<\/b><span style=\"font-weight: 400;\"> Si vous r\u00e9servez dans les 24 heures pr\u00e9c\u00e9dant l'heure de d\u00e9part de la visite\/excursion, nous pouvons organiser la prise en charge \u00e0 l'h\u00f4tel moyennant des frais suppl\u00e9mentaires. Une fois votre achat effectu\u00e9, nous vous enverrons les coordonn\u00e9es compl\u00e8tes (num\u00e9ro de t\u00e9l\u00e9phone, adresse \u00e9lectronique, etc.) de notre guide local pour organiser la prise en charge.<\/span><\/p>\n<h4><b><i>Informations compl\u00e9mentaires Confirmation <\/i><\/b><\/h4>\n<ol>\n<li>Les billets sont le re\u00e7u apr\u00e8s le paiement de cette tourn\u00e9e. Vous pouvez montrer le paiement sur votre t\u00e9l\u00e9phone.<\/li>\n<li style=\"font-weight: 400;\"><span style=\"font-weight: 400;\">Le point de rencontre sera communiqu\u00e9 apr\u00e8s le processus de r\u00e9servation.<\/span><\/li>\n<li style=\"font-weight: 400;\"><span style=\"font-weight: 400;\">Les enfants doivent \u00eatre accompagn\u00e9s d'un adulte.<\/span><\/li>\n<li style=\"font-weight: 400;\"><span style=\"font-weight: 400;\"> Non accessible aux fauteuils roulants <\/span><\/li>\n<li style=\"font-weight: 400;\"><span style=\"font-weight: 400;\">Les enfants en bas \u00e2ge doivent \u00eatre assis sur les genoux <\/span><\/li>\n<li style=\"font-weight: 400;\"><span style=\"font-weight: 400;\">D\u00e9conseill\u00e9 aux voyageurs souffrant de probl\u00e8mes de dos<\/span><\/li>\n<li style=\"font-weight: 400;\"><span style=\"font-weight: 400;\">D\u00e9conseill\u00e9 aux voyageuses enceintes <\/span><\/li>\n<li style=\"font-weight: 400;\"><span style=\"font-weight: 400;\"> Pas de probl\u00e8mes cardiaques ou d'autres maladies graves <\/span><\/li>\n<li style=\"font-weight: 400;\"><span style=\"font-weight: 400;\">La plupart des voyageurs peuvent participer<\/span><\/li>\n<\/ol>\n<h4><b><i>Politique d'annulation<\/i><\/b><\/h4>\n<p>Pour un remboursement complet, veuillez lire nos politiques d'annulation.\u00a0<a href=\"https:\/\/ticketswhales.com\/online-booking\/\" target=\"_blank\" rel=\"noopener\" data-saferedirecturl=\"https:\/\/www.google.com\/url?q=https:\/\/ticketswhales.com\/online-booking\/&amp;source=gmail&amp;ust=1672449202351000&amp;usg=AOvVaw1yAeVAPktmaVCqDujgUn90\">Cliquez ici<\/a>. Les fonds seront perdus si la r\u00e9servation est annul\u00e9e le jour m\u00eame du voyage.<\/p>\n\n\t\t<\/div>\n\t<\/div>\n<div class=\"vc_btn3-container vc_btn3-inline vc_do_btn\" ><a class=\"vc_general vc_btn3 vc_btn3-size-md vc_btn3-shape-rounded vc_btn3-style-modern vc_btn3-color-green\" href=\"https:\/\/bookingadventures.tours\/booking.php?tour_id=be7de98d2703255b609767e6ac0770d5\" title=\"\" target=\"_blank\" rel=\"noopener\">R\u00c9SERVEZ MAINTENANT<\/a><\/div>\n\t<div class=\"wpb_video_widget wpb_content_element vc_clearfix   vc_video-aspect-ratio-169 vc_video-el-width-100 vc_video-align-left\" >\n\t\t<div class=\"wpb_wrapper\">\n\t\t\t<h2 class=\"wpb_heading wpb_video_heading\">Parc national de Los Haitises<\/h2>\n\t\t\t<div class=\"wpb_video_wrapper\"><iframe title=\"Parc national de Los Haitises Tours et excursions\" width=\"500\" height=\"281\" src=\"https:\/\/www.youtube.com\/embed\/vMI4Ou81cd4?feature=oembed\" frameborder=\"0\" allow=\"accelerometer; autoplay; clipboard-write; encrypted-media; gyroscope; picture-in-picture; web-share\" referrerpolicy=\"strict-origin-when-cross-origin\" allowfullscreen><\/iframe><\/div>\n\t\t<\/div>\n\t<\/div>\n<\/div>\n\t<\/div> \n<\/div><!--End .row--><\/div><!--End .container--><\/div>\n\t<div class=\"wpb_column column_container col-md-12\"><div class=\"vc_column-inner wpb_wrapper\">\n\t\t\t<div class=\"vc_btn3-container vc_btn3-inline vc_do_btn\" ><a class=\"vc_general vc_btn3 vc_btn3-size-md vc_btn3-shape-rounded vc_btn3-style-modern vc_btn3-color-green\" href=\"https:\/\/bookingadventures.tours\/booking.php?tour_id=be7de98d2703255b609767e6ac0770d5\" title=\"\" target=\"_blank\" rel=\"noopener\">R\u00c9SERVEZ MAINTENANT<\/a><\/div><\/div>\n\t<\/div> \n<div class=\"vc_empty_space\"   style=\"height: 32px\"><span class=\"vc_empty_space_inner\"><\/span><\/div><div class=\"vc_row wpb_row st bg-holder\"><div class='container'><div class='row'><\/div><!--End .row--><\/div><!--End .container--><\/div>\n\t<div class=\"wpb_column column_container col-md-12\"><div class=\"vc_column-inner wpb_wrapper\">\n\t\t\t<\/div>\n\t<\/div> \n[mkdf_section_title title_tag=\u201d\u201d disable_break_words=\u201dno\u201d title=\u201dLos Haitises y Cayo Levantado\u201d]]<div class=\"vc_empty_space\"   style=\"height: 32px\"><span class=\"vc_empty_space_inner\"><\/span><\/div><div class=\"vc_row wpb_row st bg-holder\"><div class='container'><div class='row'><\/div><!--End .row--><\/div><!--End .container--><\/div>\n\t<div class=\"wpb_column column_container col-md-12\"><div class=\"vc_column-inner wpb_wrapper\">\n\t\t\t<\/div>\n\t<\/div>\n<\/div>","protected":false},"excerpt":{"rendered":"<p id=\"tw-target-text\" class=\"tw-data-text tw-text-large tw-ta\" dir=\"ltr\" data-placeholder=\"Translation\"><span class=\"Y2IQFc\" lang=\"en\">Excursion \u00e0 Los Haitises et Cayo Levantado depuis Las Terrenas, excursion \u00e9cologique dans le parc national de Los Haitises avec un guide touristique local. Visite des cl\u00e9s du parc national de Los Haitises, des mangroves, de la v\u00e9g\u00e9tation, de l'observation des oiseaux, des grottes, des pictogrammes et des zones historiques de Sabana de la Mar dans le parc national de Los Haitises. Apr\u00e8s Los Haitises, nous avons d\u00e9jeun\u00e9 sur la plage de l'\u00eele de Bacardi. R\u00e9servez d\u00e8s maintenant l'excursion au parc national Los Haitises depuis le port de Saman\u00e1 + l'\u00eele de Bacardi (Cayo Levantado) avec nous. <\/span><\/p>\n<p class=\"tw-data-text tw-text-large tw-ta\" dir=\"ltr\" data-placeholder=\"Translation\"><strong><span class=\"Y2IQFc\" lang=\"en\">S\u00e9lectionnez la date de la tourn\u00e9e :<\/span><\/strong><\/p>","protected":false},"featured_media":12888,"template":"","meta":[],"product_brand":[],"product_cat":[115,156,157,158,117],"product_tag":[121,159,160,161,162,124,163,164,165,166,167,168,169,170,171,172,173,174,175,176,177,178,179,180,181,182,127,129,130,183],"class_list":{"0":"post-12624","1":"product","2":"type-product","3":"status-publish","4":"has-post-thumbnail","6":"product_cat-1-samana","7":"product_cat-boat-trip-los-haitises","8":"product_cat-los-haitises-terrenas","9":"product_cat-tours-excursions-los-haitises-national-park","10":"product_cat-tours-excursions-samana-bay-dominican-republic","11":"product_tag-bacardi-island","12":"product_tag-bacardi-island-tours","13":"product_tag-birdwatching","14":"product_tag-boat-tour","15":"product_tag-caves-los-haitises","16":"product_tag-cayo-levantado","17":"product_tag-cayo-levantado-tour","18":"product_tag-eco-tours","19":"product_tag-excursiones-a-los-haitises-y-cayo-levantado","20":"product_tag-haitises-park-and-cayo-levantado-island","21":"product_tag-los-haitises","22":"product_tag-los-haitises-and-cayo-levantado","23":"product_tag-los-haitises-excursiones","24":"product_tag-los-haitises-excursions","25":"product_tag-los-haitises-mapa","26":"product_tag-los-haitises-mas-cayo-levantado","27":"product_tag-los-haitises-national-park","28":"product_tag-los-haitises-national-park-map","29":"product_tag-los-haitises-national-park-mas-cayo-levantado","30":"product_tag-los-haitises-national-park-tour-from-las-terrenas","31":"product_tag-los-haitises-national-park-tour-from-samana-port-bacardi-island-cayo-levantado","32":"product_tag-los-haitises-national-park-tour-from-santo-domingo","33":"product_tag-los-haitises-park-tour-cayo-levantado-island","34":"product_tag-los-haitises-samana","35":"product_tag-los-haitises-y-cayo-levantado","36":"product_tag-sabana-de-la-mar","37":"product_tag-samana","38":"product_tag-samana-excursions","39":"product_tag-samana-tours","40":"product_tag-tour-los-haitises-national-park-cayo-levantado","42":"first","43":"instock","44":"sale","45":"sold-individually","46":"shipping-taxable","47":"product-type-external"},"_links":{"self":[{"href":"https:\/\/sabanadelamartours.com\/fr\/wp-json\/wp\/v2\/product\/12624","targetHints":{"allow":["GET"]}}],"collection":[{"href":"https:\/\/sabanadelamartours.com\/fr\/wp-json\/wp\/v2\/product"}],"about":[{"href":"https:\/\/sabanadelamartours.com\/fr\/wp-json\/wp\/v2\/types\/product"}],"version-history":[{"count":2,"href":"https:\/\/sabanadelamartours.com\/fr\/wp-json\/wp\/v2\/product\/12624\/revisions"}],"predecessor-version":[{"id":18908,"href":"https:\/\/sabanadelamartours.com\/fr\/wp-json\/wp\/v2\/product\/12624\/revisions\/18908"}],"wp:featuredmedia":[{"embeddable":true,"href":"https:\/\/sabanadelamartours.com\/fr\/wp-json\/wp\/v2\/media\/12888"}],"wp:attachment":[{"href":"https:\/\/sabanadelamartours.com\/fr\/wp-json\/wp\/v2\/media?parent=12624"}],"wp:term":[{"taxonomy":"product_brand","embeddable":true,"href":"https:\/\/sabanadelamartours.com\/fr\/wp-json\/wp\/v2\/product_brand?post=12624"},{"taxonomy":"product_cat","embeddable":true,"href":"https:\/\/sabanadelamartours.com\/fr\/wp-json\/wp\/v2\/product_cat?post=12624"},{"taxonomy":"product_tag","embeddable":true,"href":"https:\/\/sabanadelamartours.com\/fr\/wp-json\/wp\/v2\/product_tag?post=12624"}],"curies":[{"name":"wp","href":"https:\/\/api.w.org\/{rel}","templated":true}]}}