{"id":12647,"date":"2025-12-18T11:00:58","date_gmt":"2025-12-18T11:00:58","guid":{"rendered":"https:\/\/sabanadelamartours.com\/?post_type=product&#038;p=12647"},"modified":"2026-02-11T03:46:17","modified_gmt":"2026-02-11T03:46:17","slug":"-165","status":"publish","type":"product","link":"https:\/\/sabanadelamartours.com\/fr\/tournee\/-165\/","title":{"rendered":"Punta Cana : Excursion en buggy avec plage et c\u00e9note"},"content":{"rendered":"<h4 class=\"product_title entry-title\">Punta Cana : Excursion en buggy avec plage et c\u00e9note<\/h4>\n<p>Embarquez pour un voyage palpitant \u00e0 travers les divers paysages de Punta Cana gr\u00e2ce \u00e0 notre aventure en buggy. Cette excursion offre un m\u00e9lange unique de sensations fortes, de beaut\u00e9 naturelle et d'immersion culturelle, ce qui en fait une exp\u00e9rience inoubliable.<\/p>\n<p>D\u00e9but de l'aventure :<\/p>\n<p>Prise en charge \u00e0 l'h\u00f4tel : Votre aventure commence par une prise en charge pratique \u00e0 votre h\u00f4tel \u00e0 Punta Cana. Notre \u00e9quipe amicale vous accueillera et vous conduira au point de d\u00e9part de l'excursion.<\/p>\n<p>Briefing sur la s\u00e9curit\u00e9 : \u00c0 votre arriv\u00e9e au ranch, vous recevrez un briefing complet sur la s\u00e9curit\u00e9 et des instructions sur le fonctionnement des buggys. Que vous choisissiez un buggy \u00e0 deux ou \u00e0 quatre places, vous aurez droit \u00e0 une promenade confortable et s\u00fbre.<\/p>\n<p>Explorer Punta Cana :<\/p>\n<p>Conduisez \u00e0 travers la campagne : Prenez le contr\u00f4le de votre buggy et partez pour une balade exaltante \u00e0 travers la campagne dominicaine. Sentez la force du vent et l'excitation de naviguer sur des terrains vari\u00e9s.<\/p>\n<p>Plage de Macao : Arriv\u00e9e \u00e0 la superbe plage de Macao, connue pour ses eaux cristallines et son sable immacul\u00e9. Ici, vous pouvez faire rouler vos buggys le long du rivage, cr\u00e9ant ainsi des moments inoubliables.<\/p>\n<p>Exp\u00e9rience culturelle :<\/p>\n<p>Ranchs locaux : Visitez des ranchos locaux o\u00f9 vous d\u00e9couvrirez la production des principaux produits de la R\u00e9publique dominicaine : le caf\u00e9, le cacao et le tabac. Vous rencontrerez des agriculteurs locaux, comprendrez leurs processus et d\u00e9gusterez des produits authentiques.<\/p>\n<p>Acheter des souvenirs : Profitez de l'occasion pour acheter du caf\u00e9, du cacao et des produits du tabac fra\u00eechement pr\u00e9par\u00e9s, parfaits pour ramener un morceau de la culture dominicaine \u00e0 la maison.<\/p>\n<p>Escapade naturelle :<\/p>\n<p>Nage en cenote : L'aventure se poursuit en direction d'un cenote cach\u00e9. Plongez dans les eaux rafra\u00eechissantes de cette piscine naturelle, entour\u00e9e d'une v\u00e9g\u00e9tation luxuriante et d'une beaut\u00e9 sereine.<\/p>\n<p>Conclusion de la tourn\u00e9e :<\/p>\n<p>Voyage de retour : Apr\u00e8s environ 4 heures d'aventure, d'exploration et d'amusement, vous retournerez au ranch.<\/p>\n<p>Retour \u00e0 l'h\u00f4tel : notre \u00e9quipe vous ram\u00e8ne \u00e0 votre h\u00f4tel, o\u00f9 vous pouvez vous d\u00e9tendre et vous rem\u00e9morer les exp\u00e9riences passionnantes de la journ\u00e9e.<\/p>\n<div class=\"toggle-content__content toggle-content__content--expanded toggle-content__content--packable\" data-v-59485d64=\"\">\n<div data-test-id=\"activity-full-description-text\" data-v-5835c99c=\"\">Cette aventure en buggy \u00e0 Punta Cana est plus qu'une simple excursion ; c'est l'occasion de se rapprocher de la nature, de d\u00e9couvrir la culture locale et de ressentir la pouss\u00e9e d'adr\u00e9naline de la conduite hors route. Parfaite pour les amateurs d'aventure comme pour les passionn\u00e9s de culture, cette excursion promet une journ\u00e9e pleine d'\u00e9motions et de d\u00e9couvertes.<\/div>\n<\/div>\n<div class=\"toggle-content__label-placeholder\" data-v-59485d64=\"\"><\/div>","protected":false},"excerpt":{"rendered":"<div data-track=\"overview\" data-v-83a2b402=\"\">\n<section id=\"activity-overview\" class=\"activity-overview\" data-component=\"overview\" data-v-83a2b402=\"\" data-v-f3236c42=\"\">\n<p class=\"activity-overview__content\" data-test-id=\"activity-overview-content\" data-v-f3236c42=\"\">Embarquez pour une aventure exaltante en buggy \u00e0 Punta Cana, explorez la plage pittoresque de Macao, plongez dans la culture locale en visitant des ranchs traditionnels et rafra\u00eechissez-vous dans un c\u00e9note serein.<\/p>\n<\/section>\n<\/div>\n<div data-track=\"key-details\" data-v-83a2b402=\"\"><\/div>","protected":false},"featured_media":12913,"template":"","meta":[],"product_brand":[],"product_cat":[97],"product_tag":[101,102],"class_list":{"0":"post-12647","1":"product","2":"type-product","3":"status-publish","4":"has-post-thumbnail","6":"product_cat-dominican-republic","7":"product_tag-excursion","8":"product_tag-tour","10":"first","11":"instock","12":"shipping-taxable","13":"product-type-external"},"_links":{"self":[{"href":"https:\/\/sabanadelamartours.com\/fr\/wp-json\/wp\/v2\/product\/12647","targetHints":{"allow":["GET"]}}],"collection":[{"href":"https:\/\/sabanadelamartours.com\/fr\/wp-json\/wp\/v2\/product"}],"about":[{"href":"https:\/\/sabanadelamartours.com\/fr\/wp-json\/wp\/v2\/types\/product"}],"version-history":[{"count":1,"href":"https:\/\/sabanadelamartours.com\/fr\/wp-json\/wp\/v2\/product\/12647\/revisions"}],"predecessor-version":[{"id":18909,"href":"https:\/\/sabanadelamartours.com\/fr\/wp-json\/wp\/v2\/product\/12647\/revisions\/18909"}],"wp:featuredmedia":[{"embeddable":true,"href":"https:\/\/sabanadelamartours.com\/fr\/wp-json\/wp\/v2\/media\/12913"}],"wp:attachment":[{"href":"https:\/\/sabanadelamartours.com\/fr\/wp-json\/wp\/v2\/media?parent=12647"}],"wp:term":[{"taxonomy":"product_brand","embeddable":true,"href":"https:\/\/sabanadelamartours.com\/fr\/wp-json\/wp\/v2\/product_brand?post=12647"},{"taxonomy":"product_cat","embeddable":true,"href":"https:\/\/sabanadelamartours.com\/fr\/wp-json\/wp\/v2\/product_cat?post=12647"},{"taxonomy":"product_tag","embeddable":true,"href":"https:\/\/sabanadelamartours.com\/fr\/wp-json\/wp\/v2\/product_tag?post=12647"}],"curies":[{"name":"wp","href":"https:\/\/api.w.org\/{rel}","templated":true}]}}