{"id":12648,"date":"2025-12-18T11:00:58","date_gmt":"2025-12-18T11:00:58","guid":{"rendered":"https:\/\/sabanadelamartours.com\/?post_type=product&#038;p=12648"},"modified":"2026-01-06T14:32:27","modified_gmt":"2026-01-06T14:32:27","slug":"-408","status":"publish","type":"product","link":"https:\/\/sabanadelamartours.com\/fr\/tournee\/-408\/","title":{"rendered":"Bayahibe : Promenade dans la jungle du parc national et plong\u00e9e en apn\u00e9e dans les c\u00e9notes"},"content":{"rendered":"<p>D\u00e9couvrez la fa\u00e7on \u00e9th\u00e9r\u00e9e dont la lumi\u00e8re joue sur l'eau d'un bleu saisissant et se refl\u00e8te sur les parois des Cenotes Chicho lors de cette visite guid\u00e9e qui comprend la prise en charge et le retour \u00e0 l'h\u00f4tel \u00e0 Bayahibe. Explorez le monde sous-marin avec l'\u00e9quipement de plong\u00e9e avec tuba inclus.<\/p>\n<p>La prise en charge se fait directement depuis votre h\u00f4tel \u00e0 Dominicus (les vacanciers de Bayahibe ou de l'h\u00f4tel Hilton marcheront jusqu'\u00e0 notre centre de plong\u00e9e ~10\u2032) et vous pourrez vous d\u00e9tendre pendant le transfert dans le taxi. Commencez une promenade le long d'un sentier balis\u00e9 dans le parc national de Cotubanama, en admirant la flore et la faune brillantes le long du chemin vers les c\u00e9notes.<\/p>\n<p>Allumez votre lampe de poche et descendez dans la grotte dont l'entr\u00e9e est large. En bas de l'escalier, rafra\u00eechissez-vous dans une eau \u00e0 25\u00b0C. Appr\u00e9ciez la beaut\u00e9 du lieu, avec ses stalactites, ses stalagmites et ses colonnes.<\/p>\n<div class=\"toggle-content__content toggle-content__content--expanded toggle-content__content--packable\" data-v-59485d64=\"\">\n<div data-test-id=\"activity-full-description-text\" data-v-5835c99c=\"\">Jetez un coup d'\u0153il sous les vagues de cette source d'eau douce qui est un lieu sacr\u00e9 pour les anciens habitants d'Hispaniola. Une fois rafra\u00eechi, retournez \u00e0 pied \u00e0 travers la jungle jusqu'au parking. Prenez un ap\u00e9ritif avant de retourner \u00e0 votre h\u00e9bergement \u00e0 Bayahibe.<\/div>\n<\/div>\n<div class=\"toggle-content__label-placeholder\" data-v-59485d64=\"\"><\/div>","protected":false},"excerpt":{"rendered":"<div data-track=\"overview\" data-v-83a2b402=\"\">\n<section id=\"activity-overview\" class=\"activity-overview\" data-component=\"overview\" data-v-83a2b402=\"\" data-v-f3236c42=\"\">\n<p class=\"activity-overview__content\" data-test-id=\"activity-overview-content\" data-v-f3236c42=\"\">D\u00e9part de Bayahibe pour une promenade dans la jungle luxuriante du parc national de Cotubanama. Plong\u00e9e en apn\u00e9e dans la piscine naturelle de Cenotes Chicho, aux eaux cristallines, sous des stalactites et des stalagmites.<\/p>\n<\/section>\n<\/div>\n<div data-track=\"key-details\" data-v-83a2b402=\"\"><\/div>","protected":false},"featured_media":11742,"template":"","meta":[],"product_brand":[],"product_cat":[97],"product_tag":[101,102],"class_list":{"0":"post-12648","1":"product","2":"type-product","3":"status-publish","4":"has-post-thumbnail","6":"product_cat-dominican-republic","7":"product_tag-excursion","8":"product_tag-tour","10":"first","11":"instock","12":"shipping-taxable","13":"product-type-external"},"_links":{"self":[{"href":"https:\/\/sabanadelamartours.com\/fr\/wp-json\/wp\/v2\/product\/12648","targetHints":{"allow":["GET"]}}],"collection":[{"href":"https:\/\/sabanadelamartours.com\/fr\/wp-json\/wp\/v2\/product"}],"about":[{"href":"https:\/\/sabanadelamartours.com\/fr\/wp-json\/wp\/v2\/types\/product"}],"version-history":[{"count":2,"href":"https:\/\/sabanadelamartours.com\/fr\/wp-json\/wp\/v2\/product\/12648\/revisions"}],"predecessor-version":[{"id":18562,"href":"https:\/\/sabanadelamartours.com\/fr\/wp-json\/wp\/v2\/product\/12648\/revisions\/18562"}],"wp:featuredmedia":[{"embeddable":true,"href":"https:\/\/sabanadelamartours.com\/fr\/wp-json\/wp\/v2\/media\/11742"}],"wp:attachment":[{"href":"https:\/\/sabanadelamartours.com\/fr\/wp-json\/wp\/v2\/media?parent=12648"}],"wp:term":[{"taxonomy":"product_brand","embeddable":true,"href":"https:\/\/sabanadelamartours.com\/fr\/wp-json\/wp\/v2\/product_brand?post=12648"},{"taxonomy":"product_cat","embeddable":true,"href":"https:\/\/sabanadelamartours.com\/fr\/wp-json\/wp\/v2\/product_cat?post=12648"},{"taxonomy":"product_tag","embeddable":true,"href":"https:\/\/sabanadelamartours.com\/fr\/wp-json\/wp\/v2\/product_tag?post=12648"}],"curies":[{"name":"wp","href":"https:\/\/api.w.org\/{rel}","templated":true}]}}