{"id":12701,"date":"2025-12-18T11:02:56","date_gmt":"2025-12-18T11:02:56","guid":{"rendered":"https:\/\/sabanadelamartours.com\/?post_type=product&#038;p=12701"},"modified":"2026-01-06T14:38:11","modified_gmt":"2026-01-06T14:38:11","slug":"journee-de-plongee-en-apnee-sur-la-plage-de-sosua","status":"publish","type":"product","link":"https:\/\/sabanadelamartours.com\/fr\/tournee\/journee-de-plongee-en-apnee-sur-la-plage-de-sosua\/","title":{"rendered":"Excursion de plong\u00e9e avec tuba et journ\u00e9e \u00e0 la plage de Sosua"},"content":{"rendered":"<p><strong>Excursion de plong\u00e9e avec tuba et journ\u00e9e \u00e0 la plage de Sosua<\/strong><\/p>\n<p>Un taxi vient vous chercher \u00e0 votre h\u00e9bergement. Commencez votre excursion \u00e0 la baie de Sosua, o\u00f9 des eaux chaudes et cristallines et une plage de sable d'un kilom\u00e8tre de long vous accueillent. Avant de monter \u00e0 bord du bateau, un masque, des palmes et un gilet gonflable de plong\u00e9e avec tuba vous seront fournis. Le guide vous donnera toutes les instructions n\u00e9cessaires pour l'excursion de plong\u00e9e avec masque et tuba.<\/p>\n<p>Le premier site de plong\u00e9e avec masque et tuba se trouve aux Trois rochers, puis vous retournerez \u00e0 la baie de Sosua pour le deuxi\u00e8me r\u00e9cif.<\/p>\n<div class=\"toggle-content__content toggle-content__content--expanded toggle-content__content--packable\" data-v-59485d64=\"\">\n<div data-test-id=\"activity-full-description-text\" data-v-5835c99c=\"\">Apr\u00e8s l'excursion de plong\u00e9e avec tuba, une chaise longue sera mise \u00e0 votre disposition sur la plage de Sosua pour que vous puissiez vous d\u00e9tendre, nager et profiter du magnifique paysage. La plage de Sosua offre de nombreux magasins, bars et restaurants - vous aurez le temps de faire du shopping, de manger et de boire (\u00e0 vos frais).<\/div>\n<div data-test-id=\"activity-full-description-text\" data-v-5835c99c=\"\"><\/div>\n<\/div>\n<div class=\"toggle-content__label-placeholder\" data-v-59485d64=\"\">Profitez du monde sous-marin \u00e0 Sosua, en bateau, vous serez emmen\u00e9 vers deux r\u00e9cifs diff\u00e9rents pour la plong\u00e9e avec masque et tuba. L'\u00e9quipement de plong\u00e9e avec tuba et le moniteur sont fournis. Apr\u00e8s la plong\u00e9e avec masque et tuba, profitez du magnifique paysage depuis une chaise longue.<\/div>\n<div data-v-59485d64=\"\">\n<div class=\"woocommerce-product-details__short-description\">\n<div data-track=\"key-details\" data-v-83a2b402=\"\"><\/div>\n<\/div>\n<\/div>","protected":false},"excerpt":{"rendered":"<div data-track=\"overview\" data-v-83a2b402=\"\">\n<section id=\"activity-overview\" class=\"activity-overview\" data-component=\"overview\" data-v-83a2b402=\"\" data-v-f3236c42=\"\">\n<p class=\"activity-overview__content\" data-test-id=\"activity-overview-content\" data-v-f3236c42=\"\">Profitez du monde sous-marin \u00e0 Sosua. Un bateau vous emm\u00e8nera sur deux r\u00e9cifs diff\u00e9rents pour la plong\u00e9e avec masque et tuba. L'\u00e9quipement de snorkeling et le moniteur sont fournis. Apr\u00e8s la plong\u00e9e avec masque et tuba, profitez du magnifique paysage depuis une chaise longue.<\/p>\n<\/section>\n<\/div>\n<div data-track=\"key-details\" data-v-83a2b402=\"\"><\/div>","protected":false},"featured_media":12967,"template":"","meta":[],"product_brand":[],"product_cat":[97],"product_tag":[101,102],"class_list":{"0":"post-12701","1":"product","2":"type-product","3":"status-publish","4":"has-post-thumbnail","6":"product_cat-dominican-republic","7":"product_tag-excursion","8":"product_tag-tour","10":"first","11":"instock","12":"shipping-taxable","13":"product-type-external"},"_links":{"self":[{"href":"https:\/\/sabanadelamartours.com\/fr\/wp-json\/wp\/v2\/product\/12701","targetHints":{"allow":["GET"]}}],"collection":[{"href":"https:\/\/sabanadelamartours.com\/fr\/wp-json\/wp\/v2\/product"}],"about":[{"href":"https:\/\/sabanadelamartours.com\/fr\/wp-json\/wp\/v2\/types\/product"}],"version-history":[{"count":1,"href":"https:\/\/sabanadelamartours.com\/fr\/wp-json\/wp\/v2\/product\/12701\/revisions"}],"predecessor-version":[{"id":18565,"href":"https:\/\/sabanadelamartours.com\/fr\/wp-json\/wp\/v2\/product\/12701\/revisions\/18565"}],"wp:featuredmedia":[{"embeddable":true,"href":"https:\/\/sabanadelamartours.com\/fr\/wp-json\/wp\/v2\/media\/12967"}],"wp:attachment":[{"href":"https:\/\/sabanadelamartours.com\/fr\/wp-json\/wp\/v2\/media?parent=12701"}],"wp:term":[{"taxonomy":"product_brand","embeddable":true,"href":"https:\/\/sabanadelamartours.com\/fr\/wp-json\/wp\/v2\/product_brand?post=12701"},{"taxonomy":"product_cat","embeddable":true,"href":"https:\/\/sabanadelamartours.com\/fr\/wp-json\/wp\/v2\/product_cat?post=12701"},{"taxonomy":"product_tag","embeddable":true,"href":"https:\/\/sabanadelamartours.com\/fr\/wp-json\/wp\/v2\/product_tag?post=12701"}],"curies":[{"name":"wp","href":"https:\/\/api.w.org\/{rel}","templated":true}]}}