{"id":12734,"date":"2025-12-18T11:04:11","date_gmt":"2025-12-18T11:04:11","guid":{"rendered":"https:\/\/sabanadelamartours.com\/?post_type=product&#038;p=12734"},"modified":"2025-12-19T10:17:58","modified_gmt":"2025-12-19T10:17:58","slug":"-166","status":"publish","type":"product","link":"https:\/\/sabanadelamartours.com\/fr\/tournee\/-166\/","title":{"rendered":"Aventure en bateau rapide \u00e0 Punta Cana"},"content":{"rendered":"<p>Pr\u00e9parez-vous \u00e0 vivre une aventure oc\u00e9anique passionnante pr\u00e8s de Punta Cana. Au lieu d'avoir \u00e0 r\u00e9server tous vos sports nautiques s\u00e9par\u00e9ment, cette excursion pratique comprend une sortie guid\u00e9e en hors-bord et la location d'un \u00e9quipement de plong\u00e9e avec tuba. Tout d'abord, prenez le volant de votre propre hors-bord et naviguez sur les eaux c\u00f4ti\u00e8res avec un guide qui vous indiquera le chemin \u00e0 suivre pour ne pas vous perdre. Ensuite, vous visiterez un fantastique site de plong\u00e9e avec masque et tuba qui abrite des poissons tropicaux et des r\u00e9cifs coralliens.<\/p>\n<p>Pr\u00e9parez-vous \u00e0 vivre une aventure oc\u00e9anique passionnante pr\u00e8s de Punta Cana. Au lieu d'avoir \u00e0 r\u00e9server tous vos sports nautiques s\u00e9par\u00e9ment, cette excursion pratique comprend une sortie guid\u00e9e en hors-bord et la location d'un \u00e9quipement de plong\u00e9e avec tuba. Tout d'abord, prenez le volant de votre propre hors-bord et naviguez sur les eaux c\u00f4ti\u00e8res avec un guide qui vous indiquera le chemin \u00e0 suivre pour ne pas vous perdre. Ensuite, vous visiterez un fantastique site de plong\u00e9e avec masque et tuba qui abrite des poissons tropicaux et des r\u00e9cifs coralliens.<\/p>","protected":false},"excerpt":{"rendered":"<div data-track=\"overview\" data-v-83a2b402=\"\">\n<section id=\"activity-overview\" class=\"activity-overview\" data-component=\"overview\" data-v-83a2b402=\"\" data-v-f3236c42=\"\">\n<p class=\"activity-overview__content\" data-test-id=\"activity-overview-content\" data-v-f3236c42=\"\">Pr\u00e9parez-vous \u00e0 vivre une aventure oc\u00e9anique passionnante pr\u00e8s de Punta Cana. Au lieu de vous donner la peine de r\u00e9server tous vos sports nautiques s\u00e9par\u00e9ment...<\/p>\n<\/section>\n<\/div>\n<div data-track=\"key-details\" data-v-83a2b402=\"\"><\/div>","protected":false},"featured_media":11823,"template":"","meta":[],"product_brand":[],"product_cat":[97],"product_tag":[101,102],"class_list":{"0":"post-12734","1":"product","2":"type-product","3":"status-publish","4":"has-post-thumbnail","6":"product_cat-dominican-republic","7":"product_tag-excursion","8":"product_tag-tour","10":"first","11":"instock","12":"shipping-taxable","13":"product-type-external"},"_links":{"self":[{"href":"https:\/\/sabanadelamartours.com\/fr\/wp-json\/wp\/v2\/product\/12734","targetHints":{"allow":["GET"]}}],"collection":[{"href":"https:\/\/sabanadelamartours.com\/fr\/wp-json\/wp\/v2\/product"}],"about":[{"href":"https:\/\/sabanadelamartours.com\/fr\/wp-json\/wp\/v2\/types\/product"}],"version-history":[{"count":0,"href":"https:\/\/sabanadelamartours.com\/fr\/wp-json\/wp\/v2\/product\/12734\/revisions"}],"wp:featuredmedia":[{"embeddable":true,"href":"https:\/\/sabanadelamartours.com\/fr\/wp-json\/wp\/v2\/media\/11823"}],"wp:attachment":[{"href":"https:\/\/sabanadelamartours.com\/fr\/wp-json\/wp\/v2\/media?parent=12734"}],"wp:term":[{"taxonomy":"product_brand","embeddable":true,"href":"https:\/\/sabanadelamartours.com\/fr\/wp-json\/wp\/v2\/product_brand?post=12734"},{"taxonomy":"product_cat","embeddable":true,"href":"https:\/\/sabanadelamartours.com\/fr\/wp-json\/wp\/v2\/product_cat?post=12734"},{"taxonomy":"product_tag","embeddable":true,"href":"https:\/\/sabanadelamartours.com\/fr\/wp-json\/wp\/v2\/product_tag?post=12734"}],"curies":[{"name":"wp","href":"https:\/\/api.w.org\/{rel}","templated":true}]}}