{"id":12745,"date":"2025-12-18T11:04:56","date_gmt":"2025-12-18T11:04:56","guid":{"rendered":"https:\/\/sabanadelamartours.com\/?post_type=product&#038;p=12745"},"modified":"2026-01-06T14:40:24","modified_gmt":"2026-01-06T14:40:24","slug":"-168","status":"publish","type":"product","link":"https:\/\/sabanadelamartours.com\/fr\/tournee\/-168\/","title":{"rendered":"Depuis Punta Canta : Croisi\u00e8re d'observation des baleines avec Cayo Levantado"},"content":{"rendered":"<p><strong>Depuis Punta Canta : Croisi\u00e8re d'observation des baleines avec Cayo Levantado<\/strong><\/p>\n<p>Partez de vos h\u00f4tels \u00e0 travers la Plaine Orientale, entre paysages verdoyants avec de grands p\u00e2turages et de petites villes, entre les Montagnes et la Mer, pour vivre cette Aventure inoubliable.<\/p>\n<p>Nous nous arr\u00eatons d'abord au quai de Las Ca\u00f1itas pour embarquer sur le bateau qui nous conduira au sanctuaire des baleines \u00e0 bosse, pour une excursion en mer d'environ deux heures et demie.<\/p>\n<p>Une fois l'observation termin\u00e9e, nous nous dirigerons vers Cayo Levantado ou Isla Bacardi pour savourer un d\u00e9licieux d\u00e9jeuner typique sous forme de buffet face \u00e0 la mer. Apr\u00e8s le d\u00e9jeuner, l'apr\u00e8s-midi est consacr\u00e9 \u00e0 une baignade rafra\u00eechissante dans les eaux cristallines de sable blanc ou simplement \u00e0 s'allonger \u00e0 l'ombre des cocotiers, en savourant un bon Cuba-Libre. \u00c0 la fin de la plage de Cayo Levantado, nous remontons \u00e0 bord du bateau, traversons la baie de Samana jusqu'\u00e0 l'embarcad\u00e8re de Las Ca\u00f1itas et prenons le bus pour retourner aux h\u00f4tels de B\u00e1varo et Bayahibe.<\/p>\n<div class=\"woocommerce-product-details__short-description\">\n<div data-track=\"overview\" data-v-83a2b402=\"\">\n<section id=\"activity-overview\" class=\"activity-overview\" data-component=\"overview\" data-v-83a2b402=\"\" data-v-f3236c42=\"\">\n<p class=\"activity-overview__content\" data-test-id=\"activity-overview-content\" data-v-f3236c42=\"\">Observez les baleines \u00e0 bosse et naviguez le long des c\u00f4tes bordant Samana et Miches lors d'une excursion au d\u00e9part de Bayahibe ou de Punta Canta. Visitez Cayo Levantado pour une baignade et un d\u00e9jeuner buffet face aux vagues.<\/p>\n<\/section>\n<\/div>\n<div data-track=\"key-details\" data-v-83a2b402=\"\"><\/div>\n<\/div>","protected":false},"excerpt":{"rendered":"<div data-track=\"overview\" data-v-83a2b402=\"\">\n<section id=\"activity-overview\" class=\"activity-overview\" data-component=\"overview\" data-v-83a2b402=\"\" data-v-f3236c42=\"\">\n<p class=\"activity-overview__content\" data-test-id=\"activity-overview-content\" data-v-f3236c42=\"\">Observez les baleines \u00e0 bosse et naviguez le long des c\u00f4tes bordant Samana et Miches lors d'une excursion au d\u00e9part de Bayahibe ou de Punta Canta. Visitez Cayo Levantado pour une baignade et un d\u00e9jeuner buffet face aux vagues.<\/p>\n<\/section>\n<\/div>\n<div data-track=\"key-details\" data-v-83a2b402=\"\"><\/div>","protected":false},"featured_media":12986,"template":"","meta":[],"product_brand":[],"product_cat":[97],"product_tag":[101,102],"class_list":{"0":"post-12745","1":"product","2":"type-product","3":"status-publish","4":"has-post-thumbnail","6":"product_cat-dominican-republic","7":"product_tag-excursion","8":"product_tag-tour","10":"first","11":"instock","12":"shipping-taxable","13":"product-type-external"},"_links":{"self":[{"href":"https:\/\/sabanadelamartours.com\/fr\/wp-json\/wp\/v2\/product\/12745","targetHints":{"allow":["GET"]}}],"collection":[{"href":"https:\/\/sabanadelamartours.com\/fr\/wp-json\/wp\/v2\/product"}],"about":[{"href":"https:\/\/sabanadelamartours.com\/fr\/wp-json\/wp\/v2\/types\/product"}],"version-history":[{"count":1,"href":"https:\/\/sabanadelamartours.com\/fr\/wp-json\/wp\/v2\/product\/12745\/revisions"}],"predecessor-version":[{"id":18567,"href":"https:\/\/sabanadelamartours.com\/fr\/wp-json\/wp\/v2\/product\/12745\/revisions\/18567"}],"wp:featuredmedia":[{"embeddable":true,"href":"https:\/\/sabanadelamartours.com\/fr\/wp-json\/wp\/v2\/media\/12986"}],"wp:attachment":[{"href":"https:\/\/sabanadelamartours.com\/fr\/wp-json\/wp\/v2\/media?parent=12745"}],"wp:term":[{"taxonomy":"product_brand","embeddable":true,"href":"https:\/\/sabanadelamartours.com\/fr\/wp-json\/wp\/v2\/product_brand?post=12745"},{"taxonomy":"product_cat","embeddable":true,"href":"https:\/\/sabanadelamartours.com\/fr\/wp-json\/wp\/v2\/product_cat?post=12745"},{"taxonomy":"product_tag","embeddable":true,"href":"https:\/\/sabanadelamartours.com\/fr\/wp-json\/wp\/v2\/product_tag?post=12745"}],"curies":[{"name":"wp","href":"https:\/\/api.w.org\/{rel}","templated":true}]}}