{"id":12809,"date":"2025-12-18T11:07:15","date_gmt":"2025-12-18T11:07:15","guid":{"rendered":"https:\/\/sabanadelamartours.com\/?post_type=product&#038;p=12809"},"modified":"2025-12-18T11:16:46","modified_gmt":"2025-12-18T11:16:46","slug":"-171","status":"publish","type":"product","link":"https:\/\/sabanadelamartours.com\/fr\/tournee\/-171\/","title":{"rendered":"Visite de la ville de Puerto Plata"},"content":{"rendered":"<div class=\"toggle-content__content toggle-content__content--expanded toggle-content__content--packable\" data-v-59485d64=\"\">\n<div data-test-id=\"activity-full-description-text\" data-v-5835c99c=\"\"><strong>Visite de la ville de Puerto Plata\u00a0<\/strong><\/div>\n<div data-test-id=\"activity-full-description-text\" data-v-5835c99c=\"\"><\/div>\n<div data-test-id=\"activity-full-description-text\" data-v-5835c99c=\"\">\u201cEmbarquez pour un voyage inoubliable \u00e0 travers les paysages enchanteurs de Puerto Plata. Notre circuit immersif vous emm\u00e8nera vers les destinations captivantes suivantes :<\/div>\n<div data-test-id=\"activity-full-description-text\" data-v-5835c99c=\"\"><\/div>\n<div data-test-id=\"activity-full-description-text\" data-v-5835c99c=\"\">1. Usine de rhum Macorix : Participez \u00e0 une visite guid\u00e9e de 15 \u00e0 20 minutes men\u00e9e par un directeur d'usine comp\u00e9tent. D\u00e9couvrez la riche histoire et le savoir-faire artisanal qui se cachent derri\u00e8re le c\u00e9l\u00e8bre rhum Macorix.<\/div>\n<div data-test-id=\"activity-full-description-text\" data-v-5835c99c=\"\"><\/div>\n<div data-test-id=\"activity-full-description-text\" data-v-5835c99c=\"\">2. Vue panoramique : \u00c9merveillez-vous devant les vues impressionnantes qui offrent un aper\u00e7u panoramique de toute la ville et de l'embl\u00e9matique t\u00e9l\u00e9ph\u00e9rique. Capturez des moments \u00e0 couper le souffle avec ce paysage \u00e9poustouflant en toile de fond.<\/div>\n<div data-test-id=\"activity-full-description-text\" data-v-5835c99c=\"\"><\/div>\n<div data-test-id=\"activity-full-description-text\" data-v-5835c99c=\"\">3. Ambre et Larimar : Plongez dans le monde des pierres pr\u00e9cieuses dominicaines. Explorez l'attrait unique de l'ambre et du larimar. Si vous souhaitez ne pas participer \u00e0 cette visite, veuillez en informer le chauffeur.<\/div>\n<div data-test-id=\"activity-full-description-text\" data-v-5835c99c=\"\"><\/div>\n<div data-test-id=\"activity-full-description-text\" data-v-5835c99c=\"\">4. La fabrique de cigares : Vivez une exp\u00e9rience interactive en assistant en direct \u00e0 l'art de rouler les cigares. Roulez votre propre cigare et parcourez une d\u00e9licieuse s\u00e9lection disponible \u00e0 l'achat.<\/div>\n<div data-test-id=\"activity-full-description-text\" data-v-5835c99c=\"\"><\/div>\n<div data-test-id=\"activity-full-description-text\" data-v-5835c99c=\"\">5. Boutique Joaquin : D\u00e9couvrez les tr\u00e9sors de la c\u00e9l\u00e8bre boutique Joaquin Gift Shop, o\u00f9 vous trouverez les souvenirs parfaits pour vos proches \u00e0 des prix all\u00e9chants.<\/div>\n<div data-test-id=\"activity-full-description-text\" data-v-5835c99c=\"\"><\/div>\n<div data-test-id=\"activity-full-description-text\" data-v-5835c99c=\"\">6. Paseo de Do\u00f1a Blanca, \u00e9galement connu sous le nom de Pink Street : Entrez dans l'histoire en visitant le premier h\u00f4tel de Puerto Plata et capturez l'\u00e9l\u00e9gance intemporelle de cette destination embl\u00e9matique. Cet endroit charmant offre de nombreuses possibilit\u00e9s de photos dans un cadre captivant.<\/div>\n<div data-test-id=\"activity-full-description-text\" data-v-5835c99c=\"\"><\/div>\n<div data-test-id=\"activity-full-description-text\" data-v-5835c99c=\"\">7. La rue des parapluies : Plongez dans l'ambiance vibrante de ce lieu pittoresque, id\u00e9al pour prendre de superbes photos. En outre, la visite d'une petite chocolaterie ajoutera une touche sucr\u00e9e \u00e0 votre voyage m\u00e9morable.\u201d<\/div>\n<\/div>\n<div data-v-59485d64=\"\"><\/div>\n<div class=\"toggle-content__label-placeholder\" data-v-59485d64=\"\">Profitez avec nous de l'une des meilleures exp\u00e9riences et du meilleur de nos lieux et de notre culture !<\/div>\n<div data-v-59485d64=\"\">\n<div class=\"woocommerce-product-details__short-description\">\n<div data-track=\"key-details\" data-v-83a2b402=\"\"><\/div>\n<\/div>\n<\/div>","protected":false},"excerpt":{"rendered":"<div data-track=\"overview\" data-v-83a2b402=\"\">\n<section id=\"activity-overview\" class=\"activity-overview\" data-component=\"overview\" data-v-83a2b402=\"\" data-v-f3236c42=\"\">\n<p class=\"activity-overview__content\" data-test-id=\"activity-overview-content\" data-v-f3236c42=\"\">Profitez avec nous de l'une des meilleures exp\u00e9riences et du meilleur de nos lieux et de notre culture !<\/p>\n<\/section>\n<\/div>\n<div data-track=\"key-details\" data-v-83a2b402=\"\"><\/div>","protected":false},"featured_media":13021,"template":"","meta":[],"product_brand":[],"product_cat":[97],"product_tag":[101,102],"class_list":{"0":"post-12809","1":"product","2":"type-product","3":"status-publish","4":"has-post-thumbnail","6":"product_cat-dominican-republic","7":"product_tag-excursion","8":"product_tag-tour","10":"first","11":"instock","12":"shipping-taxable","13":"product-type-external"},"_links":{"self":[{"href":"https:\/\/sabanadelamartours.com\/fr\/wp-json\/wp\/v2\/product\/12809","targetHints":{"allow":["GET"]}}],"collection":[{"href":"https:\/\/sabanadelamartours.com\/fr\/wp-json\/wp\/v2\/product"}],"about":[{"href":"https:\/\/sabanadelamartours.com\/fr\/wp-json\/wp\/v2\/types\/product"}],"version-history":[{"count":0,"href":"https:\/\/sabanadelamartours.com\/fr\/wp-json\/wp\/v2\/product\/12809\/revisions"}],"wp:featuredmedia":[{"embeddable":true,"href":"https:\/\/sabanadelamartours.com\/fr\/wp-json\/wp\/v2\/media\/13021"}],"wp:attachment":[{"href":"https:\/\/sabanadelamartours.com\/fr\/wp-json\/wp\/v2\/media?parent=12809"}],"wp:term":[{"taxonomy":"product_brand","embeddable":true,"href":"https:\/\/sabanadelamartours.com\/fr\/wp-json\/wp\/v2\/product_brand?post=12809"},{"taxonomy":"product_cat","embeddable":true,"href":"https:\/\/sabanadelamartours.com\/fr\/wp-json\/wp\/v2\/product_cat?post=12809"},{"taxonomy":"product_tag","embeddable":true,"href":"https:\/\/sabanadelamartours.com\/fr\/wp-json\/wp\/v2\/product_tag?post=12809"}],"curies":[{"name":"wp","href":"https:\/\/api.w.org\/{rel}","templated":true}]}}