{"id":12810,"date":"2025-12-18T11:07:15","date_gmt":"2025-12-18T11:07:15","guid":{"rendered":"https:\/\/sabanadelamartours.com\/?post_type=product&#038;p=12810"},"modified":"2025-12-18T11:17:14","modified_gmt":"2025-12-18T11:17:14","slug":"-172","status":"publish","type":"product","link":"https:\/\/sabanadelamartours.com\/fr\/tournee\/-172\/","title":{"rendered":"Visite de l'\u00eele de Saona depuis Saint-Domingue avec d\u00e9jeuner et prise en charge"},"content":{"rendered":"<p><strong>Visite de l'\u00eele de Saona depuis Saint-Domingue avec d\u00e9jeuner et prise en charge<\/strong><\/p>\n<p>Embarquez pour un voyage inoubliable entre la ville anim\u00e9e de Saint-Domingue et le paradis vierge de l'\u00eele de Saona gr\u00e2ce \u00e0 notre circuit exclusif.<\/p>\n<p>L'aventure commence lorsque nous vous emmenons de votre h\u00f4tel dans un transport confortable, pr\u00e9parant le terrain pour une exp\u00e9rience immersive. Apr\u00e8s un trajet pittoresque de deux heures, nous arrivons \u00e0 Bayahibe, o\u00f9 l'on attend avec impatience les merveilles qui nous attendent.<\/p>\n<p>Ensuite, vous monterez \u00e0 bord d'un bateau et glisserez sur des eaux azur\u00e9es pendant 35 minutes jusqu'\u00e0 ce que vous atteigniez l'\u00e9poustouflante piscine naturelle, un joyau cach\u00e9 connu pour ses eaux cristallines. Passez quelques instants \u00e0 vous pr\u00e9lasser dans cette beaut\u00e9 sereine avant de poursuivre votre voyage vers l'embl\u00e9matique \u00eele de Saona, un sanctuaire de tranquillit\u00e9 au sein du parc national de Cotubanam\u00e1.<\/p>\n<p>D\u00e8s votre arriv\u00e9e, vous disposez de trois heures de bonheur pour vous adonner aux plaisirs de l'\u00eele. Qu'il s'agisse de se pr\u00e9lasser sur un sable immacul\u00e9, de faire de la plong\u00e9e avec masque et tuba au milieu d'une faune et d'une flore marines dynamiques ou d'explorer des paysages luxuriants, les possibilit\u00e9s sont infinies.<\/p>\n<p>Alors que la journ\u00e9e touche \u00e0 sa fin, nous faisons nos adieux \u00e0 l'\u00eele de Saona et prenons le large \u00e0 bord d'un luxueux catamaran. Pr\u00e9parez-vous \u00e0 danser et \u00e0 vous d\u00e9lecter de l'ambiance anim\u00e9e par nos vibrants animateurs pendant le voyage de retour d'une heure et demie vers Bayahibe.<\/p>\n<p>Avec des transitions fluides entre chaque destination, beaucoup de temps libre pour l'exploration et un retour anim\u00e9, notre circuit promet un m\u00e9lange enchanteur de d\u00e9tente et d'aventure. \u00c9chappez \u00e0 l'ordinaire et rejoignez-nous pour une journ\u00e9e d'exp\u00e9riences inoubliables dans le paradis tropical de l'\u00eele de Saona.<\/p>\n<div class=\"woocommerce-product-details__short-description\">\n<div data-track=\"overview\" data-v-83a2b402=\"\">\n<section id=\"activity-overview\" class=\"activity-overview\" data-component=\"overview\" data-v-83a2b402=\"\" data-v-f3236c42=\"\">\n<p class=\"activity-overview__content\" data-test-id=\"activity-overview-content\" data-v-f3236c42=\"\">\u00c9vadez-vous sur l'\u00eele de Saona ! Sables blancs, eaux turquoises et aventure en catamaran vous attendent. D\u00e9jeuner inclus. Depuis Saint-Domingue<\/p>\n<\/section>\n<\/div>\n<\/div>","protected":false},"excerpt":{"rendered":"<div data-track=\"overview\" data-v-83a2b402=\"\">\n<section id=\"activity-overview\" class=\"activity-overview\" data-component=\"overview\" data-v-83a2b402=\"\" data-v-f3236c42=\"\">\n<p class=\"activity-overview__content\" data-test-id=\"activity-overview-content\" data-v-f3236c42=\"\">\u00c9vadez-vous sur l'\u00eele de Saona ! Sables blancs, eaux turquoises et aventure en catamaran vous attendent. D\u00e9jeuner inclus. Depuis Saint-Domingue<\/p>\n<\/section>\n<\/div>\n<div data-track=\"key-details\" data-v-83a2b402=\"\"><\/div>","protected":false},"featured_media":13039,"template":"","meta":[],"product_brand":[],"product_cat":[97],"product_tag":[101,102],"class_list":{"0":"post-12810","1":"product","2":"type-product","3":"status-publish","4":"has-post-thumbnail","6":"product_cat-dominican-republic","7":"product_tag-excursion","8":"product_tag-tour","10":"first","11":"instock","12":"shipping-taxable","13":"product-type-external"},"_links":{"self":[{"href":"https:\/\/sabanadelamartours.com\/fr\/wp-json\/wp\/v2\/product\/12810","targetHints":{"allow":["GET"]}}],"collection":[{"href":"https:\/\/sabanadelamartours.com\/fr\/wp-json\/wp\/v2\/product"}],"about":[{"href":"https:\/\/sabanadelamartours.com\/fr\/wp-json\/wp\/v2\/types\/product"}],"version-history":[{"count":0,"href":"https:\/\/sabanadelamartours.com\/fr\/wp-json\/wp\/v2\/product\/12810\/revisions"}],"wp:featuredmedia":[{"embeddable":true,"href":"https:\/\/sabanadelamartours.com\/fr\/wp-json\/wp\/v2\/media\/13039"}],"wp:attachment":[{"href":"https:\/\/sabanadelamartours.com\/fr\/wp-json\/wp\/v2\/media?parent=12810"}],"wp:term":[{"taxonomy":"product_brand","embeddable":true,"href":"https:\/\/sabanadelamartours.com\/fr\/wp-json\/wp\/v2\/product_brand?post=12810"},{"taxonomy":"product_cat","embeddable":true,"href":"https:\/\/sabanadelamartours.com\/fr\/wp-json\/wp\/v2\/product_cat?post=12810"},{"taxonomy":"product_tag","embeddable":true,"href":"https:\/\/sabanadelamartours.com\/fr\/wp-json\/wp\/v2\/product_tag?post=12810"}],"curies":[{"name":"wp","href":"https:\/\/api.w.org\/{rel}","templated":true}]}}