{"id":12837,"date":"2025-12-18T11:08:11","date_gmt":"2025-12-18T11:08:11","guid":{"rendered":"https:\/\/sabanadelamartours.com\/?post_type=product&#038;p=12837"},"modified":"2026-02-11T03:52:02","modified_gmt":"2026-02-11T03:52:02","slug":"-173","status":"publish","type":"product","link":"https:\/\/sabanadelamartours.com\/fr\/tournee\/-173\/","title":{"rendered":"\u00cele de Saona : Plages et piscine naturelle Croisi\u00e8re avec d\u00e9jeuner"},"content":{"rendered":"<p><strong>\u00cele de Saona : Plages et piscine naturelle Croisi\u00e8re avec d\u00e9jeuner<\/strong><\/p>\n<p>\u201cD\u00e9couvrez Isla Saona, l'excursion la plus recherch\u00e9e en R\u00e9publique dominicaine. Plongez dans la beaut\u00e9 de ce paradis tropical, o\u00f9 les palmiers se balancent au gr\u00e9 de la brise, o\u00f9 le sable blanc immacul\u00e9 s'\u00e9tend \u00e0 perte de vue et o\u00f9 les eaux turquoises cristallines s'\u00e9chouent doucement sur le rivage.<\/p>\n<p>Cette excursion est un v\u00e9ritable r\u00eave pour les amoureux de la nature, offrant une exp\u00e9rience d'aventure authentique. Vous aurez l'occasion d'explorer les trois plages les plus isol\u00e9es de Saona, toutes dot\u00e9es d'eaux turquoise chaudes, de palmiers verdoyants et de vastes plages de sable blanc. Gardez l'\u0153il ouvert pour observer la faune et la flore marines telles que les \u00e9toiles de mer, les tortues de mer et les coraux \u00e9clatants.<\/p>\n<p>Dans le cadre de ce voyage inoubliable, nous visiterons \u00e9galement le charmant et dynamique village de p\u00eacheurs de Mano Juan, qui offre un aper\u00e7u fascinant de la richesse de l'histoire et de la culture de l'\u00eele. Remontez le temps en vous promenant dans ce village pittoresque, en vous impr\u00e9gnant de son atmosph\u00e8re color\u00e9e et de son mode de vie d\u00e9contract\u00e9.\u201d<\/p>\n<div class=\"woocommerce-product-details__short-description\">\n<div data-track=\"overview\" data-v-83a2b402=\"\">\n<section id=\"activity-overview\" class=\"activity-overview\" data-component=\"overview\" data-v-83a2b402=\"\" data-v-f3236c42=\"\">\n<p class=\"activity-overview__content\" data-test-id=\"activity-overview-content\" data-v-f3236c42=\"\">Connectez-vous avec la nature sur l'\u00eele de Saona lors de cette excursion en bateau au d\u00e9part de Los Melones. Nagez dans des eaux turquoise, d\u00e9tendez-vous avec un cocktail sur une plage tropicale idyllique et profitez d'un d\u00e9jeuner \u00e0 volont\u00e9.<\/p>\n<\/section>\n<\/div>\n<div data-track=\"key-details\" data-v-83a2b402=\"\"><\/div>\n<\/div>\n<p>&nbsp;<\/p>","protected":false},"excerpt":{"rendered":"<div data-track=\"overview\" data-v-83a2b402=\"\">\n<section id=\"activity-overview\" class=\"activity-overview\" data-component=\"overview\" data-v-83a2b402=\"\" data-v-f3236c42=\"\">\n<p class=\"activity-overview__content\" data-test-id=\"activity-overview-content\" data-v-f3236c42=\"\">Connectez-vous avec la nature sur l'\u00eele de Saona lors de cette excursion en bateau au d\u00e9part de Los Melones. Nagez dans des eaux turquoise, d\u00e9tendez-vous avec un cocktail sur une plage tropicale idyllique et profitez d'un d\u00e9jeuner \u00e0 volont\u00e9.<\/p>\n<\/section>\n<\/div>\n<div data-track=\"key-details\" data-v-83a2b402=\"\"><\/div>","protected":false},"featured_media":13052,"template":"","meta":[],"product_brand":[],"product_cat":[97],"product_tag":[101,102],"class_list":{"0":"post-12837","1":"product","2":"type-product","3":"status-publish","4":"has-post-thumbnail","6":"product_cat-dominican-republic","7":"product_tag-excursion","8":"product_tag-tour","10":"first","11":"instock","12":"shipping-taxable","13":"product-type-external"},"_links":{"self":[{"href":"https:\/\/sabanadelamartours.com\/fr\/wp-json\/wp\/v2\/product\/12837","targetHints":{"allow":["GET"]}}],"collection":[{"href":"https:\/\/sabanadelamartours.com\/fr\/wp-json\/wp\/v2\/product"}],"about":[{"href":"https:\/\/sabanadelamartours.com\/fr\/wp-json\/wp\/v2\/types\/product"}],"version-history":[{"count":1,"href":"https:\/\/sabanadelamartours.com\/fr\/wp-json\/wp\/v2\/product\/12837\/revisions"}],"predecessor-version":[{"id":18917,"href":"https:\/\/sabanadelamartours.com\/fr\/wp-json\/wp\/v2\/product\/12837\/revisions\/18917"}],"wp:featuredmedia":[{"embeddable":true,"href":"https:\/\/sabanadelamartours.com\/fr\/wp-json\/wp\/v2\/media\/13052"}],"wp:attachment":[{"href":"https:\/\/sabanadelamartours.com\/fr\/wp-json\/wp\/v2\/media?parent=12837"}],"wp:term":[{"taxonomy":"product_brand","embeddable":true,"href":"https:\/\/sabanadelamartours.com\/fr\/wp-json\/wp\/v2\/product_brand?post=12837"},{"taxonomy":"product_cat","embeddable":true,"href":"https:\/\/sabanadelamartours.com\/fr\/wp-json\/wp\/v2\/product_cat?post=12837"},{"taxonomy":"product_tag","embeddable":true,"href":"https:\/\/sabanadelamartours.com\/fr\/wp-json\/wp\/v2\/product_tag?post=12837"}],"curies":[{"name":"wp","href":"https:\/\/api.w.org\/{rel}","templated":true}]}}