{"id":12882,"date":"2025-12-18T11:09:49","date_gmt":"2025-12-18T11:09:49","guid":{"rendered":"https:\/\/sabanadelamartours.com\/?post_type=product&#038;p=12882"},"modified":"2026-01-06T14:50:25","modified_gmt":"2026-01-06T14:50:25","slug":"aventure-en-atv-4x4-a-punta-cana","status":"publish","type":"product","link":"https:\/\/sabanadelamartours.com\/fr\/tournee\/aventure-en-atv-4x4-a-punta-cana\/","title":{"rendered":"Aventure en VTT 4\u00d74 \u00e0 Punta Cana"},"content":{"rendered":"<p><strong>Aventure en VTT 4\u00d74 \u00e0 Punta Cana<\/strong><\/p>\n<p>Itin\u00e9raire<\/p>\n<p>Ceci est un itin\u00e9raire typique pour ce produit<\/p>\n<p>S'arr\u00eater \u00e0 : Buggies and ATV punta cana, G\u00e9nesis #10, Samaritano 1ro, Punta Cana 23000, R\u00e9publique dominicaine<\/p>\n<p>Vous serez pris en charge \u00e0 votre h\u00f4tel de Punta Cana le matin, le midi ou l'apr\u00e8s-midi, arriverez au 4\u00d74 Atv &amp; Utv Ranch, recevrez une br\u00e8ve instruction sur la sant\u00e9 et la s\u00e9curit\u00e9 de la part de votre sympathique guide et c'est l\u00e0 que le plaisir commence. D\u00e9marrez votre moteur et pr\u00e9parez-vous \u00e0 vivre l'aventure de votre vie.<\/p>\n<p>Dur\u00e9e : 20 minutes<\/p>\n<p>S'arr\u00eater \u00e0 : Macao, 23000 Punta Cana, R\u00e9publique dominicaine<\/p>\n<p>La premi\u00e8re \u00e9tape : vous commencez le tour et d\u00e9couvrez des endroits spectaculaires et sentez la brise fra\u00eeche vous caresser le visage. En empruntant des chemins difficiles entre les for\u00eats et les jardins tropicaux luxuriants, vous arriverez \u00e0 une ferme biologique. Ici, vous apprendrez des faits sur l'huile de coco dominicaine, le tabac et le rhum Mamajuana. Vous go\u00fbterez \u00e9galement \u00e0 la riche saveur du caf\u00e9 dominicain et du chocolat fait maison.<\/p>\n<p>Dur\u00e9e : 20 minutes<\/p>\n<p>S'arr\u00eater \u00e0 : Macao Beach, Punta Cana 23000 R\u00e9publique dominicaine<\/p>\n<p>Deuxi\u00e8me \u00e9tape : facilement l'une des cinq plus belles plages du pays, Playa Macao est large, lumineuse et bord\u00e9e de palmiers, et ses vagues en ont fait l'une des pr\u00e9f\u00e9r\u00e9es des surfeurs. Elle est situ\u00e9e \u00e0 l'extr\u00eame nord de la r\u00e9gion de Punta Cana.<\/p>\n<p>Dur\u00e9e de l'examen : 15 minutes<\/p>\n<p>Arr\u00eat \u00e0 : Los Hoyos del Salado (Cenote), Los hoyos del molina, Hig\u00fcey 23000, R\u00e9publique Dominicaine<\/p>\n<p>Troisi\u00e8me \u00e9tape : Semaine sainte, la grotte d'eau n'est autoris\u00e9e qu'\u00e0 prendre des photos, il n'est pas permis de se baigner, mais seulement jusqu'au dimanche 4 avril. Troisi\u00e8me arr\u00eat : En continuant, admirez les pittoresques maisons dominicaines typiques, les palmiers et les plantations de bananes et partagez notre ressource naturelle la plus importante, le parc \u00e9cologique Ta\u00edno. Une fois sur place, profitez d'un paysage naturel impressionnant, immergez-vous et rafra\u00eechissez-vous dans une source d'eau pure et cristalline.<\/p>\n<p>Dur\u00e9e : 15 minutes : 15 minutes.<\/p>","protected":false},"excerpt":{"rendered":"<div data-track=\"overview\" data-v-83a2b402=\"\">\n<section id=\"activity-overview\" class=\"activity-overview\" data-component=\"overview\" data-v-83a2b402=\"\" data-v-f3236c42=\"\">\n<p class=\"activity-overview__content\" data-test-id=\"activity-overview-content\" data-v-f3236c42=\"\">Montez \u00e0 bord d'un puissant v\u00e9hicule tout-terrain, con\u00e7u pour le terrain accident\u00e9 de l'int\u00e9rieur de la R\u00e9publique dominicaine, et traversez une for\u00eat jusqu'\u00e0 une ferme biologique locale.<\/p>\n<\/section>\n<\/div>\n<div data-track=\"key-details\" data-v-83a2b402=\"\"><\/div>","protected":false},"featured_media":13116,"template":"","meta":[],"product_brand":[],"product_cat":[97],"product_tag":[101,102],"class_list":{"0":"post-12882","1":"product","2":"type-product","3":"status-publish","4":"has-post-thumbnail","6":"product_cat-dominican-republic","7":"product_tag-excursion","8":"product_tag-tour","10":"first","11":"instock","12":"shipping-taxable","13":"product-type-external"},"_links":{"self":[{"href":"https:\/\/sabanadelamartours.com\/fr\/wp-json\/wp\/v2\/product\/12882","targetHints":{"allow":["GET"]}}],"collection":[{"href":"https:\/\/sabanadelamartours.com\/fr\/wp-json\/wp\/v2\/product"}],"about":[{"href":"https:\/\/sabanadelamartours.com\/fr\/wp-json\/wp\/v2\/types\/product"}],"version-history":[{"count":1,"href":"https:\/\/sabanadelamartours.com\/fr\/wp-json\/wp\/v2\/product\/12882\/revisions"}],"predecessor-version":[{"id":18571,"href":"https:\/\/sabanadelamartours.com\/fr\/wp-json\/wp\/v2\/product\/12882\/revisions\/18571"}],"wp:featuredmedia":[{"embeddable":true,"href":"https:\/\/sabanadelamartours.com\/fr\/wp-json\/wp\/v2\/media\/13116"}],"wp:attachment":[{"href":"https:\/\/sabanadelamartours.com\/fr\/wp-json\/wp\/v2\/media?parent=12882"}],"wp:term":[{"taxonomy":"product_brand","embeddable":true,"href":"https:\/\/sabanadelamartours.com\/fr\/wp-json\/wp\/v2\/product_brand?post=12882"},{"taxonomy":"product_cat","embeddable":true,"href":"https:\/\/sabanadelamartours.com\/fr\/wp-json\/wp\/v2\/product_cat?post=12882"},{"taxonomy":"product_tag","embeddable":true,"href":"https:\/\/sabanadelamartours.com\/fr\/wp-json\/wp\/v2\/product_tag?post=12882"}],"curies":[{"name":"wp","href":"https:\/\/api.w.org\/{rel}","templated":true}]}}