{"id":12931,"date":"2025-12-18T11:11:57","date_gmt":"2025-12-18T11:11:57","guid":{"rendered":"https:\/\/sabanadelamartours.com\/?post_type=product&#038;p=12931"},"modified":"2026-01-06T14:54:15","modified_gmt":"2026-01-06T14:54:15","slug":"-183","status":"publish","type":"product","link":"https:\/\/sabanadelamartours.com\/fr\/tournee\/-183\/","title":{"rendered":"Excursion en buggy dans la baie de Taino et le port d'Amber Cove"},"content":{"rendered":"<p>Vous passerez devant des villages locaux et vous vous rendrez \u00e0 Teco's Beach, une belle plage de Puerto Plata, en R\u00e9publique dominicaine. Vous passerez un moment fantastique \u00e0 bord de votre buggy dans la campagne.<\/p>\n<p>Profitez-en avec votre famille et vos amis, et soyez pr\u00eats \u00e0 vous mouiller et \u00e0 faire de la poussi\u00e8re sur la route lorsque vous quitterez des villages locaux et isol\u00e9s pour d\u00e9couvrir la jungle et les plages.<\/p>\n<p>Rejoignez un petit groupe et montez \u00e0 bord de vos buggys pour une excursion sur des sentiers de terre. Remplissez-vous de boue, traversez des plantations de mangues, des bananiers, des rivi\u00e8res et des plages sur le circuit le plus excitant et le plus s\u00fbr de la c\u00f4te nord.<\/p>","protected":false},"excerpt":{"rendered":"<div data-track=\"overview\" data-v-83a2b402=\"\">\n<section id=\"activity-overview\" class=\"activity-overview\" data-component=\"overview\" data-v-83a2b402=\"\" data-v-f3236c42=\"\">\n<p class=\"activity-overview__content\" data-test-id=\"activity-overview-content\" data-v-f3236c42=\"\">Montez \u00e0 bord de vos buggys dans la campagne de Puerto Plata. C'est une excursion amusante qui plaira \u00e0 toute la famille.<\/p>\n<\/section>\n<\/div>\n<div data-track=\"key-details\" data-v-83a2b402=\"\"><\/div>","protected":false},"featured_media":13168,"template":"","meta":[],"product_brand":[],"product_cat":[97],"product_tag":[],"class_list":{"0":"post-12931","1":"product","2":"type-product","3":"status-publish","4":"has-post-thumbnail","6":"product_cat-dominican-republic","8":"first","9":"instock","10":"shipping-taxable","11":"product-type-external"},"_links":{"self":[{"href":"https:\/\/sabanadelamartours.com\/fr\/wp-json\/wp\/v2\/product\/12931","targetHints":{"allow":["GET"]}}],"collection":[{"href":"https:\/\/sabanadelamartours.com\/fr\/wp-json\/wp\/v2\/product"}],"about":[{"href":"https:\/\/sabanadelamartours.com\/fr\/wp-json\/wp\/v2\/types\/product"}],"version-history":[{"count":1,"href":"https:\/\/sabanadelamartours.com\/fr\/wp-json\/wp\/v2\/product\/12931\/revisions"}],"predecessor-version":[{"id":18572,"href":"https:\/\/sabanadelamartours.com\/fr\/wp-json\/wp\/v2\/product\/12931\/revisions\/18572"}],"wp:featuredmedia":[{"embeddable":true,"href":"https:\/\/sabanadelamartours.com\/fr\/wp-json\/wp\/v2\/media\/13168"}],"wp:attachment":[{"href":"https:\/\/sabanadelamartours.com\/fr\/wp-json\/wp\/v2\/media?parent=12931"}],"wp:term":[{"taxonomy":"product_brand","embeddable":true,"href":"https:\/\/sabanadelamartours.com\/fr\/wp-json\/wp\/v2\/product_brand?post=12931"},{"taxonomy":"product_cat","embeddable":true,"href":"https:\/\/sabanadelamartours.com\/fr\/wp-json\/wp\/v2\/product_cat?post=12931"},{"taxonomy":"product_tag","embeddable":true,"href":"https:\/\/sabanadelamartours.com\/fr\/wp-json\/wp\/v2\/product_tag?post=12931"}],"curies":[{"name":"wp","href":"https:\/\/api.w.org\/{rel}","templated":true}]}}