{"id":13000,"date":"2025-12-18T11:15:10","date_gmt":"2025-12-18T11:15:10","guid":{"rendered":"https:\/\/sabanadelamartours.com\/?post_type=product&#038;p=13000"},"modified":"2026-01-06T14:59:39","modified_gmt":"2026-01-06T14:59:39","slug":"-192","status":"publish","type":"product","link":"https:\/\/sabanadelamartours.com\/fr\/tournee\/-192\/","title":{"rendered":"Au d\u00e9part de Punta Cana : Observation des baleines et visite de Montana Redonda"},"content":{"rendered":"<p>Venez passer une journ\u00e9e \u00e0 la d\u00e9couverte de cet \u00e9norme mammif\u00e8re et de l'incroyable histoire de sa migration dans la baie de Samana. Le d\u00e9part se fera vers 7h30 pour arriver \u00e0 l'embarcad\u00e8re de Miches vers 9h15.<\/p>\n<p>Une fois arriv\u00e9 aux embarcad\u00e8res, le petit d\u00e9jeuner sera servi. L'observation des baleines se fera \u00e0 bord d'un catamaran motoris\u00e9 confortable et durera de 2h00 \u00e0 3h30. Vous reviendrez au port de Miches entre 12h30 et 1h30.<\/p>\n<p>D\u00e9part de Miches pour Montana Redonda (20\/25 minutes de trajet). L'ascension de Montana Redonda se fera en camion Safari (pr\u00e9parez-vous, vous allez en prendre plein les yeux !). Le d\u00e9jeuner est servi \u00e0 flanc de montagne avec une vue panoramique sur la c\u00f4te atlantique. Au menu : porc, poulet, filet de poisson, riz, salades et fruits frais.<\/p>\n<p>Retour aux h\u00f4tels par l'int\u00e9rieur, \u00e0 travers une R\u00e9publique dominicaine naturelle et authentique, loin des circuits touristiques traditionnels. Apr\u00e8s toutes ces belles d\u00e9couvertes, retour \u00e0 votre h\u00f4tel vers 17h30\/18h00.<\/p>","protected":false},"excerpt":{"rendered":"<div data-track=\"overview\" data-v-83a2b402=\"\">\n<section id=\"activity-overview\" class=\"activity-overview\" data-component=\"overview\" data-v-83a2b402=\"\" data-v-f3236c42=\"\">\n<p class=\"activity-overview__content\" data-test-id=\"activity-overview-content\" data-v-f3236c42=\"\">D\u00e9part de Punta Cana et embarquement sur un catamaran pour une croisi\u00e8re d'observation des baleines, puis visite de Montana Redonda en camion safari. D\u00e9jeunez sur la montagne tout en profitant d'une vue panoramique sur la mer.<\/p>\n<\/section>\n<\/div>\n<div data-track=\"key-details\" data-v-83a2b402=\"\"><\/div>","protected":false},"featured_media":13229,"template":"","meta":[],"product_brand":[],"product_cat":[97],"product_tag":[101,102],"class_list":{"0":"post-13000","1":"product","2":"type-product","3":"status-publish","4":"has-post-thumbnail","6":"product_cat-dominican-republic","7":"product_tag-excursion","8":"product_tag-tour","10":"first","11":"instock","12":"shipping-taxable","13":"product-type-external"},"_links":{"self":[{"href":"https:\/\/sabanadelamartours.com\/fr\/wp-json\/wp\/v2\/product\/13000","targetHints":{"allow":["GET"]}}],"collection":[{"href":"https:\/\/sabanadelamartours.com\/fr\/wp-json\/wp\/v2\/product"}],"about":[{"href":"https:\/\/sabanadelamartours.com\/fr\/wp-json\/wp\/v2\/types\/product"}],"version-history":[{"count":1,"href":"https:\/\/sabanadelamartours.com\/fr\/wp-json\/wp\/v2\/product\/13000\/revisions"}],"predecessor-version":[{"id":18576,"href":"https:\/\/sabanadelamartours.com\/fr\/wp-json\/wp\/v2\/product\/13000\/revisions\/18576"}],"wp:featuredmedia":[{"embeddable":true,"href":"https:\/\/sabanadelamartours.com\/fr\/wp-json\/wp\/v2\/media\/13229"}],"wp:attachment":[{"href":"https:\/\/sabanadelamartours.com\/fr\/wp-json\/wp\/v2\/media?parent=13000"}],"wp:term":[{"taxonomy":"product_brand","embeddable":true,"href":"https:\/\/sabanadelamartours.com\/fr\/wp-json\/wp\/v2\/product_brand?post=13000"},{"taxonomy":"product_cat","embeddable":true,"href":"https:\/\/sabanadelamartours.com\/fr\/wp-json\/wp\/v2\/product_cat?post=13000"},{"taxonomy":"product_tag","embeddable":true,"href":"https:\/\/sabanadelamartours.com\/fr\/wp-json\/wp\/v2\/product_tag?post=13000"}],"curies":[{"name":"wp","href":"https:\/\/api.w.org\/{rel}","templated":true}]}}