{"id":13106,"date":"2025-12-18T11:19:34","date_gmt":"2025-12-18T11:19:34","guid":{"rendered":"https:\/\/sabanadelamartours.com\/?post_type=product&#038;p=13106"},"modified":"2026-02-11T04:42:07","modified_gmt":"2026-02-11T04:42:07","slug":"-202","status":"publish","type":"product","link":"https:\/\/sabanadelamartours.com\/fr\/tournee\/-202\/","title":{"rendered":"Aventure \u00e0 Puerto Plata : Visite de la ville + Buggie + Plage"},"content":{"rendered":"<p>D\u00e9couvrez l'essence de Puerto Plata : Visite de la ville et aventure en buggy<\/p>\n<p>Explorer l'histoire et la culture :<\/p>\n<p>Mus\u00e9e de l'ambre : Plongez dans le monde fascinant de l'ambre, admirez les pi\u00e8ces impressionnantes et d\u00e9couvrez son histoire et son importance dans la r\u00e9gion.<\/p>\n<p>Mus\u00e9e du rhum Macorix : D\u00e9couvrez le processus de production du rhum dominicain et go\u00fbtez quelques-unes des meilleures vari\u00e9t\u00e9s locales, pour comprendre pourquoi ce rhum est si appr\u00e9ci\u00e9 dans le monde entier.<\/p>\n<p>Une promenade \u00e0 travers le charme du centre historique :<\/p>\n<p>Centre historique de Puerto Plata : Promenade dans les rues orn\u00e9es d'\u00e9l\u00e9gantes demeures et de b\u00e2timents de style n\u00e9oclassique et victorien, chacun ayant une histoire et un charme uniques.<\/p>\n<p>Visitez les coins les plus pittoresques :<\/p>\n<p>Rue des parasols : Une rue vibrante et color\u00e9e, parfaite pour des photos inoubliables sous les parasols qui d\u00e9corent le ciel.<\/p>\n<p>Paseo de Do\u00f1a Blanca : Un coin serein et charmant, id\u00e9al pour une promenade tranquille.<\/p>\n<p>Paseo Melosa : Pleine de vie et de joie, cette promenade vous contaminera par son \u00e9nergie.<\/p>\n<p>Calle de los Murales et Calle Chichiguas : Admirez la cr\u00e9ativit\u00e9 locale avec les peintures murales color\u00e9es et les chichiguas (cerfs-volants) qui ornent ces rues, offrant une touche artistique et unique.<\/p>\n<p>Visite du Malec\u00f3n :<\/p>\n<p>Malec\u00f3n et Fortaleza de San Felipe : Profitez de la brise marine et des vues spectaculaires en marchant le long du Malec\u00f3n, pour aboutir \u00e0 la Fortaleza de San Felipe, un monument historique charg\u00e9 d'histoires et offrant des vues impressionnantes sur l'oc\u00e9an.<\/p>\n<p>Aventure extr\u00eame en buggy :<\/p>\n<div class=\"toggle-content__content toggle-content__content--expanded toggle-content__content--packable\" data-v-59485d64=\"\">\n<div data-test-id=\"activity-full-description-text\" data-v-5835c99c=\"\">Apr\u00e8s avoir explor\u00e9 la ville, pr\u00e9parez-vous \u00e0 une excursion passionnante dans des buggys partag\u00e9s. Vous ressentirez l'adr\u00e9naline en parcourant des chemins pleins d'aventures, tout en profitant du paysage unique de Puerto Plata. Cette activit\u00e9 vous emm\u00e8nera sur une belle plage o\u00f9 vous pourrez vous d\u00e9tendre, vous baigner dans ses eaux cristallines et profiter de l'environnement naturel.<\/div>\n<\/div>\n<div class=\"toggle-content__label-placeholder\" data-v-59485d64=\"\"><\/div>","protected":false},"excerpt":{"rendered":"<div data-track=\"overview\" data-v-83a2b402=\"\">\n<section id=\"activity-overview\" class=\"activity-overview\" data-component=\"overview\" data-v-83a2b402=\"\" data-v-f3236c42=\"\">\n<p class=\"activity-overview__content\" data-test-id=\"activity-overview-content\" data-v-f3236c42=\"\">Pr\u00e9parez-vous \u00e0 vivre une exp\u00e9rience compl\u00e8te \u00e0 Puerto Plata, alliant la riche histoire de la ville \u00e0 l'excitation d'une aventure extr\u00eame.<\/p>\n<\/section>\n<\/div>\n<div data-track=\"key-details\" data-v-83a2b402=\"\"><\/div>","protected":false},"featured_media":13319,"template":"","meta":[],"product_brand":[],"product_cat":[97],"product_tag":[101,102],"class_list":{"0":"post-13106","1":"product","2":"type-product","3":"status-publish","4":"has-post-thumbnail","6":"product_cat-dominican-republic","7":"product_tag-excursion","8":"product_tag-tour","10":"first","11":"instock","12":"shipping-taxable","13":"product-type-external"},"_links":{"self":[{"href":"https:\/\/sabanadelamartours.com\/fr\/wp-json\/wp\/v2\/product\/13106","targetHints":{"allow":["GET"]}}],"collection":[{"href":"https:\/\/sabanadelamartours.com\/fr\/wp-json\/wp\/v2\/product"}],"about":[{"href":"https:\/\/sabanadelamartours.com\/fr\/wp-json\/wp\/v2\/types\/product"}],"version-history":[{"count":1,"href":"https:\/\/sabanadelamartours.com\/fr\/wp-json\/wp\/v2\/product\/13106\/revisions"}],"predecessor-version":[{"id":18936,"href":"https:\/\/sabanadelamartours.com\/fr\/wp-json\/wp\/v2\/product\/13106\/revisions\/18936"}],"wp:featuredmedia":[{"embeddable":true,"href":"https:\/\/sabanadelamartours.com\/fr\/wp-json\/wp\/v2\/media\/13319"}],"wp:attachment":[{"href":"https:\/\/sabanadelamartours.com\/fr\/wp-json\/wp\/v2\/media?parent=13106"}],"wp:term":[{"taxonomy":"product_brand","embeddable":true,"href":"https:\/\/sabanadelamartours.com\/fr\/wp-json\/wp\/v2\/product_brand?post=13106"},{"taxonomy":"product_cat","embeddable":true,"href":"https:\/\/sabanadelamartours.com\/fr\/wp-json\/wp\/v2\/product_cat?post=13106"},{"taxonomy":"product_tag","embeddable":true,"href":"https:\/\/sabanadelamartours.com\/fr\/wp-json\/wp\/v2\/product_tag?post=13106"}],"curies":[{"name":"wp","href":"https:\/\/api.w.org\/{rel}","templated":true}]}}