{"id":13132,"date":"2025-12-18T11:20:28","date_gmt":"2025-12-18T11:20:28","guid":{"rendered":"https:\/\/sabanadelamartours.com\/?post_type=product&#038;p=13132"},"modified":"2026-01-07T09:55:49","modified_gmt":"2026-01-07T09:55:49","slug":"-205","status":"publish","type":"product","link":"https:\/\/sabanadelamartours.com\/fr\/tournee\/-205\/","title":{"rendered":"Damajagua : 27 chutes d'eau avec entr\u00e9e et d\u00e9jeuner"},"content":{"rendered":"<p>Obtenez vos billets pour une excursion d'une demi-journ\u00e9e dans les 27 chutes d'eau de Damajagua. Billets d'entr\u00e9e, d\u00e9jeuner et excursion inclus pour sauter et nager dans les plus belles chutes d'eau de la R\u00e9publique Dominicaine. Randonn\u00e9e et natation avec \u00e9quipement de s\u00e9curit\u00e9 pour avoir la meilleure exp\u00e9rience possible !<\/p>\n<div class=\"toggle-content__content toggle-content__content--expanded toggle-content__content--packable\" data-v-59485d64=\"\">\n<div data-test-id=\"activity-full-description-text\" data-v-5835c99c=\"\">Apr\u00e8s cette exp\u00e9rience, vous retournerez sur place o\u00f9 vous rencontrerez le guide touristique.<\/div>\n<\/div>\n<div class=\"toggle-content__label-placeholder\" data-v-59485d64=\"\"><\/div>","protected":false},"excerpt":{"rendered":"<div data-track=\"overview\" data-v-83a2b402=\"\">\n<section id=\"activity-overview\" class=\"activity-overview\" data-component=\"overview\" data-v-83a2b402=\"\" data-v-f3236c42=\"\">\n<p class=\"activity-overview__content\" data-test-id=\"activity-overview-content\" data-v-f3236c42=\"\">D\u00e9couvrez les merveilles naturelles cach\u00e9es de Damajagua lors d'une visite guid\u00e9e des 27 chutes d'eau. Faites une randonn\u00e9e dans la r\u00e9gion pour explorer des chutes \u00e9poustouflantes, sautez dans les eaux bleues profondes et d\u00e9gustez un d\u00e9licieux d\u00e9jeuner.<\/p>\n<\/section>\n<\/div>\n<div data-track=\"key-details\" data-v-83a2b402=\"\"><\/div>","protected":false},"featured_media":13356,"template":"","meta":[],"product_brand":[],"product_cat":[97],"product_tag":[101,102],"class_list":{"0":"post-13132","1":"product","2":"type-product","3":"status-publish","4":"has-post-thumbnail","6":"product_cat-dominican-republic","7":"product_tag-excursion","8":"product_tag-tour","10":"first","11":"instock","12":"shipping-taxable","13":"product-type-external"},"_links":{"self":[{"href":"https:\/\/sabanadelamartours.com\/fr\/wp-json\/wp\/v2\/product\/13132","targetHints":{"allow":["GET"]}}],"collection":[{"href":"https:\/\/sabanadelamartours.com\/fr\/wp-json\/wp\/v2\/product"}],"about":[{"href":"https:\/\/sabanadelamartours.com\/fr\/wp-json\/wp\/v2\/types\/product"}],"version-history":[{"count":1,"href":"https:\/\/sabanadelamartours.com\/fr\/wp-json\/wp\/v2\/product\/13132\/revisions"}],"predecessor-version":[{"id":18581,"href":"https:\/\/sabanadelamartours.com\/fr\/wp-json\/wp\/v2\/product\/13132\/revisions\/18581"}],"wp:featuredmedia":[{"embeddable":true,"href":"https:\/\/sabanadelamartours.com\/fr\/wp-json\/wp\/v2\/media\/13356"}],"wp:attachment":[{"href":"https:\/\/sabanadelamartours.com\/fr\/wp-json\/wp\/v2\/media?parent=13132"}],"wp:term":[{"taxonomy":"product_brand","embeddable":true,"href":"https:\/\/sabanadelamartours.com\/fr\/wp-json\/wp\/v2\/product_brand?post=13132"},{"taxonomy":"product_cat","embeddable":true,"href":"https:\/\/sabanadelamartours.com\/fr\/wp-json\/wp\/v2\/product_cat?post=13132"},{"taxonomy":"product_tag","embeddable":true,"href":"https:\/\/sabanadelamartours.com\/fr\/wp-json\/wp\/v2\/product_tag?post=13132"}],"curies":[{"name":"wp","href":"https:\/\/api.w.org\/{rel}","templated":true}]}}