{"id":13216,"date":"2025-12-18T11:24:08","date_gmt":"2025-12-18T11:24:08","guid":{"rendered":"https:\/\/sabanadelamartours.com\/?post_type=product&#038;p=13216"},"modified":"2026-02-11T04:50:20","modified_gmt":"2026-02-11T04:50:20","slug":"-216","status":"publish","type":"product","link":"https:\/\/sabanadelamartours.com\/fr\/tournee\/-216\/","title":{"rendered":"Transferts de l'a\u00e9roport de Saint-Domingue vers\/depuis Punta Cana"},"content":{"rendered":"<p>R\u00e9servez votre transfert priv\u00e9. Choisissez un transfert aller simple de l'a\u00e9roport de Saint-Domingue \u00e0 votre h\u00f4tel \u00e0 Punta Cana, ou vice versa. R\u00e9servez \u00e9galement un transfert aller simple de l'a\u00e9roport vers Macao ou Uvero Alto si vous le souhaitez. Recherchez ensuite un panneau \u00e0 votre nom \u00e0 l'a\u00e9roport.<\/p>\n<div class=\"toggle-content__content toggle-content__content--expanded toggle-content__content--packable\" data-v-59485d64=\"\">\n<div data-test-id=\"activity-full-description-text\" data-v-5835c99c=\"\">Montez dans la voiture et conduisez jusqu'\u00e0 votre h\u00f4tel pour terminer le transfert. Si vous effectuez le transfert depuis votre h\u00f4tel, rencontrez votre chauffeur dans le hall de l'h\u00f4tel, puis montez \u00e0 bord et conduisez jusqu'\u00e0 l'a\u00e9roport. D\u00e9tendez-vous dans la voiture climatis\u00e9e et admirez le paysage. Arrivez \u00e0 l'a\u00e9roport avec suffisamment de temps devant vous.<\/div>\n<\/div>\n<div class=\"toggle-content__label-placeholder\" data-v-59485d64=\"\"><\/div>","protected":false},"excerpt":{"rendered":"<div data-track=\"overview\" data-v-83a2b402=\"\">\n<section id=\"activity-overview\" class=\"activity-overview\" data-component=\"overview\" data-v-83a2b402=\"\" data-v-f3236c42=\"\">\n<p class=\"activity-overview__content\" data-test-id=\"activity-overview-content\" data-v-f3236c42=\"\">R\u00e9servez un transfert priv\u00e9 de l'a\u00e9roport de Saint-Domingue \u00e0 votre h\u00f4tel \u00e0 Punta Cana, ou vice versa. Voyagez dans une voiture confortable et climatis\u00e9e.<\/p>\n<\/section>\n<\/div>\n<div data-track=\"key-details\" data-v-83a2b402=\"\"><\/div>","protected":false},"featured_media":13429,"template":"","meta":[],"product_brand":[],"product_cat":[97],"product_tag":[101,102],"class_list":{"0":"post-13216","1":"product","2":"type-product","3":"status-publish","4":"has-post-thumbnail","6":"product_cat-dominican-republic","7":"product_tag-excursion","8":"product_tag-tour","10":"first","11":"instock","12":"shipping-taxable","13":"product-type-external"},"_links":{"self":[{"href":"https:\/\/sabanadelamartours.com\/fr\/wp-json\/wp\/v2\/product\/13216","targetHints":{"allow":["GET"]}}],"collection":[{"href":"https:\/\/sabanadelamartours.com\/fr\/wp-json\/wp\/v2\/product"}],"about":[{"href":"https:\/\/sabanadelamartours.com\/fr\/wp-json\/wp\/v2\/types\/product"}],"version-history":[{"count":1,"href":"https:\/\/sabanadelamartours.com\/fr\/wp-json\/wp\/v2\/product\/13216\/revisions"}],"predecessor-version":[{"id":18945,"href":"https:\/\/sabanadelamartours.com\/fr\/wp-json\/wp\/v2\/product\/13216\/revisions\/18945"}],"wp:featuredmedia":[{"embeddable":true,"href":"https:\/\/sabanadelamartours.com\/fr\/wp-json\/wp\/v2\/media\/13429"}],"wp:attachment":[{"href":"https:\/\/sabanadelamartours.com\/fr\/wp-json\/wp\/v2\/media?parent=13216"}],"wp:term":[{"taxonomy":"product_brand","embeddable":true,"href":"https:\/\/sabanadelamartours.com\/fr\/wp-json\/wp\/v2\/product_brand?post=13216"},{"taxonomy":"product_cat","embeddable":true,"href":"https:\/\/sabanadelamartours.com\/fr\/wp-json\/wp\/v2\/product_cat?post=13216"},{"taxonomy":"product_tag","embeddable":true,"href":"https:\/\/sabanadelamartours.com\/fr\/wp-json\/wp\/v2\/product_tag?post=13216"}],"curies":[{"name":"wp","href":"https:\/\/api.w.org\/{rel}","templated":true}]}}