{"id":13246,"date":"2025-12-18T11:25:21","date_gmt":"2025-12-18T11:25:21","guid":{"rendered":"https:\/\/sabanadelamartours.com\/?post_type=product&#038;p=13246"},"modified":"2026-01-07T10:38:55","modified_gmt":"2026-01-07T10:38:55","slug":"-220","status":"publish","type":"product","link":"https:\/\/sabanadelamartours.com\/fr\/tournee\/-220\/","title":{"rendered":"Samana : excursion guid\u00e9e d'une journ\u00e9e avec d\u00e9jeuner buffet et observation des baleines"},"content":{"rendered":"<p>Profitez d'un \u00e9v\u00e9nement unique en R\u00e9publique dominicaine : l'observation des baleines \u00e0 bosse, qui visitent nos c\u00f4tes dans la baie de Samana une fois par an, de janvier \u00e0 fin mars, pour s'accoupler et donner naissance \u00e0 leurs baleineaux.<\/p>\n<p>L'exp\u00e9rience commence au d\u00e9part de votre h\u00f4tel et \u00e0 travers la plaine orientale, vers Las Ca\u00f1itas de Miches.<\/p>\n<p>Une fois arriv\u00e9s au quai de Las Ca\u00f1itas, nous embarquons pour nous rendre au sanctuaire des baleines, o\u00f9 nous resterons pendant environ 2 heures et demie.<\/p>\n<p>Apr\u00e8s l'observation, nous nous dirigeons vers Cayo Levantado ou Bacardi Island, o\u00f9 nous d\u00e9jeunons et passons du temps sur la plage (environ 1 heure et 30 minutes).<\/p>\n<p>Apr\u00e8s le d\u00e9jeuner, nous remontons \u00e0 bord du bateau pour nous rendre \u00e0 l'embarcad\u00e8re de Samana o\u00f9 le Safari Truck nous attend pour nous rendre au Ranch, o\u00f9 nous ferons une balade d'environ 30 minutes \u00e0 travers la for\u00eat vierge.<\/p>\n<p>et le long des berges de la rivi\u00e8re jusqu'\u00e0 la cascade El Limon, d'une hauteur de plus de 60 m\u00e8tres, pour profiter d'une baignade rafra\u00eechissante et r\u00e9g\u00e9n\u00e9ratrice.<\/p>","protected":false},"excerpt":{"rendered":"<div data-track=\"overview\" data-v-83a2b402=\"\">\n<section id=\"activity-overview\" class=\"activity-overview\" data-component=\"overview\" data-v-83a2b402=\"\" data-v-f3236c42=\"\">\n<p class=\"activity-overview__content\" data-test-id=\"activity-overview-content\" data-v-f3236c42=\"\">D\u00e9couvrez la province de Samana lors de cette excursion touristique d'une journ\u00e9e avec un guide. Observez les baleines \u00e0 bosse au Sanctuaire des mammif\u00e8res marins de Samana et visitez l'\u00eele de Bacardi et la cascade d'El Limon.<\/p>\n<\/section>\n<\/div>\n<div data-track=\"key-details\" data-v-83a2b402=\"\"><\/div>","protected":false},"featured_media":13462,"template":"","meta":[],"product_brand":[],"product_cat":[97],"product_tag":[101,102],"class_list":{"0":"post-13246","1":"product","2":"type-product","3":"status-publish","4":"has-post-thumbnail","6":"product_cat-dominican-republic","7":"product_tag-excursion","8":"product_tag-tour","10":"first","11":"instock","12":"shipping-taxable","13":"product-type-external"},"_links":{"self":[{"href":"https:\/\/sabanadelamartours.com\/fr\/wp-json\/wp\/v2\/product\/13246","targetHints":{"allow":["GET"]}}],"collection":[{"href":"https:\/\/sabanadelamartours.com\/fr\/wp-json\/wp\/v2\/product"}],"about":[{"href":"https:\/\/sabanadelamartours.com\/fr\/wp-json\/wp\/v2\/types\/product"}],"version-history":[{"count":1,"href":"https:\/\/sabanadelamartours.com\/fr\/wp-json\/wp\/v2\/product\/13246\/revisions"}],"predecessor-version":[{"id":18589,"href":"https:\/\/sabanadelamartours.com\/fr\/wp-json\/wp\/v2\/product\/13246\/revisions\/18589"}],"wp:featuredmedia":[{"embeddable":true,"href":"https:\/\/sabanadelamartours.com\/fr\/wp-json\/wp\/v2\/media\/13462"}],"wp:attachment":[{"href":"https:\/\/sabanadelamartours.com\/fr\/wp-json\/wp\/v2\/media?parent=13246"}],"wp:term":[{"taxonomy":"product_brand","embeddable":true,"href":"https:\/\/sabanadelamartours.com\/fr\/wp-json\/wp\/v2\/product_brand?post=13246"},{"taxonomy":"product_cat","embeddable":true,"href":"https:\/\/sabanadelamartours.com\/fr\/wp-json\/wp\/v2\/product_cat?post=13246"},{"taxonomy":"product_tag","embeddable":true,"href":"https:\/\/sabanadelamartours.com\/fr\/wp-json\/wp\/v2\/product_tag?post=13246"}],"curies":[{"name":"wp","href":"https:\/\/api.w.org\/{rel}","templated":true}]}}