{"id":13400,"date":"2025-12-18T11:31:56","date_gmt":"2025-12-18T11:31:56","guid":{"rendered":"https:\/\/sabanadelamartours.com\/?post_type=product&#038;p=13400"},"modified":"2026-02-11T10:48:14","modified_gmt":"2026-02-11T10:48:14","slug":"-239","status":"publish","type":"product","link":"https:\/\/sabanadelamartours.com\/fr\/tournee\/-239\/","title":{"rendered":"Los Haitises : Tyrolienne, kayak et piscines naturelles"},"content":{"rendered":"<p>Nous prenons l'\u00e9quipement n\u00e9cessaire \u00e0 votre s\u00e9curit\u00e9 (gilets de sauvetage, etc.), des kayaks et traversons les mangroves. Vous verrez des mangroves remplies d'oiseaux, des collines ondulantes \u00e0 la v\u00e9g\u00e9tation luxuriante. Vous traverserez les mangroves et d\u00e9barquerez dans la baie ouverte de San Lorenzo, d'o\u00f9 vous pourrez photographier le paysage forestier accident\u00e9. Le parc national tire son nom de ses premiers habitants, les Indiens Taino. Dans leur langue, \u201cHaitises\u201d signifie \"hautes terres\" ou \"collines\", en r\u00e9f\u00e9rence aux formations g\u00e9ologiques escarp\u00e9es du littoral, compos\u00e9es de calcaire. En kayak, il faut compter 3 heures.<\/p>\n<p>L'excursion se termine au point de d\u00e9part dans les piscines naturelles. C'est l\u00e0 que nous ferons la tyrolienne. En cas de pluie, nous remplacerons la tyrolienne par une randonn\u00e9e dans la for\u00eat tropicale.<\/p>\n<p>Nous recommandons cette excursion t\u00f4t le matin pour voir les lamantins, les crustac\u00e9s et les dauphins.<\/p>","protected":false},"excerpt":{"rendered":"<div data-track=\"overview\" data-v-83a2b402=\"\">\n<section id=\"activity-overview\" class=\"activity-overview\" data-component=\"overview\" data-v-83a2b402=\"\" data-v-f3236c42=\"\">\n<p class=\"activity-overview__content\" data-test-id=\"activity-overview-content\" data-v-f3236c42=\"\">Explorez les mangroves du parc national de Los Haitises en kayak. Voir la nature sauvage originale de la R\u00e9publique dominicaine, en profitant d'une tyrolienne \u00e0 travers la for\u00eat tropicale et les piscines naturelles.<\/p>\n<\/section>\n<\/div>\n<div data-track=\"key-details\" data-v-83a2b402=\"\"><\/div>","protected":false},"featured_media":13625,"template":"","meta":[],"product_brand":[],"product_cat":[97],"product_tag":[101,102],"class_list":{"0":"post-13400","1":"product","2":"type-product","3":"status-publish","4":"has-post-thumbnail","6":"product_cat-dominican-republic","7":"product_tag-excursion","8":"product_tag-tour","10":"first","11":"instock","12":"shipping-taxable","13":"product-type-external"},"_links":{"self":[{"href":"https:\/\/sabanadelamartours.com\/fr\/wp-json\/wp\/v2\/product\/13400","targetHints":{"allow":["GET"]}}],"collection":[{"href":"https:\/\/sabanadelamartours.com\/fr\/wp-json\/wp\/v2\/product"}],"about":[{"href":"https:\/\/sabanadelamartours.com\/fr\/wp-json\/wp\/v2\/types\/product"}],"version-history":[{"count":1,"href":"https:\/\/sabanadelamartours.com\/fr\/wp-json\/wp\/v2\/product\/13400\/revisions"}],"predecessor-version":[{"id":18957,"href":"https:\/\/sabanadelamartours.com\/fr\/wp-json\/wp\/v2\/product\/13400\/revisions\/18957"}],"wp:featuredmedia":[{"embeddable":true,"href":"https:\/\/sabanadelamartours.com\/fr\/wp-json\/wp\/v2\/media\/13625"}],"wp:attachment":[{"href":"https:\/\/sabanadelamartours.com\/fr\/wp-json\/wp\/v2\/media?parent=13400"}],"wp:term":[{"taxonomy":"product_brand","embeddable":true,"href":"https:\/\/sabanadelamartours.com\/fr\/wp-json\/wp\/v2\/product_brand?post=13400"},{"taxonomy":"product_cat","embeddable":true,"href":"https:\/\/sabanadelamartours.com\/fr\/wp-json\/wp\/v2\/product_cat?post=13400"},{"taxonomy":"product_tag","embeddable":true,"href":"https:\/\/sabanadelamartours.com\/fr\/wp-json\/wp\/v2\/product_tag?post=13400"}],"curies":[{"name":"wp","href":"https:\/\/api.w.org\/{rel}","templated":true}]}}