{"id":13409,"date":"2025-12-18T11:32:19","date_gmt":"2025-12-18T11:32:19","guid":{"rendered":"https:\/\/sabanadelamartours.com\/?post_type=product&#038;p=13409"},"modified":"2026-01-07T10:55:22","modified_gmt":"2026-01-07T10:55:22","slug":"-240","status":"publish","type":"product","link":"https:\/\/sabanadelamartours.com\/fr\/tournee\/-240\/","title":{"rendered":"Bayahibe : Excursion en buggy d'une demi-journ\u00e9e \u00e9tonnante"},"content":{"rendered":"<p>Premi\u00e8re \u00e9quipe : 8h00 - 12h00<\/p>\n<p>Prise en charge \u00e0 8h00 : Commencez votre journ\u00e9e par une excursion en buggy \u00e0 Bayahibe, o\u00f9 vous serez pris en charge pour cette exp\u00e9rience unique.<\/p>\n<p>Bateyes and Sugarcane: Explore the bateyes, discover the life of Haitian workers, and make a stop to taste authentic sugarcane and refreshments. Immerse yourself in the culture as you explore this fascinating environment. Chav\u00f3n River: Feel the adrenaline as you venture into the waters of the<\/p>\n<p>Chav\u00f3n River. Enjoy a revitalizing swim and participate in water activities that will connect you even more with nature.<\/p>\n<p>Ranch et d\u00e9gustation : Rendez-vous au ranch pour une pause culturelle et culinaire. D\u00e9gustez une assiette de fruits frais, de caf\u00e9 et de chocolat tout en explorant les plants de caf\u00e9, de cacao et d'autres fruits tropicaux. D\u00e9couvrez la magie de la production locale.<\/p>\n<p>Retour \u00e0 12h00 : Apr\u00e8s une matin\u00e9e de d\u00e9couvertes, nous retournons au point de d\u00e9part \u00e0 12h00.<\/p>\n<p>Deuxi\u00e8me \u00e9quipe : 14h00 - 17h30<\/p>\n<p>Prise en charge \u00e0 14h00 : Pr\u00e9parez-vous \u00e0 un apr\u00e8s-midi d'exploration et d'aventures en buggy.<\/p>\n<p>Bateyes et canne \u00e0 sucre : Revivez l'exp\u00e9rience des bateyes, en approfondissant la vie et la culture des travailleurs ha\u00eftiens.<\/p>\n<p>Chav\u00f3n River: Explore the waters of the Chav\u00f3n River again, immersing yourself in the natural beauty and excitement of water activities. Ranch and Tasting: Return to the ranch for another session of cultural and culinary discovery. Explore the coffee, cacao, and other local delights while tasting new treats.<\/p>\n<p>Retour \u00e0 17h30 : L'excursion se termine au coucher du soleil et le retour s'effectue \u00e0 17h30.<\/p>","protected":false},"excerpt":{"rendered":"<div data-track=\"overview\" data-v-83a2b402=\"\">\n<section id=\"activity-overview\" class=\"activity-overview\" data-component=\"overview\" data-v-83a2b402=\"\" data-v-f3236c42=\"\">\n<p class=\"activity-overview__content\" data-test-id=\"activity-overview-content\" data-v-f3236c42=\"\">Embark on an exciting buggy tour in Bayahibe. Explore bateyes, taste sugarcane, take a dip in the Chav\u00f3n River, and fruit tasting at the ranch. available: 8:00 AM &#8211; 12:00 PM and 2:00 PM &#8211; 5:30 PM.<\/p>\n<\/section>\n<\/div>\n<div data-track=\"key-details\" data-v-83a2b402=\"\"><\/div>","protected":false},"featured_media":13633,"template":"","meta":[],"product_brand":[],"product_cat":[97],"product_tag":[101,102],"class_list":{"0":"post-13409","1":"product","2":"type-product","3":"status-publish","4":"has-post-thumbnail","6":"product_cat-dominican-republic","7":"product_tag-excursion","8":"product_tag-tour","10":"first","11":"instock","12":"shipping-taxable","13":"product-type-external"},"_links":{"self":[{"href":"https:\/\/sabanadelamartours.com\/fr\/wp-json\/wp\/v2\/product\/13409","targetHints":{"allow":["GET"]}}],"collection":[{"href":"https:\/\/sabanadelamartours.com\/fr\/wp-json\/wp\/v2\/product"}],"about":[{"href":"https:\/\/sabanadelamartours.com\/fr\/wp-json\/wp\/v2\/types\/product"}],"version-history":[{"count":1,"href":"https:\/\/sabanadelamartours.com\/fr\/wp-json\/wp\/v2\/product\/13409\/revisions"}],"predecessor-version":[{"id":18598,"href":"https:\/\/sabanadelamartours.com\/fr\/wp-json\/wp\/v2\/product\/13409\/revisions\/18598"}],"wp:featuredmedia":[{"embeddable":true,"href":"https:\/\/sabanadelamartours.com\/fr\/wp-json\/wp\/v2\/media\/13633"}],"wp:attachment":[{"href":"https:\/\/sabanadelamartours.com\/fr\/wp-json\/wp\/v2\/media?parent=13409"}],"wp:term":[{"taxonomy":"product_brand","embeddable":true,"href":"https:\/\/sabanadelamartours.com\/fr\/wp-json\/wp\/v2\/product_brand?post=13409"},{"taxonomy":"product_cat","embeddable":true,"href":"https:\/\/sabanadelamartours.com\/fr\/wp-json\/wp\/v2\/product_cat?post=13409"},{"taxonomy":"product_tag","embeddable":true,"href":"https:\/\/sabanadelamartours.com\/fr\/wp-json\/wp\/v2\/product_tag?post=13409"}],"curies":[{"name":"wp","href":"https:\/\/api.w.org\/{rel}","templated":true}]}}