{"id":13589,"date":"2025-12-18T11:39:13","date_gmt":"2025-12-18T11:39:13","guid":{"rendered":"https:\/\/sabanadelamartours.com\/?post_type=product&#038;p=13589"},"modified":"2026-01-07T11:10:22","modified_gmt":"2026-01-07T11:10:22","slug":"excursion-en-buggy-demi-journee-et-plage-cenote-punta-cana","status":"publish","type":"product","link":"https:\/\/sabanadelamartours.com\/fr\/tournee\/excursion-en-buggy-demi-journee-et-plage-cenote-punta-cana\/","title":{"rendered":"Excursion en buggy demi-journ\u00e9e et cenote de plage :Punta Cana"},"content":{"rendered":"<p>Itin\u00e9raire : Punta Cana Highlights Tour Double Buggy Excursion avec h\u00f4tel<\/p>\n<p>Heure de d\u00e9but : 8h30 10h30 14h30<\/p>\n<p>Prise en charge \u00e0 l'h\u00f4tel : L'excursion commence par la prise en charge \u00e0 votre h\u00f4tel \u00e0 Punta Cana par votre guide.<\/p>\n<p>Transfert au point de d\u00e9part : vous serez transf\u00e9r\u00e9 au point de d\u00e9part de l'excursion en buggy, o\u00f9 vous recevrez une br\u00e8ve orientation sur le maniement s\u00fbr du v\u00e9hicule.<\/p>\n<p>D\u00e9part en buggy : Une fois que vous \u00eates pr\u00eat, vous commencerez votre excursion en buggy \u00e0 travers les paysages \u00e9poustouflants de Punta Cana. Appr\u00e9ciez le plaisir de conduire votre propre buggy en suivant votre guide \u00e0 travers des routes pittoresques et des terrains vari\u00e9s.<\/p>\n<p>Arr\u00eat dans une maison typique : Le premier arr\u00eat se fera dans une authentique maison dominicaine typique. Vous aurez l'occasion de vous immerger dans la culture locale, d'interagir avec les habitants et d'apprendre leur mode de vie et leurs traditions. En outre, vous pourrez d\u00e9guster une collation dominicaine typique.<\/p>\n<p>Poursuite de la visite en buggy : Apr\u00e8s la visite de la maison typique, vous continuerez \u00e0 explorer les routes rurales et les paysages naturels de Punta Cana dans votre buggy.<\/p>\n<p>Visite du c\u00e9note : Le prochain arr\u00eat se fera dans un c\u00e9note cach\u00e9. D\u00e9couvrez la beaut\u00e9 naturelle de ce c\u00e9note tout en vous rafra\u00eechissant en nageant dans ses eaux cristallines. Vous aurez le temps de vous d\u00e9tendre et de profiter de la s\u00e9r\u00e9nit\u00e9 de cet environnement unique.<\/p>\n<p>Route vers la plage de Macao : Apr\u00e8s vous \u00eatre rafra\u00eechis dans le c\u00e9note, vous continuerez votre voyage en buggy jusqu'\u00e0 l'impressionnante plage de Macao.<\/p>\n<p>Temps libre \u00e0 Playa Macao : Vous arriverez \u00e0 Playa Macao, l'une des plus belles plages de la r\u00e9gion. Vous aurez du temps libre pour vous d\u00e9tendre sur le sable blanc, nager dans les eaux turquoise des Cara\u00efbes ou simplement profiter du paysage tropical.<\/p>\n<div class=\"toggle-content__content toggle-content__content--expanded toggle-content__content--packable\" data-v-59485d64=\"\">\n<div data-test-id=\"activity-full-description-text\" data-v-5835c99c=\"\">Retour \u00e0 l'h\u00f4tel : Apr\u00e8s une journ\u00e9e pleine d'aventures et d'exp\u00e9riences uniques, vous serez ramen\u00e9 \u00e0 votre h\u00f4tel.<\/div>\n<\/div>\n<div class=\"toggle-content__label-placeholder\" data-v-59485d64=\"\"><\/div>","protected":false},"excerpt":{"rendered":"<div data-track=\"overview\" data-v-83a2b402=\"\">\n<section id=\"activity-overview\" class=\"activity-overview\" data-component=\"overview\" data-v-83a2b402=\"\" data-v-f3236c42=\"\">\n<p class=\"activity-overview__content\" data-test-id=\"activity-overview-content\" data-v-f3236c42=\"\">Vivez l'exp\u00e9rience du buggy extr\u00eame, avec votre famille et vos amis \u00e0 Punta Cana, ressentez l'adr\u00e9naline.<\/p>\n<\/section>\n<\/div>\n<div data-track=\"key-details\" data-v-83a2b402=\"\"><\/div>","protected":false},"featured_media":13870,"template":"","meta":[],"product_brand":[],"product_cat":[97],"product_tag":[101,102],"class_list":{"0":"post-13589","1":"product","2":"type-product","3":"status-publish","4":"has-post-thumbnail","6":"product_cat-dominican-republic","7":"product_tag-excursion","8":"product_tag-tour","10":"first","11":"instock","12":"shipping-taxable","13":"product-type-external"},"_links":{"self":[{"href":"https:\/\/sabanadelamartours.com\/fr\/wp-json\/wp\/v2\/product\/13589","targetHints":{"allow":["GET"]}}],"collection":[{"href":"https:\/\/sabanadelamartours.com\/fr\/wp-json\/wp\/v2\/product"}],"about":[{"href":"https:\/\/sabanadelamartours.com\/fr\/wp-json\/wp\/v2\/types\/product"}],"version-history":[{"count":1,"href":"https:\/\/sabanadelamartours.com\/fr\/wp-json\/wp\/v2\/product\/13589\/revisions"}],"predecessor-version":[{"id":18607,"href":"https:\/\/sabanadelamartours.com\/fr\/wp-json\/wp\/v2\/product\/13589\/revisions\/18607"}],"wp:featuredmedia":[{"embeddable":true,"href":"https:\/\/sabanadelamartours.com\/fr\/wp-json\/wp\/v2\/media\/13870"}],"wp:attachment":[{"href":"https:\/\/sabanadelamartours.com\/fr\/wp-json\/wp\/v2\/media?parent=13589"}],"wp:term":[{"taxonomy":"product_brand","embeddable":true,"href":"https:\/\/sabanadelamartours.com\/fr\/wp-json\/wp\/v2\/product_brand?post=13589"},{"taxonomy":"product_cat","embeddable":true,"href":"https:\/\/sabanadelamartours.com\/fr\/wp-json\/wp\/v2\/product_cat?post=13589"},{"taxonomy":"product_tag","embeddable":true,"href":"https:\/\/sabanadelamartours.com\/fr\/wp-json\/wp\/v2\/product_tag?post=13589"}],"curies":[{"name":"wp","href":"https:\/\/api.w.org\/{rel}","templated":true}]}}