{"id":13597,"date":"2025-12-18T11:39:40","date_gmt":"2025-12-18T11:39:40","guid":{"rendered":"https:\/\/sabanadelamartours.com\/?post_type=product&#038;p=13597"},"modified":"2026-01-07T11:12:56","modified_gmt":"2026-01-07T11:12:56","slug":"puerto-plata-ocean-world-tickets","status":"publish","type":"product","link":"https:\/\/sabanadelamartours.com\/fr\/tournee\/puerto-plata-ocean-world-tickets\/","title":{"rendered":"Puerto Plata Ocean World Tickets"},"content":{"rendered":"<p>Passez la journ\u00e9e dans le charmant parc d'aventures Ocean World sur la plage de Cofresi, juste \u00e0 l'ext\u00e9rieur de Puerto Plata. Le transport aller-retour est assur\u00e9 depuis les h\u00f4tels voisins et il y aura beaucoup de temps pour se d\u00e9tendre, mais l'un des points forts de l'excursion est la possibilit\u00e9 de jouer avec les lions de mer de Patagonie.<\/p>\n<p>Surnomm\u00e9es les clowns de la mer, ces adorables cr\u00e9atures peuvent \u00eatre observ\u00e9es de pr\u00e8s et personnellement au cours d'une rencontre de 30 minutes. Vous en apprendrez plus sur leurs habitudes et leur habitat au cours d'une conf\u00e9rence avant la baignade.<\/p>\n<p>Vous pourrez ensuite les toucher, les nourrir, les caresser et jouer avec eux, assis sur le bord du bassin d'interaction. Observez avec stup\u00e9faction les cascades hilarantes qu'ils ex\u00e9cutent.<\/p>\n<p>Ocean World est le complexe de loisirs le plus complet de son genre en R\u00e9publique dominicaine et poss\u00e8de le plus grand lagon de dauphins artificiel du monde.<\/p>\n<p>En vous promenant dans le complexe, vous d\u00e9couvrirez un monde riche en vie marine et animale, et vous appr\u00e9cierez l'accent mis sur l'interaction entre l'homme et l'animal.<\/p>\n<p>Faites de la plong\u00e9e avec masque et tuba dans l'aquarium tropical, qui regorge de poissons color\u00e9s. Admirez les puffers, les poissons anges et les poissons papillons, tandis que les grunts et les lookdowns nagent devant vous.<\/p>\n<p>Vous pouvez ensuite vous rendre dans la for\u00eat tropicale, une oasis exotique avec des cascades, des lagons et des plages de sable. Votre entr\u00e9e au complexe Ocean World comprend l'acc\u00e8s au spectacle des dauphins, au spectacle des requins et au spectacle des oiseaux tropicaux.<\/p>\n<p>Lorsque vous serez pr\u00eat \u00e0 vous reposer, vous aurez acc\u00e8s \u00e0 la plage des dauphins o\u00f9 vous disposerez de chaises longues confortables. Le d\u00e9jeuner est inclus.<\/p>\n<div class=\"toggle-content__content toggle-content__content--expanded toggle-content__content--packable\" data-v-59485d64=\"\">\n<div data-test-id=\"activity-full-description-text\" data-v-5835c99c=\"\">La visite est amusante pour toute la famille et, apr\u00e8s une journ\u00e9e pass\u00e9e \u00e0 rire et \u00e0 jouer avec certaines des cr\u00e9atures les plus charmantes de la plan\u00e8te, vous \u00eates certain de repartir le sourire aux l\u00e8vres.<\/div>\n<\/div>\n<div class=\"toggle-content__label-placeholder\" data-v-59485d64=\"\"><\/div>","protected":false},"excerpt":{"rendered":"<div data-track=\"overview\" data-v-83a2b402=\"\">\n<section id=\"activity-overview\" class=\"activity-overview\" data-component=\"overview\" data-v-83a2b402=\"\" data-v-f3236c42=\"\">\n<p class=\"activity-overview__content\" data-test-id=\"activity-overview-content\" data-v-f3236c42=\"\">Vous disposerez d'une journ\u00e9e compl\u00e8te pour explorer les nombreux plaisirs et les cr\u00e9atures enchanteresses du complexe, ainsi que du temps n\u00e9cessaire pour vous d\u00e9tendre sur la plage.<\/p>\n<\/section>\n<\/div>\n<div data-track=\"key-details\" data-v-83a2b402=\"\"><\/div>","protected":false},"featured_media":13892,"template":"","meta":[],"product_brand":[],"product_cat":[97],"product_tag":[101,102],"class_list":{"0":"post-13597","1":"product","2":"type-product","3":"status-publish","4":"has-post-thumbnail","6":"product_cat-dominican-republic","7":"product_tag-excursion","8":"product_tag-tour","10":"first","11":"instock","12":"shipping-taxable","13":"product-type-external"},"_links":{"self":[{"href":"https:\/\/sabanadelamartours.com\/fr\/wp-json\/wp\/v2\/product\/13597","targetHints":{"allow":["GET"]}}],"collection":[{"href":"https:\/\/sabanadelamartours.com\/fr\/wp-json\/wp\/v2\/product"}],"about":[{"href":"https:\/\/sabanadelamartours.com\/fr\/wp-json\/wp\/v2\/types\/product"}],"version-history":[{"count":1,"href":"https:\/\/sabanadelamartours.com\/fr\/wp-json\/wp\/v2\/product\/13597\/revisions"}],"predecessor-version":[{"id":18608,"href":"https:\/\/sabanadelamartours.com\/fr\/wp-json\/wp\/v2\/product\/13597\/revisions\/18608"}],"wp:featuredmedia":[{"embeddable":true,"href":"https:\/\/sabanadelamartours.com\/fr\/wp-json\/wp\/v2\/media\/13892"}],"wp:attachment":[{"href":"https:\/\/sabanadelamartours.com\/fr\/wp-json\/wp\/v2\/media?parent=13597"}],"wp:term":[{"taxonomy":"product_brand","embeddable":true,"href":"https:\/\/sabanadelamartours.com\/fr\/wp-json\/wp\/v2\/product_brand?post=13597"},{"taxonomy":"product_cat","embeddable":true,"href":"https:\/\/sabanadelamartours.com\/fr\/wp-json\/wp\/v2\/product_cat?post=13597"},{"taxonomy":"product_tag","embeddable":true,"href":"https:\/\/sabanadelamartours.com\/fr\/wp-json\/wp\/v2\/product_tag?post=13597"}],"curies":[{"name":"wp","href":"https:\/\/api.w.org\/{rel}","templated":true}]}}